{"id":87203,"date":"2021-02-21T20:53:37","date_gmt":"2021-02-21T20:53:37","guid":{"rendered":"https:\/\/www.autonvaraosahaku.fi\/?product=autofren-seinsa-d4598-jarrusatula-korjaussarja"},"modified":"2021-02-21T20:53:42","modified_gmt":"2021-02-21T20:53:42","slug":"autofren-seinsa-d4598-jarrusatula-korjaussarja","status":"publish","type":"product","link":"https:\/\/www.autonvaraosahaku.fi\/?product=autofren-seinsa-d4598-jarrusatula-korjaussarja","title":{"rendered":"AUTOFREN SEINSA D4598 Jarrusatula korjaussarja"},"content":{"rendered":"<p>L\u00e4pimitta [mm]: 48; Jarruj\u00e4rjestelm\u00e4: ATE; Asennuspuoli: Hinterachse; VW: LUPO 6X1, 6E1; AUDI: A2 8Z0; JEEP: GRAND CHEROKEE III WH, WK,GRAND CHEROKEE II WJ, WG,GRAND CHEROKEE IV WK, WK2,GRAND CHEROKEE I ZJ,CHEROKEE XJ; OPEL: ASTRA G CC F48_, F08_,ASTRA G Caravan F35_,ASTRA G Stufenheck F69_; MINI: MINI R56,MINI R50, R53,MINI Cabriolet R52; FORD: FIESTA IV JA_, JB_,KA RB_,FIESTA Kasten J5_, J3_,FIESTA Kasten JV_,KA Van RB,COURIER Pick-up J3 J5; DACIA: SANDERO II,LOGAN MCV II,LOGAN II; SMART: FORTWO Coupe 453,FORFOUR Schr\u00e4gheck 453,FORTWO Cabriolet 453; RENAULT: CLIO IV,LOGAN I Kombi KS_,TWINGO III,THALIA II LU1\/2_,CLIO IV Kasten,SANDERO\/STEPWAY II,LOGAN II Kombi,LOGAN II,THALIA III; 1605955, 410014752R, 410116639R; Korjaussarja, Jarrusatula<\/p>\n","protected":false},"excerpt":{"rendered":"<p>AUTOFREN SEINSA Jarrusatula Korjaussarja D4598 Korjaussarja, Jarrusatula VW,AUDI,JEEP,LUPO 6X1, 6E1,A2 8Z0,GRAND CHEROKEE III WH, WK<\/p>\n","protected":false},"featured_media":0,"template":"","meta":{"site-sidebar-layout":"default","site-content-layout":"default","ast-global-header-display":"","ast-main-header-display":"","ast-hfb-above-header-display":"","ast-hfb-below-header-display":"","ast-hfb-mobile-header-display":"","site-post-title":"","ast-breadcrumbs-content":"","ast-featured-img":"","footer-sml-layout":"","theme-transparent-header-meta":"","adv-header-id-meta":"","stick-header-meta":"","header-above-stick-meta":"","header-main-stick-meta":"","header-below-stick-meta":""},"pwb-brand":[243],"product_cat":[57],"product_tag":[],"class_list":{"0":"post-87203","1":"product","2":"type-product","3":"status-publish","5":"pwb-brand-autofren-seinsa","6":"product_cat-jarrusatula-korjaussarja","7":"desktop-align-left","8":"tablet-align-left","9":"mobile-align-left","11":"first","12":"instock","13":"product-type-external"},"brands":[{"id":243,"name":"AUTOFREN SEINSA","slug":"autofren-seinsa"}],"_links":{"self":[{"href":"https:\/\/www.autonvaraosahaku.fi\/index.php?rest_route=\/wp\/v2\/product\/87203","targetHints":{"allow":["GET"]}}],"collection":[{"href":"https:\/\/www.autonvaraosahaku.fi\/index.php?rest_route=\/wp\/v2\/product"}],"about":[{"href":"https:\/\/www.autonvaraosahaku.fi\/index.php?rest_route=\/wp\/v2\/types\/product"}],"wp:attachment":[{"href":"https:\/\/www.autonvaraosahaku.fi\/index.php?rest_route=%2Fwp%2Fv2%2Fmedia&parent=87203"}],"wp:term":[{"taxonomy":"pwb-brand","embeddable":true,"href":"https:\/\/www.autonvaraosahaku.fi\/index.php?rest_route=%2Fwp%2Fv2%2Fpwb-brand&post=87203"},{"taxonomy":"product_cat","embeddable":true,"href":"https:\/\/www.autonvaraosahaku.fi\/index.php?rest_route=%2Fwp%2Fv2%2Fproduct_cat&post=87203"},{"taxonomy":"product_tag","embeddable":true,"href":"https:\/\/www.autonvaraosahaku.fi\/index.php?rest_route=%2Fwp%2Fv2%2Fproduct_tag&post=87203"}],"curies":[{"name":"wp","href":"https:\/\/api.w.org\/{rel}","templated":true}]}}