{"id":87209,"date":"2021-02-21T20:53:37","date_gmt":"2021-02-21T20:53:37","guid":{"rendered":"https:\/\/www.autonvaraosahaku.fi\/?product=ridex-82b0193-jarrulevyt"},"modified":"2021-02-21T20:53:44","modified_gmt":"2021-02-21T20:53:44","slug":"ridex-82b0193-jarrulevyt","status":"publish","type":"product","link":"https:\/\/www.autonvaraosahaku.fi\/?product=ridex-82b0193-jarrulevyt","title":{"rendered":"RIDEX 82B0193 Jarrulevyt"},"content":{"rendered":"<p>Jarrulevytyyppi: Tuuletettu, sis\u00e4; Ulkol\u00e4pimitta [mm]: 312; Jarrulevyn paksuus (mm): 25,0; V\u00e4himm\u00e4ispaksuus (mm): 23,0; Korkeus (mm): 34,0; Reik\u00e4kuvio\/-m\u00e4\u00e4r\u00e4: 05\/10; Reik\u00e4ympyr\u00e4-\u00d8 [mm]: 100,0; keskitt\u00e4misl\u00e4pimitta [mm]: 65,0; Paino [kg]: 8,0; Korvaava tuote\/korvaava tiedote 2: Ilman py\u00f6r\u00e4nnapaa, Ilman py\u00f6r\u00e4nkiinnityspultteja; Sis\u00e4l\u00e4pimitta [mm]: 135; Reik\u00e4-\u00d8 [mm]: 16; Asennuspuoli: Etuakseli, Vorderachse; VW: GOLF IV 1J1,POLO 9N_,GOLF IV Variant 1J5,BORA 1J2,NEW BEETLE 9C1, 1C1,BORA Kombi 1J6,JETTA III 1K2,POLO Stufenheck 9A4,POLO Stufenheck 9N4; AUDI: A3 8L1,TT 8N3,TT Roadster 8N9; SKODA: OCTAVIA Combi 1U5,OCTAVIA 1U2; SEAT: IBIZA IV 6L1,IBIZA V 6J5, 6P5,LEON 1M1,IBIZA V ST 6J8, 6P8,TOLEDO II 1M2,IBIZA V SPORTCOUPE 6J1, 6P1; 8L0615301, 8N0615301A, JZW615301G, 8L0615301, 8N0615301A, JZW615301G, 8L0615301, 8N0615301A, JZW615301G, 8L0615301, 8N0615301A, JZW615301G; Jarrulevy<\/p>\n","protected":false},"excerpt":{"rendered":"<p>RIDEX Jarrulevyt 82B0193 Jarrulevy VW,AUDI,SKODA,GOLF IV 1J1,POLO 9N_,GOLF IV Variant 1J5,BORA 1J2,NEW BEETLE 9C1, 1C1,BORA Kombi 1J6,JETTA III 1K2<\/p>\n","protected":false},"featured_media":0,"template":"","meta":{"site-sidebar-layout":"default","site-content-layout":"default","ast-global-header-display":"","ast-main-header-display":"","ast-hfb-above-header-display":"","ast-hfb-below-header-display":"","ast-hfb-mobile-header-display":"","site-post-title":"","ast-breadcrumbs-content":"","ast-featured-img":"","footer-sml-layout":"","theme-transparent-header-meta":"","adv-header-id-meta":"","stick-header-meta":"","header-above-stick-meta":"","header-main-stick-meta":"","header-below-stick-meta":""},"pwb-brand":[157],"product_cat":[66],"product_tag":[],"class_list":{"0":"post-87209","1":"product","2":"type-product","3":"status-publish","5":"pwb-brand-ridex","6":"product_cat-jarrulevyt","7":"desktop-align-left","8":"tablet-align-left","9":"mobile-align-left","11":"first","12":"instock","13":"product-type-external"},"brands":[{"id":157,"name":"RIDEX","slug":"ridex"}],"_links":{"self":[{"href":"https:\/\/www.autonvaraosahaku.fi\/index.php?rest_route=\/wp\/v2\/product\/87209","targetHints":{"allow":["GET"]}}],"collection":[{"href":"https:\/\/www.autonvaraosahaku.fi\/index.php?rest_route=\/wp\/v2\/product"}],"about":[{"href":"https:\/\/www.autonvaraosahaku.fi\/index.php?rest_route=\/wp\/v2\/types\/product"}],"wp:attachment":[{"href":"https:\/\/www.autonvaraosahaku.fi\/index.php?rest_route=%2Fwp%2Fv2%2Fmedia&parent=87209"}],"wp:term":[{"taxonomy":"pwb-brand","embeddable":true,"href":"https:\/\/www.autonvaraosahaku.fi\/index.php?rest_route=%2Fwp%2Fv2%2Fpwb-brand&post=87209"},{"taxonomy":"product_cat","embeddable":true,"href":"https:\/\/www.autonvaraosahaku.fi\/index.php?rest_route=%2Fwp%2Fv2%2Fproduct_cat&post=87209"},{"taxonomy":"product_tag","embeddable":true,"href":"https:\/\/www.autonvaraosahaku.fi\/index.php?rest_route=%2Fwp%2Fv2%2Fproduct_tag&post=87209"}],"curies":[{"name":"wp","href":"https:\/\/api.w.org\/{rel}","templated":true}]}}