{"id":87220,"date":"2021-02-21T20:53:46","date_gmt":"2021-02-21T20:53:46","guid":{"rendered":"https:\/\/www.autonvaraosahaku.fi\/?product=monroe-l38509-alapallonivel"},"modified":"2021-02-21T20:53:50","modified_gmt":"2021-02-21T20:53:50","slug":"monroe-l38509-alapallonivel","status":"publish","type":"product","link":"https:\/\/www.autonvaraosahaku.fi\/?product=monroe-l38509-alapallonivel","title":{"rendered":"MONROE L38509 Alapallonivel"},"content":{"rendered":"<p>Paino [kg]: 0,520; Tarvittava kappalem\u00e4\u00e4r\u00e4: 2; Pakkauspituus [cm]: 13,5; Pakkausleveys [cm]: 9,5; Pakkauskorkeus [mm]: 7; Asennuspuoli: Vorderachse; CITRO\u00cbN: C3 I FC_,C3 Picasso,C3 Pluriel HB_,C3 III SX; PEUGEOT: 207 WA_, WC_,207 CC WD_,207 SW WK_,207 Stufenheck,207 Van; 364056, 364059, 364061, 364062, 364065, 364066, 364078, 364062, 364078, 364056, 364059, 364061, 364062, 364065, 364066, 364078; Pallonivel<\/p>\n","protected":false},"excerpt":{"rendered":"<p>MONROE Alapallonivel L38509 Pallonivel CITRO\u00cbN,PEUGEOT,C3 I FC_,C3 Picasso,C3 Pluriel HB_,C3 III SX,207 WA_, WC_,207 CC WD_,207 SW WK_,207 Stufenheck<\/p>\n","protected":false},"featured_media":0,"template":"","meta":{"site-sidebar-layout":"default","site-content-layout":"default","ast-global-header-display":"","ast-main-header-display":"","ast-hfb-above-header-display":"","ast-hfb-below-header-display":"","ast-hfb-mobile-header-display":"","site-post-title":"","ast-breadcrumbs-content":"","ast-featured-img":"","footer-sml-layout":"","theme-transparent-header-meta":"","adv-header-id-meta":"","stick-header-meta":"","header-above-stick-meta":"","header-main-stick-meta":"","header-below-stick-meta":""},"pwb-brand":[79],"product_cat":[93],"product_tag":[],"class_list":{"0":"post-87220","1":"product","2":"type-product","3":"status-publish","5":"pwb-brand-monroe","6":"product_cat-alapallonivel","7":"desktop-align-left","8":"tablet-align-left","9":"mobile-align-left","11":"first","12":"instock","13":"product-type-external"},"brands":[{"id":79,"name":"MONROE","slug":"monroe"}],"_links":{"self":[{"href":"https:\/\/www.autonvaraosahaku.fi\/index.php?rest_route=\/wp\/v2\/product\/87220","targetHints":{"allow":["GET"]}}],"collection":[{"href":"https:\/\/www.autonvaraosahaku.fi\/index.php?rest_route=\/wp\/v2\/product"}],"about":[{"href":"https:\/\/www.autonvaraosahaku.fi\/index.php?rest_route=\/wp\/v2\/types\/product"}],"wp:attachment":[{"href":"https:\/\/www.autonvaraosahaku.fi\/index.php?rest_route=%2Fwp%2Fv2%2Fmedia&parent=87220"}],"wp:term":[{"taxonomy":"pwb-brand","embeddable":true,"href":"https:\/\/www.autonvaraosahaku.fi\/index.php?rest_route=%2Fwp%2Fv2%2Fpwb-brand&post=87220"},{"taxonomy":"product_cat","embeddable":true,"href":"https:\/\/www.autonvaraosahaku.fi\/index.php?rest_route=%2Fwp%2Fv2%2Fproduct_cat&post=87220"},{"taxonomy":"product_tag","embeddable":true,"href":"https:\/\/www.autonvaraosahaku.fi\/index.php?rest_route=%2Fwp%2Fv2%2Fproduct_tag&post=87220"}],"curies":[{"name":"wp","href":"https:\/\/api.w.org\/{rel}","templated":true}]}}