{"id":87224,"date":"2021-02-21T20:53:46","date_gmt":"2021-02-21T20:53:46","guid":{"rendered":"https:\/\/www.autonvaraosahaku.fi\/?product=monroe-l2558-hammastangon-suojakumi"},"modified":"2021-02-21T20:53:51","modified_gmt":"2021-02-21T20:53:51","slug":"monroe-l2558-hammastangon-suojakumi","status":"publish","type":"product","link":"https:\/\/www.autonvaraosahaku.fi\/?product=monroe-l2558-hammastangon-suojakumi","title":{"rendered":"MONROE L2558 Hammastangon suojakumi"},"content":{"rendered":"<p>Korkeus (mm): 158; Paino [kg]: 0,160; Tarvittava kappalem\u00e4\u00e4r\u00e4: 2; Varusteet: Autoihin ilman ohjaustehostinta; Sis\u00e4l\u00e4pimitta 1 [mm]: 10; Sis\u00e4l\u00e4pimitta 2 [mm]: 30; Pakkauspituus [cm]: 21,5; Pakkausleveys [cm]: 8; Pakkauskorkeus [mm]: 8; Asennuspuoli: Vorderachse beidseitig; RENAULT: TWINGO I C06_,CLIO I B\/C57_, 5\/357_,TWINGO I Kasten S06_,19 II B\/C53_,19 II Cabriolet D53_, 853_,SUPER 5 B\/C40_,19 I B\/C53_,19 II Chamade L53_,11 B\/C37_,21 Stufenheck L48_,25 B29_,19 I Chamade L53_,CLIO I Kasten S57_,19 I Cabriolet D53_,11 Kasten S37_,21 Kombi K48_,21 B48_,19 II Kasten S53_,19 I Kasten S53_,21 Kasten S48_,SUPER 5 Kasten S40_; 7700653459, 7700678649, 7700781097, 7700791097, 7700819415, 7701469497<\/p>\n","protected":false},"excerpt":{"rendered":"<p>MONROE Paljekumisarja, Ohjaus L2558  RENAULT,TWINGO I C06_,CLIO I B\/C57_, 5\/357_,TWINGO I Kasten S06_,19 II B\/C53_,19 II Cabriolet D53_, 853_<\/p>\n","protected":false},"featured_media":0,"template":"","meta":{"site-sidebar-layout":"default","site-content-layout":"default","ast-global-header-display":"","ast-main-header-display":"","ast-hfb-above-header-display":"","ast-hfb-below-header-display":"","ast-hfb-mobile-header-display":"","site-post-title":"","ast-breadcrumbs-content":"","ast-featured-img":"","footer-sml-layout":"","theme-transparent-header-meta":"","adv-header-id-meta":"","stick-header-meta":"","header-above-stick-meta":"","header-main-stick-meta":"","header-below-stick-meta":""},"pwb-brand":[79],"product_cat":[81],"product_tag":[],"class_list":{"0":"post-87224","1":"product","2":"type-product","3":"status-publish","5":"pwb-brand-monroe","6":"product_cat-hammastangon-suojakumi","7":"desktop-align-left","8":"tablet-align-left","9":"mobile-align-left","11":"first","12":"instock","13":"product-type-external"},"brands":[{"id":79,"name":"MONROE","slug":"monroe"}],"_links":{"self":[{"href":"https:\/\/www.autonvaraosahaku.fi\/index.php?rest_route=\/wp\/v2\/product\/87224","targetHints":{"allow":["GET"]}}],"collection":[{"href":"https:\/\/www.autonvaraosahaku.fi\/index.php?rest_route=\/wp\/v2\/product"}],"about":[{"href":"https:\/\/www.autonvaraosahaku.fi\/index.php?rest_route=\/wp\/v2\/types\/product"}],"wp:attachment":[{"href":"https:\/\/www.autonvaraosahaku.fi\/index.php?rest_route=%2Fwp%2Fv2%2Fmedia&parent=87224"}],"wp:term":[{"taxonomy":"pwb-brand","embeddable":true,"href":"https:\/\/www.autonvaraosahaku.fi\/index.php?rest_route=%2Fwp%2Fv2%2Fpwb-brand&post=87224"},{"taxonomy":"product_cat","embeddable":true,"href":"https:\/\/www.autonvaraosahaku.fi\/index.php?rest_route=%2Fwp%2Fv2%2Fproduct_cat&post=87224"},{"taxonomy":"product_tag","embeddable":true,"href":"https:\/\/www.autonvaraosahaku.fi\/index.php?rest_route=%2Fwp%2Fv2%2Fproduct_tag&post=87224"}],"curies":[{"name":"wp","href":"https:\/\/api.w.org\/{rel}","templated":true}]}}