{"id":87226,"date":"2021-02-21T20:53:46","date_gmt":"2021-02-21T20:53:46","guid":{"rendered":"https:\/\/www.autonvaraosahaku.fi\/?product=monroe-l24121-raidetangon-paa"},"modified":"2021-02-21T20:53:51","modified_gmt":"2021-02-21T20:53:51","slug":"monroe-l24121-raidetangon-paa","status":"publish","type":"product","link":"https:\/\/www.autonvaraosahaku.fi\/?product=monroe-l24121-raidetangon-paa","title":{"rendered":"MONROE L24121 Raidetangon p\u00e4\u00e4"},"content":{"rendered":"<p>Valmistaja rajaus: TRW; Paino [kg]: 0,600; Tarvittava kappalem\u00e4\u00e4r\u00e4: 1; Sis\u00e4kierre (mm): 14&#215;1,5; Kierremalli: Oikealla kierteell\u00e4; Pakkauspituus [cm]: 21,5; Pakkausleveys [cm]: 8; Pakkauskorkeus [mm]: 8; Asennuspuoli: Vorderachse rechts; OPEL: ZAFIRA B A05,ASTRA H Caravan L35,ASTRA H L48,ASTRA H GTC L08,MERIVA B,ASTRA H TwinTop L67,ZAFIRA B Van,ASTRA H Stufenheck L69,ASTRA H Kasten L70,ASTRA CLASSIC Caravan,ASTRA CLASSIC L48,ASTRA CLASSIC Stufenheck; VAUXHALL: ZAFIRA Mk II B M75,ASTRA Mk V H CC,ASTRA Mk V H Estate,ASTRA Mk V H Convertible,MERIVA Mk II B,ASTRAVAN Mk V H; 1603257, 1603267, 1603288, 1609012, 93179558, 93181233, 93186332, 93196779, 93179558, 93181233, 93186332, 93196779<\/p>\n","protected":false},"excerpt":{"rendered":"<p>MONROE Raidetangon P\u00e4\u00e4 L24121  OPEL,VAUXHALL,ZAFIRA B A05,ASTRA H Caravan L35,ASTRA H L48,ASTRA H GTC L08,MERIVA B,ASTRA H TwinTop L67,ZAFIRA B Van<\/p>\n","protected":false},"featured_media":0,"template":"","meta":{"site-sidebar-layout":"default","site-content-layout":"default","ast-global-header-display":"","ast-main-header-display":"","ast-hfb-above-header-display":"","ast-hfb-below-header-display":"","ast-hfb-mobile-header-display":"","site-post-title":"","ast-breadcrumbs-content":"","ast-featured-img":"","footer-sml-layout":"","theme-transparent-header-meta":"","adv-header-id-meta":"","stick-header-meta":"","header-above-stick-meta":"","header-main-stick-meta":"","header-below-stick-meta":""},"pwb-brand":[79],"product_cat":[96],"product_tag":[],"class_list":{"0":"post-87226","1":"product","2":"type-product","3":"status-publish","5":"pwb-brand-monroe","6":"product_cat-raidetangon-paa","7":"desktop-align-left","8":"tablet-align-left","9":"mobile-align-left","11":"first","12":"instock","13":"product-type-external"},"brands":[{"id":79,"name":"MONROE","slug":"monroe"}],"_links":{"self":[{"href":"https:\/\/www.autonvaraosahaku.fi\/index.php?rest_route=\/wp\/v2\/product\/87226","targetHints":{"allow":["GET"]}}],"collection":[{"href":"https:\/\/www.autonvaraosahaku.fi\/index.php?rest_route=\/wp\/v2\/product"}],"about":[{"href":"https:\/\/www.autonvaraosahaku.fi\/index.php?rest_route=\/wp\/v2\/types\/product"}],"wp:attachment":[{"href":"https:\/\/www.autonvaraosahaku.fi\/index.php?rest_route=%2Fwp%2Fv2%2Fmedia&parent=87226"}],"wp:term":[{"taxonomy":"pwb-brand","embeddable":true,"href":"https:\/\/www.autonvaraosahaku.fi\/index.php?rest_route=%2Fwp%2Fv2%2Fpwb-brand&post=87226"},{"taxonomy":"product_cat","embeddable":true,"href":"https:\/\/www.autonvaraosahaku.fi\/index.php?rest_route=%2Fwp%2Fv2%2Fproduct_cat&post=87226"},{"taxonomy":"product_tag","embeddable":true,"href":"https:\/\/www.autonvaraosahaku.fi\/index.php?rest_route=%2Fwp%2Fv2%2Fproduct_tag&post=87226"}],"curies":[{"name":"wp","href":"https:\/\/api.w.org\/{rel}","templated":true}]}}