{"id":87228,"date":"2021-02-21T20:53:46","date_gmt":"2021-02-21T20:53:46","guid":{"rendered":"https:\/\/www.autonvaraosahaku.fi\/?product=monroe-l23127-raidetangon-paa"},"modified":"2021-02-21T20:53:52","modified_gmt":"2021-02-21T20:53:52","slug":"monroe-l23127-raidetangon-paa","status":"publish","type":"product","link":"https:\/\/www.autonvaraosahaku.fi\/?product=monroe-l23127-raidetangon-paa","title":{"rendered":"MONROE L23127 Raidetangon p\u00e4\u00e4"},"content":{"rendered":"<p>Paino [kg]: 0,300; Tarvittava kappalem\u00e4\u00e4r\u00e4: 2; Sis\u00e4kierre (mm): 14&#215;1,5; Kierremalli: Oikealla kierteell\u00e4; Pakkauspituus [cm]: 14,5; Pakkausleveys [cm]: 9,5; Pakkauskorkeus [mm]: 5; Asennuspuoli: Vorderachse beidseitig; SMART: CITY-COUPE 450,CABRIO 450,FORTWO Coupe 450,ROADSTER 452,FORTWO Cabrio 450,ROADSTER Coupe 452,CROSSBLADE 450; 0004887V006000000<\/p>\n","protected":false},"excerpt":{"rendered":"<p>MONROE Raidetangon P\u00e4\u00e4 L23127  SMART,CITY-COUPE 450,CABRIO 450,FORTWO Coupe 450,ROADSTER 452,FORTWO Cabrio 450,ROADSTER Coupe 452,CROSSBLADE 450<\/p>\n","protected":false},"featured_media":0,"template":"","meta":{"site-sidebar-layout":"default","site-content-layout":"default","ast-global-header-display":"","ast-main-header-display":"","ast-hfb-above-header-display":"","ast-hfb-below-header-display":"","ast-hfb-mobile-header-display":"","site-post-title":"","ast-breadcrumbs-content":"","ast-featured-img":"","footer-sml-layout":"","theme-transparent-header-meta":"","adv-header-id-meta":"","stick-header-meta":"","header-above-stick-meta":"","header-main-stick-meta":"","header-below-stick-meta":""},"pwb-brand":[79],"product_cat":[96],"product_tag":[],"class_list":{"0":"post-87228","1":"product","2":"type-product","3":"status-publish","5":"pwb-brand-monroe","6":"product_cat-raidetangon-paa","7":"desktop-align-left","8":"tablet-align-left","9":"mobile-align-left","11":"first","12":"instock","13":"product-type-external"},"brands":[{"id":79,"name":"MONROE","slug":"monroe"}],"_links":{"self":[{"href":"https:\/\/www.autonvaraosahaku.fi\/index.php?rest_route=\/wp\/v2\/product\/87228","targetHints":{"allow":["GET"]}}],"collection":[{"href":"https:\/\/www.autonvaraosahaku.fi\/index.php?rest_route=\/wp\/v2\/product"}],"about":[{"href":"https:\/\/www.autonvaraosahaku.fi\/index.php?rest_route=\/wp\/v2\/types\/product"}],"wp:attachment":[{"href":"https:\/\/www.autonvaraosahaku.fi\/index.php?rest_route=%2Fwp%2Fv2%2Fmedia&parent=87228"}],"wp:term":[{"taxonomy":"pwb-brand","embeddable":true,"href":"https:\/\/www.autonvaraosahaku.fi\/index.php?rest_route=%2Fwp%2Fv2%2Fpwb-brand&post=87228"},{"taxonomy":"product_cat","embeddable":true,"href":"https:\/\/www.autonvaraosahaku.fi\/index.php?rest_route=%2Fwp%2Fv2%2Fproduct_cat&post=87228"},{"taxonomy":"product_tag","embeddable":true,"href":"https:\/\/www.autonvaraosahaku.fi\/index.php?rest_route=%2Fwp%2Fv2%2Fproduct_tag&post=87228"}],"curies":[{"name":"wp","href":"https:\/\/api.w.org\/{rel}","templated":true}]}}