{"id":87235,"date":"2021-02-21T20:53:53","date_gmt":"2021-02-21T20:53:53","guid":{"rendered":"https:\/\/www.autonvaraosahaku.fi\/?product=monroe-l11842-alapallonivel"},"modified":"2021-02-21T20:53:55","modified_gmt":"2021-02-21T20:53:55","slug":"monroe-l11842-alapallonivel","status":"publish","type":"product","link":"https:\/\/www.autonvaraosahaku.fi\/?product=monroe-l11842-alapallonivel","title":{"rendered":"MONROE L11842 Alapallonivel"},"content":{"rendered":"<p>Paino [kg]: 0,600; Tarvittava kappalem\u00e4\u00e4r\u00e4: 2; Pakkauspituus [cm]: 11; Pakkausleveys [cm]: 6; Pakkauskorkeus [mm]: 6; Asennuspuoli: Hinterachse; BMW: 5 E39,5 E60,5 Touring E61,5 Touring E39,X5 E53,7 E38,7 E65, E66, E67,6 E63,6 Cabriolet E64,Z8 E52; 33321090504, 33321095631, 33326750371, 33326757748, 33326767748; Pallonivel<\/p>\n","protected":false},"excerpt":{"rendered":"<p>MONROE Alapallonivel L11842 Pallonivel BMW,5 E39,5 E60,5 Touring E61,5 Touring E39,X5 E53,7 E38,7 E65, E66, E67,6 E63,6 Cabriolet E64,Z8 E52<\/p>\n","protected":false},"featured_media":0,"template":"","meta":{"site-sidebar-layout":"default","site-content-layout":"default","ast-global-header-display":"","ast-main-header-display":"","ast-hfb-above-header-display":"","ast-hfb-below-header-display":"","ast-hfb-mobile-header-display":"","site-post-title":"","ast-breadcrumbs-content":"","ast-featured-img":"","footer-sml-layout":"","theme-transparent-header-meta":"","adv-header-id-meta":"","stick-header-meta":"","header-above-stick-meta":"","header-main-stick-meta":"","header-below-stick-meta":""},"pwb-brand":[79],"product_cat":[93],"product_tag":[],"class_list":{"0":"post-87235","1":"product","2":"type-product","3":"status-publish","5":"pwb-brand-monroe","6":"product_cat-alapallonivel","7":"desktop-align-left","8":"tablet-align-left","9":"mobile-align-left","11":"first","12":"instock","13":"product-type-external"},"brands":[{"id":79,"name":"MONROE","slug":"monroe"}],"_links":{"self":[{"href":"https:\/\/www.autonvaraosahaku.fi\/index.php?rest_route=\/wp\/v2\/product\/87235","targetHints":{"allow":["GET"]}}],"collection":[{"href":"https:\/\/www.autonvaraosahaku.fi\/index.php?rest_route=\/wp\/v2\/product"}],"about":[{"href":"https:\/\/www.autonvaraosahaku.fi\/index.php?rest_route=\/wp\/v2\/types\/product"}],"wp:attachment":[{"href":"https:\/\/www.autonvaraosahaku.fi\/index.php?rest_route=%2Fwp%2Fv2%2Fmedia&parent=87235"}],"wp:term":[{"taxonomy":"pwb-brand","embeddable":true,"href":"https:\/\/www.autonvaraosahaku.fi\/index.php?rest_route=%2Fwp%2Fv2%2Fpwb-brand&post=87235"},{"taxonomy":"product_cat","embeddable":true,"href":"https:\/\/www.autonvaraosahaku.fi\/index.php?rest_route=%2Fwp%2Fv2%2Fproduct_cat&post=87235"},{"taxonomy":"product_tag","embeddable":true,"href":"https:\/\/www.autonvaraosahaku.fi\/index.php?rest_route=%2Fwp%2Fv2%2Fproduct_tag&post=87235"}],"curies":[{"name":"wp","href":"https:\/\/api.w.org\/{rel}","templated":true}]}}