{"id":87269,"date":"2021-02-21T20:54:01","date_gmt":"2021-02-21T20:54:01","guid":{"rendered":"https:\/\/www.autonvaraosahaku.fi\/?product=topran-115-537-peruutustutka-anturit"},"modified":"2021-02-21T20:54:08","modified_gmt":"2021-02-21T20:54:08","slug":"topran-115-537-peruutustutka-anturit","status":"publish","type":"product","link":"https:\/\/www.autonvaraosahaku.fi\/?product=topran-115-537-peruutustutka-anturit","title":{"rendered":"TOPRAN 115 537 Peruutustutka anturit"},"content":{"rendered":"<p>Tunnistinmalli: Ultra\u00e4\u00e4nitunnistin; Kemialliset ominaisuudet: maalattavissa; V\u00e4ri: Musta; V\u00e4rikoodi: 9B9; Napojen m\u00e4\u00e4r\u00e4: 3; Lis\u00e4tarvike\/lis\u00e4tieto: Tiivisteill\u00e4; Asennuspuoli: hinten; VW: GOLF VI 5K1,PASSAT Variant 3C5,GOLF PLUS 5M1, 521,PASSAT 3C2,POLO 6R, 6C,TIGUAN 5N_,PASSAT Variant 365,CADDY III Kombi 2KB, 2KJ, 2CB, 2CJ,TOURAN 1T3,GOLF VI Variant AJ5,GOLF V Variant 1K5,UP,CADDY III Kasten 2KA, 2KH, 2CA, 2CH,EOS 1F7, 1F8,PASSAT CC 357,SHARAN 7N1, 7N2,TOUAREG 7P5,JETTA III 1K2,PASSAT 362,AMAROK 2H_, S1B,CC 358,POLO Stufenheck; AUDI: A4 Avant 8K5, B8,A4 8K2, B8,Q5 8R,A6 Avant 4G5, C7, 4GD,Q3 8U,A6 4G2, C7, 4GC,A7 Sportback 4GA, 4GF,A8 4H_; SKODA: OCTAVIA Combi 1Z5,FABIA,FABIA Combi,ROOMSTER 5J,YETI 5L,SUPERB Kombi 3T5,OCTAVIA 1Z3,CITIGO,SUPERB 3T4,RAPID Spaceback NH1,RAPID NH3,RAPID NA2; SEAT: LEON 1P1,IBIZA V 6J5, 6P5,ALTEA 5P1,IBIZA V ST 6J8, 6P8,ALHAMBRA 710, 711,Mii KF1_,IBIZA V SPORTCOUPE 6J1, 6P1,TOLEDO IV KG3; KIA: SPORTAGE SL,OPTIMA; LANCIA: YPSILON 843,DELTA III 844,YPSILON 312, 846; OPEL: VIVARO Kasten F7,VIVARO Combi J7,VIVARO Pritsche\/Fahrgestell E7; TOYOTA: AURIS NRE15_, ZZE15_, ADE15_, ZRE15_, NDE15_,AVENSIS Station Wagon ZRT27, ADT27,AURIS NZE18_, ZRE18_,AURIS TOURING SPORTS ADE18_, ZWE18_, ZRE18_,AVENSIS Stufenheck ZRT27, ADT27; HYUNDAI: SANTA F\u00c9 III DM; VOLVO: XC60,XC90 I,V70 III BW,V60,V40 Schr\u00e4gheck,XC70 II,S80 II AS,S60 II; 156084750, 50511602, 51903464, 71747818, 71748668, 71753101, 71773705, 71773958, 71775015, 735391408, 735417250, 735418097, 735537081, 735545153, 735545157, 735550456, 1S0919275, 1S09192759B9, 1S0919275C, 1S0919275CGRU, 1S0919275GRU, 2H0919275A, 3C0919275S, 3C0919275SGRU, 420919275AGRU, 420919275GRU, 4H0919275, 4H09192753FZ, 4H0919275A, 4H0919275GRU, 5C6919275, 5C6919275GRU, 5KD919275GRU, 156084750, 50511602, 51903464, 71747818, 71748668, 71753101, 71773705, 71773958, 71775015, 735391408, 735417250, 735418097, 735537081, 735545153, 735545157, 735550456, 968902S000, 968902S000, 156084750, 50511602, 51903464, 71747818, 71748668, 71753101, 71773705, 71773958, 71775015, 735391408, 735417250, 735418097, 735537081, 735545153, 735545157, 735550456, 4417282, 4452243, 4452556, 284376606R, 284420026R, 284423020R, 1S0919275, 1S09192759B9, 1S0919275C, 1S0919275CGRU, 1S0919275GRU, 2H0919275A, 3C0919275S, 3C0919275SGRU, 420919275AGRU, 420919275GRU, 4H0919275, 4H09192753FZ, 4H0919275A, 4H0919275GRU&#8230;; Tunnistin, Et\u00e4isyystunnistin<\/p>\n","protected":false},"excerpt":{"rendered":"<p>TOPRAN Peruutustutka Anturit 115 537 Tunnistin, Et\u00e4isyystunnistin VW,AUDI,SKODA,GOLF VI 5K1,PASSAT Variant 3C5,GOLF PLUS 5M1, 521,PASSAT 3C2<\/p>\n","protected":false},"featured_media":0,"template":"","meta":{"site-sidebar-layout":"default","site-content-layout":"default","ast-global-header-display":"","ast-main-header-display":"","ast-hfb-above-header-display":"","ast-hfb-below-header-display":"","ast-hfb-mobile-header-display":"","site-post-title":"","ast-breadcrumbs-content":"","ast-featured-img":"","footer-sml-layout":"","theme-transparent-header-meta":"","adv-header-id-meta":"","stick-header-meta":"","header-above-stick-meta":"","header-main-stick-meta":"","header-below-stick-meta":""},"pwb-brand":[18],"product_cat":[217],"product_tag":[],"class_list":{"0":"post-87269","1":"product","2":"type-product","3":"status-publish","5":"pwb-brand-topran","6":"product_cat-peruutustutka-anturit","7":"desktop-align-left","8":"tablet-align-left","9":"mobile-align-left","11":"first","12":"instock","13":"product-type-external"},"brands":[{"id":18,"name":"TOPRAN","slug":"topran"}],"_links":{"self":[{"href":"https:\/\/www.autonvaraosahaku.fi\/index.php?rest_route=\/wp\/v2\/product\/87269","targetHints":{"allow":["GET"]}}],"collection":[{"href":"https:\/\/www.autonvaraosahaku.fi\/index.php?rest_route=\/wp\/v2\/product"}],"about":[{"href":"https:\/\/www.autonvaraosahaku.fi\/index.php?rest_route=\/wp\/v2\/types\/product"}],"wp:attachment":[{"href":"https:\/\/www.autonvaraosahaku.fi\/index.php?rest_route=%2Fwp%2Fv2%2Fmedia&parent=87269"}],"wp:term":[{"taxonomy":"pwb-brand","embeddable":true,"href":"https:\/\/www.autonvaraosahaku.fi\/index.php?rest_route=%2Fwp%2Fv2%2Fpwb-brand&post=87269"},{"taxonomy":"product_cat","embeddable":true,"href":"https:\/\/www.autonvaraosahaku.fi\/index.php?rest_route=%2Fwp%2Fv2%2Fproduct_cat&post=87269"},{"taxonomy":"product_tag","embeddable":true,"href":"https:\/\/www.autonvaraosahaku.fi\/index.php?rest_route=%2Fwp%2Fv2%2Fproduct_tag&post=87269"}],"curies":[{"name":"wp","href":"https:\/\/api.w.org\/{rel}","templated":true}]}}