{"id":87274,"date":"2021-02-21T20:54:09","date_gmt":"2021-02-21T20:54:09","guid":{"rendered":"https:\/\/www.autonvaraosahaku.fi\/?product=topran-206-528-venttiilikopan-tiiviste"},"modified":"2021-02-21T20:54:10","modified_gmt":"2021-02-21T20:54:10","slug":"topran-206-528-venttiilikopan-tiiviste","status":"publish","type":"product","link":"https:\/\/www.autonvaraosahaku.fi\/?product=topran-206-528-venttiilikopan-tiiviste","title":{"rendered":"TOPRAN 206 528 Venttiilikopan tiiviste"},"content":{"rendered":"<p>Materiaali: ACM (polyakryyli-kautsu); Ulkol\u00e4pimitta [mm]: 14; Sis\u00e4l\u00e4pimitta [mm]: 10; Paksuus [mm]: 2; Tarvittava kappalem\u00e4\u00e4r\u00e4: 16; OPEL: CORSA B 73_, 78_, 79_,VECTRA C Caravan,SIGNUM,VECTRA C,VECTRA B 36_,ASTRA F CC 53_, 54_, 58_, 59_,OMEGA B Caravan 21_, 22_, 23_,OMEGA B 25_, 26_, 27_,VECTRA C GTS,ANTARA,VECTRA B Caravan 31_,ASTRA F Caravan 51_, 52_,VECTRA B CC 38_,VECTRA A 86_, 87_,ASTRA F Cabriolet 53_B,ASTRA F 56_, 57_,TIGRA 95_,FRONTERA A 5_MWL4,VECTRA A CC 88_, 89_,COMBO 71_,CORSA B Kombi F35,ASTRA F Van 55_; VAUXHALL: VECTRA Mk II C CC,VECTRA Mk II C Estate,VECTRA Mk II C,ANTARA J26, H26,ASTRA Mk III F CC,CORSA Mk I B,SIGNUM,OMEGA B,CAVALIER Mk III 87,VECTRA B CC,FRONTERA Mk I A,ASTRA Mk III F Estate,VECTRA B Estate,VECTRA B,COMBO Mk I B,CAVALIER Mk III CC,TIGRA Mk I F07,OMEGA B Estate; 0607644, 607644, 90411826<\/p>\n","protected":false},"excerpt":{"rendered":"<p>TOPRAN Tiiviste, Syl.Kannen Pultit 206 528  OPEL,VAUXHALL,CORSA B 73_, 78_, 79_,VECTRA C Caravan,SIGNUM,VECTRA C,VECTRA B 36_<\/p>\n","protected":false},"featured_media":0,"template":"","meta":{"site-sidebar-layout":"default","site-content-layout":"default","ast-global-header-display":"","ast-main-header-display":"","ast-hfb-above-header-display":"","ast-hfb-below-header-display":"","ast-hfb-mobile-header-display":"","site-post-title":"","ast-breadcrumbs-content":"","ast-featured-img":"","footer-sml-layout":"","theme-transparent-header-meta":"","adv-header-id-meta":"","stick-header-meta":"","header-above-stick-meta":"","header-main-stick-meta":"","header-below-stick-meta":""},"pwb-brand":[18],"product_cat":[44],"product_tag":[],"class_list":{"0":"post-87274","1":"product","2":"type-product","3":"status-publish","5":"pwb-brand-topran","6":"product_cat-venttiilikopan-tiiviste","7":"desktop-align-left","8":"tablet-align-left","9":"mobile-align-left","11":"first","12":"instock","13":"product-type-external"},"brands":[{"id":18,"name":"TOPRAN","slug":"topran"}],"_links":{"self":[{"href":"https:\/\/www.autonvaraosahaku.fi\/index.php?rest_route=\/wp\/v2\/product\/87274","targetHints":{"allow":["GET"]}}],"collection":[{"href":"https:\/\/www.autonvaraosahaku.fi\/index.php?rest_route=\/wp\/v2\/product"}],"about":[{"href":"https:\/\/www.autonvaraosahaku.fi\/index.php?rest_route=\/wp\/v2\/types\/product"}],"wp:attachment":[{"href":"https:\/\/www.autonvaraosahaku.fi\/index.php?rest_route=%2Fwp%2Fv2%2Fmedia&parent=87274"}],"wp:term":[{"taxonomy":"pwb-brand","embeddable":true,"href":"https:\/\/www.autonvaraosahaku.fi\/index.php?rest_route=%2Fwp%2Fv2%2Fpwb-brand&post=87274"},{"taxonomy":"product_cat","embeddable":true,"href":"https:\/\/www.autonvaraosahaku.fi\/index.php?rest_route=%2Fwp%2Fv2%2Fproduct_cat&post=87274"},{"taxonomy":"product_tag","embeddable":true,"href":"https:\/\/www.autonvaraosahaku.fi\/index.php?rest_route=%2Fwp%2Fv2%2Fproduct_tag&post=87274"}],"curies":[{"name":"wp","href":"https:\/\/api.w.org\/{rel}","templated":true}]}}