{"id":87275,"date":"2021-02-21T20:54:09","date_gmt":"2021-02-21T20:54:09","guid":{"rendered":"https:\/\/www.autonvaraosahaku.fi\/?product=autofren-seinsa-d7120c-jarrusatula-korjaussarja"},"modified":"2021-02-21T20:54:11","modified_gmt":"2021-02-21T20:54:11","slug":"autofren-seinsa-d7120c-jarrusatula-korjaussarja","status":"publish","type":"product","link":"https:\/\/www.autonvaraosahaku.fi\/?product=autofren-seinsa-d7120c-jarrusatula-korjaussarja","title":{"rendered":"AUTOFREN SEINSA D7120C Jarrusatula korjaussarja"},"content":{"rendered":"<p>Jarruj\u00e4rjestelm\u00e4: MANDO; T\u00e4yssarja: ; Erittely: WITH GUIDE PINS; L\u00e4pimitta [mm]: 8; Korvaava tuote\/korvaava tiedote 2: Ruuveilla; Asennuspuoli: Hinterachse; HYUNDAI: i20 PB, PBT,SANTA F\u00c9 II CM,ix20 JC,SANTA F\u00c9 III DM,GENESIS Coupe,TUCSON,i20 GB,i20 ACTIVE GB,i20 Coupe; KIA: SORENTO II XM,RIO III UB,SOUL AM,OPTIMA,RIO III Stufenheck UB,SPORTAGE QL,SOUL II PS; MINI: MINI F56,MINI F55,MINI Cabriolet F57; Ohjainhylsysarja, Jarrusatula<\/p>\n","protected":false},"excerpt":{"rendered":"<p>AUTOFREN SEINSA Ohjaustappi D7120C Ohjainhylsysarja, Jarrusatula HYUNDAI,KIA,MINI,i20 PB, PBT,SANTA F\u00c9 II CM,ix20 JC,SANTA F\u00c9 III DM,GENESIS Coupe<\/p>\n","protected":false},"featured_media":0,"template":"","meta":{"site-sidebar-layout":"default","site-content-layout":"default","ast-global-header-display":"","ast-main-header-display":"","ast-hfb-above-header-display":"","ast-hfb-below-header-display":"","ast-hfb-mobile-header-display":"","site-post-title":"","ast-breadcrumbs-content":"","ast-featured-img":"","footer-sml-layout":"","theme-transparent-header-meta":"","adv-header-id-meta":"","stick-header-meta":"","header-above-stick-meta":"","header-main-stick-meta":"","header-below-stick-meta":""},"pwb-brand":[243],"product_cat":[57],"product_tag":[],"class_list":{"0":"post-87275","1":"product","2":"type-product","3":"status-publish","5":"pwb-brand-autofren-seinsa","6":"product_cat-jarrusatula-korjaussarja","7":"desktop-align-left","8":"tablet-align-left","9":"mobile-align-left","11":"first","12":"instock","13":"product-type-external"},"brands":[{"id":243,"name":"AUTOFREN SEINSA","slug":"autofren-seinsa"}],"_links":{"self":[{"href":"https:\/\/www.autonvaraosahaku.fi\/index.php?rest_route=\/wp\/v2\/product\/87275","targetHints":{"allow":["GET"]}}],"collection":[{"href":"https:\/\/www.autonvaraosahaku.fi\/index.php?rest_route=\/wp\/v2\/product"}],"about":[{"href":"https:\/\/www.autonvaraosahaku.fi\/index.php?rest_route=\/wp\/v2\/types\/product"}],"wp:attachment":[{"href":"https:\/\/www.autonvaraosahaku.fi\/index.php?rest_route=%2Fwp%2Fv2%2Fmedia&parent=87275"}],"wp:term":[{"taxonomy":"pwb-brand","embeddable":true,"href":"https:\/\/www.autonvaraosahaku.fi\/index.php?rest_route=%2Fwp%2Fv2%2Fpwb-brand&post=87275"},{"taxonomy":"product_cat","embeddable":true,"href":"https:\/\/www.autonvaraosahaku.fi\/index.php?rest_route=%2Fwp%2Fv2%2Fproduct_cat&post=87275"},{"taxonomy":"product_tag","embeddable":true,"href":"https:\/\/www.autonvaraosahaku.fi\/index.php?rest_route=%2Fwp%2Fv2%2Fproduct_tag&post=87275"}],"curies":[{"name":"wp","href":"https:\/\/api.w.org\/{rel}","templated":true}]}}