{"id":8728,"date":"2021-02-21T14:03:52","date_gmt":"2021-02-21T14:03:52","guid":{"rendered":"https:\/\/www.autonvaraosahaku.fi\/?product=master-sport-34711-pcs-ms-tukivarren-hela"},"modified":"2021-02-21T14:03:53","modified_gmt":"2021-02-21T14:03:53","slug":"master-sport-34711-pcs-ms-tukivarren-hela","status":"publish","type":"product","link":"https:\/\/www.autonvaraosahaku.fi\/?product=master-sport-34711-pcs-ms-tukivarren-hela","title":{"rendered":"MASTER-SPORT 34711-PCS-MS Tukivarren hela"},"content":{"rendered":"<p>Asennuspuoli: Etuakseli, Molemminpuolin, Takana; Lukum\u00e4\u00e4r\u00e4 akselille: 2; Ohjausmalli: Poikittaistukivarrelle; Nettopaino [kg]: 0,7; Bruttopaino [kg]: 0,75; Ei varustelumuunnoksille: Taxifahrzeuge; VW: PASSAT Variant 3C5,PASSAT 3C2,TIGUAN 5N_,PASSAT Variant 365,PASSAT CC 357,SHARAN 7N1, 7N2,PASSAT 362,CC 358,PASSAT ALLTRACK 365; AUDI: Q3 8U; SEAT: ALHAMBRA 710, 711; 3C0199231A, 3C0199231B, 3C0199231D, 3C0199231E, 3C0199231A, 3C0199231B, 3C0199231D, 3C0199231E, 3C0199231A, 3C0199231B, 3C0199231D, 3C0199231E<\/p>\n","protected":false},"excerpt":{"rendered":"<p>MASTER-SPORT Tukivarren Hela 34711-PCS-MS  VW,AUDI,SEAT,PASSAT Variant 3C5,PASSAT 3C2,TIGUAN 5N_,PASSAT Variant 365,PASSAT CC 357,SHARAN 7N1, 7N2<\/p>\n","protected":false},"featured_media":0,"template":"","meta":{"site-sidebar-layout":"default","site-content-layout":"default","ast-global-header-display":"","ast-main-header-display":"","ast-hfb-above-header-display":"","ast-hfb-below-header-display":"","ast-hfb-mobile-header-display":"","site-post-title":"","ast-breadcrumbs-content":"","ast-featured-img":"","footer-sml-layout":"","theme-transparent-header-meta":"","adv-header-id-meta":"","stick-header-meta":"","header-above-stick-meta":"","header-main-stick-meta":"","header-below-stick-meta":""},"pwb-brand":[61],"product_cat":[115],"product_tag":[],"class_list":{"0":"post-8728","1":"product","2":"type-product","3":"status-publish","5":"pwb-brand-master-sport","6":"product_cat-tukivarren-hela","7":"desktop-align-left","8":"tablet-align-left","9":"mobile-align-left","11":"first","12":"instock","13":"product-type-external"},"brands":[{"id":61,"name":"MASTER-SPORT","slug":"master-sport"}],"_links":{"self":[{"href":"https:\/\/www.autonvaraosahaku.fi\/index.php?rest_route=\/wp\/v2\/product\/8728","targetHints":{"allow":["GET"]}}],"collection":[{"href":"https:\/\/www.autonvaraosahaku.fi\/index.php?rest_route=\/wp\/v2\/product"}],"about":[{"href":"https:\/\/www.autonvaraosahaku.fi\/index.php?rest_route=\/wp\/v2\/types\/product"}],"wp:attachment":[{"href":"https:\/\/www.autonvaraosahaku.fi\/index.php?rest_route=%2Fwp%2Fv2%2Fmedia&parent=8728"}],"wp:term":[{"taxonomy":"pwb-brand","embeddable":true,"href":"https:\/\/www.autonvaraosahaku.fi\/index.php?rest_route=%2Fwp%2Fv2%2Fpwb-brand&post=8728"},{"taxonomy":"product_cat","embeddable":true,"href":"https:\/\/www.autonvaraosahaku.fi\/index.php?rest_route=%2Fwp%2Fv2%2Fproduct_cat&post=8728"},{"taxonomy":"product_tag","embeddable":true,"href":"https:\/\/www.autonvaraosahaku.fi\/index.php?rest_route=%2Fwp%2Fv2%2Fproduct_tag&post=8728"}],"curies":[{"name":"wp","href":"https:\/\/api.w.org\/{rel}","templated":true}]}}