{"id":8729,"date":"2021-02-21T14:03:52","date_gmt":"2021-02-21T14:03:52","guid":{"rendered":"https:\/\/www.autonvaraosahaku.fi\/?product=swag-10-94-9701-muut-luokat"},"modified":"2021-02-21T14:03:53","modified_gmt":"2021-02-21T14:03:53","slug":"swag-10-94-9701-muut-luokat","status":"publish","type":"product","link":"https:\/\/www.autonvaraosahaku.fi\/?product=swag-10-94-9701-muut-luokat","title":{"rendered":"SWAG 10 94 9701 Muut luokat"},"content":{"rendered":"<p>Ulkokierre [mm]: M10 x 1,5; Kierteen pituus (mm): 23; Laatu \/ luokka: 8.8; Avainv\u00e4li: 16; Ruuvikanta\/mutteriprofiili: Kuusioruuvi \/-mutteri; Ruuvin pituus ilman p\u00e4\u00e4t\u00e4: 110; Asennuspuoli: etuakseli molemminpuoleinen; Paino [kg]: 0,101, 0,101; Alustanumeroon: 4G-BN100 000; AUDI: A6 Avant 4F5, C6,A4 8K2, B8,Q5 8R,A6 4F2, C6,A5 8T3,A5 Sportback 8TA,A8 4D2, 4D8,A6 4G2, C7, 4GC,A6 Allroad 4FH, C6,A7 Sportback 4GA, 4GF,A4 Allroad 8KH, B8,A5 Cabriolet 8F7,A8 4H_; N10272302, N10272302S1, N10406105, N10406105S1, N10491802, N10491802S1<\/p>\n","protected":false},"excerpt":{"rendered":"<p>SWAG Asennussarja, Ohjausvipu 10 94 9701  AUDI,A6 Avant 4F5, C6,A4 8K2, B8,Q5 8R,A6 4F2, C6,A5 8T3,A5 Sportback 8TA,A8 4D2, 4D8,A6 4G2, C7, 4GC<\/p>\n","protected":false},"featured_media":0,"template":"","meta":{"site-sidebar-layout":"default","site-content-layout":"default","ast-global-header-display":"","ast-main-header-display":"","ast-hfb-above-header-display":"","ast-hfb-below-header-display":"","ast-hfb-mobile-header-display":"","site-post-title":"","ast-breadcrumbs-content":"","ast-featured-img":"","footer-sml-layout":"","theme-transparent-header-meta":"","adv-header-id-meta":"","stick-header-meta":"","header-above-stick-meta":"","header-main-stick-meta":"","header-below-stick-meta":""},"pwb-brand":[103],"product_cat":[37],"product_tag":[],"class_list":{"0":"post-8729","1":"product","2":"type-product","3":"status-publish","5":"pwb-brand-swag","6":"product_cat-muut-luokat","7":"desktop-align-left","8":"tablet-align-left","9":"mobile-align-left","11":"first","12":"instock","13":"product-type-external"},"brands":[{"id":103,"name":"SWAG","slug":"swag"}],"_links":{"self":[{"href":"https:\/\/www.autonvaraosahaku.fi\/index.php?rest_route=\/wp\/v2\/product\/8729","targetHints":{"allow":["GET"]}}],"collection":[{"href":"https:\/\/www.autonvaraosahaku.fi\/index.php?rest_route=\/wp\/v2\/product"}],"about":[{"href":"https:\/\/www.autonvaraosahaku.fi\/index.php?rest_route=\/wp\/v2\/types\/product"}],"wp:attachment":[{"href":"https:\/\/www.autonvaraosahaku.fi\/index.php?rest_route=%2Fwp%2Fv2%2Fmedia&parent=8729"}],"wp:term":[{"taxonomy":"pwb-brand","embeddable":true,"href":"https:\/\/www.autonvaraosahaku.fi\/index.php?rest_route=%2Fwp%2Fv2%2Fpwb-brand&post=8729"},{"taxonomy":"product_cat","embeddable":true,"href":"https:\/\/www.autonvaraosahaku.fi\/index.php?rest_route=%2Fwp%2Fv2%2Fproduct_cat&post=8729"},{"taxonomy":"product_tag","embeddable":true,"href":"https:\/\/www.autonvaraosahaku.fi\/index.php?rest_route=%2Fwp%2Fv2%2Fproduct_tag&post=8729"}],"curies":[{"name":"wp","href":"https:\/\/api.w.org\/{rel}","templated":true}]}}