{"id":8730,"date":"2021-02-21T14:03:52","date_gmt":"2021-02-21T14:03:52","guid":{"rendered":"https:\/\/www.autonvaraosahaku.fi\/?product=valeo-253835-kampiakselin-asentotunnistin"},"modified":"2021-02-21T14:03:53","modified_gmt":"2021-02-21T14:03:53","slug":"valeo-253835-kampiakselin-asentotunnistin","status":"publish","type":"product","link":"https:\/\/www.autonvaraosahaku.fi\/?product=valeo-253835-kampiakselin-asentotunnistin","title":{"rendered":"VALEO 253835 Kampiakselin asentotunnistin"},"content":{"rendered":"<p>Tunnistinmalli: Induktiivi anturi; Napojen m\u00e4\u00e4r\u00e4: 3; J\u00e4nnite (V): 12; Pistokkeen kotelon muoto: Kulmikas; Korvaava tuote\/korvaava tiedote 2: Kaapelilla; Paino [kg]: 0,08; Moottorinumero: M50B20,M52B20; BMW: 5 E39,5 Touring E39,3 Compact E36,3 E36,7 E38,3 Coupe E36,Z3 E36,5 E34,3 Cabriolet E36,3 Touring E36,5 Touring E34,Z3 Coupe E36; 12141703221, 1703221; Nokka Akselin Anturi,Nokka Akselin Tunnistin,Tunnistin, Nokka-Akselin Ajoitus<\/p>\n","protected":false},"excerpt":{"rendered":"<p>VALEO Nokka Akselin Asentotunnistin 253835 Nokka Akselin Anturi,Nokka Akselin Tunnistin BMW,5 E39,5 Touring E39,3 Compact E36,3 E36,7 E38,3 Coupe E36<\/p>\n","protected":false},"featured_media":0,"template":"","meta":{"site-sidebar-layout":"default","site-content-layout":"default","ast-global-header-display":"","ast-main-header-display":"","ast-hfb-above-header-display":"","ast-hfb-below-header-display":"","ast-hfb-mobile-header-display":"","site-post-title":"","ast-breadcrumbs-content":"","ast-featured-img":"","footer-sml-layout":"","theme-transparent-header-meta":"","adv-header-id-meta":"","stick-header-meta":"","header-above-stick-meta":"","header-main-stick-meta":"","header-below-stick-meta":""},"pwb-brand":[28],"product_cat":[184],"product_tag":[],"class_list":{"0":"post-8730","1":"product","2":"type-product","3":"status-publish","5":"pwb-brand-valeo","6":"product_cat-kampiakselin-asentotunnistin","7":"desktop-align-left","8":"tablet-align-left","9":"mobile-align-left","11":"first","12":"instock","13":"product-type-external"},"brands":[{"id":28,"name":"VALEO","slug":"valeo"}],"_links":{"self":[{"href":"https:\/\/www.autonvaraosahaku.fi\/index.php?rest_route=\/wp\/v2\/product\/8730","targetHints":{"allow":["GET"]}}],"collection":[{"href":"https:\/\/www.autonvaraosahaku.fi\/index.php?rest_route=\/wp\/v2\/product"}],"about":[{"href":"https:\/\/www.autonvaraosahaku.fi\/index.php?rest_route=\/wp\/v2\/types\/product"}],"wp:attachment":[{"href":"https:\/\/www.autonvaraosahaku.fi\/index.php?rest_route=%2Fwp%2Fv2%2Fmedia&parent=8730"}],"wp:term":[{"taxonomy":"pwb-brand","embeddable":true,"href":"https:\/\/www.autonvaraosahaku.fi\/index.php?rest_route=%2Fwp%2Fv2%2Fpwb-brand&post=8730"},{"taxonomy":"product_cat","embeddable":true,"href":"https:\/\/www.autonvaraosahaku.fi\/index.php?rest_route=%2Fwp%2Fv2%2Fproduct_cat&post=8730"},{"taxonomy":"product_tag","embeddable":true,"href":"https:\/\/www.autonvaraosahaku.fi\/index.php?rest_route=%2Fwp%2Fv2%2Fproduct_tag&post=8730"}],"curies":[{"name":"wp","href":"https:\/\/api.w.org\/{rel}","templated":true}]}}