{"id":87321,"date":"2021-02-21T20:54:24","date_gmt":"2021-02-21T20:54:24","guid":{"rendered":"https:\/\/www.autonvaraosahaku.fi\/?product=frenkit-240914-jarrusatula-korjaussarja"},"modified":"2021-02-21T20:54:29","modified_gmt":"2021-02-21T20:54:29","slug":"frenkit-240914-jarrusatula-korjaussarja","status":"publish","type":"product","link":"https:\/\/www.autonvaraosahaku.fi\/?product=frenkit-240914-jarrusatula-korjaussarja","title":{"rendered":"FRENKIT 240914 Jarrusatula korjaussarja"},"content":{"rendered":"<p>L\u00e4pimitta [mm]: 40; Asennuspuoli: Etuakseli; Jarruj\u00e4rjestelm\u00e4: Sumitomo; T\u00e4yssarja: ; Versio: Kit+Piston; NISSAN: 200 SX S14,300 ZX Z32; SUBARU: IMPREZA Stufenheck GD,IMPREZA Station Wagon GG,IMPREZA Stufenheck GC,IMPREZA Station Wagon GF,IMPREZA Coupe GFC; Korjaussarja, Jarrusatula<\/p>\n","protected":false},"excerpt":{"rendered":"<p>FRENKIT Jarrusatula Korjaussarja 240914 Korjaussarja, Jarrusatula NISSAN,SUBARU,200 SX S14,300 ZX Z32,IMPREZA Stufenheck GD,IMPREZA Station Wagon GG<\/p>\n","protected":false},"featured_media":0,"template":"","meta":{"site-sidebar-layout":"default","site-content-layout":"default","ast-global-header-display":"","ast-main-header-display":"","ast-hfb-above-header-display":"","ast-hfb-below-header-display":"","ast-hfb-mobile-header-display":"","site-post-title":"","ast-breadcrumbs-content":"","ast-featured-img":"","footer-sml-layout":"","theme-transparent-header-meta":"","adv-header-id-meta":"","stick-header-meta":"","header-above-stick-meta":"","header-main-stick-meta":"","header-below-stick-meta":""},"pwb-brand":[474],"product_cat":[57],"product_tag":[],"class_list":{"0":"post-87321","1":"product","2":"type-product","3":"status-publish","5":"pwb-brand-frenkit","6":"product_cat-jarrusatula-korjaussarja","7":"desktop-align-left","8":"tablet-align-left","9":"mobile-align-left","11":"first","12":"instock","13":"product-type-external"},"brands":[{"id":474,"name":"FRENKIT","slug":"frenkit"}],"_links":{"self":[{"href":"https:\/\/www.autonvaraosahaku.fi\/index.php?rest_route=\/wp\/v2\/product\/87321","targetHints":{"allow":["GET"]}}],"collection":[{"href":"https:\/\/www.autonvaraosahaku.fi\/index.php?rest_route=\/wp\/v2\/product"}],"about":[{"href":"https:\/\/www.autonvaraosahaku.fi\/index.php?rest_route=\/wp\/v2\/types\/product"}],"wp:attachment":[{"href":"https:\/\/www.autonvaraosahaku.fi\/index.php?rest_route=%2Fwp%2Fv2%2Fmedia&parent=87321"}],"wp:term":[{"taxonomy":"pwb-brand","embeddable":true,"href":"https:\/\/www.autonvaraosahaku.fi\/index.php?rest_route=%2Fwp%2Fv2%2Fpwb-brand&post=87321"},{"taxonomy":"product_cat","embeddable":true,"href":"https:\/\/www.autonvaraosahaku.fi\/index.php?rest_route=%2Fwp%2Fv2%2Fproduct_cat&post=87321"},{"taxonomy":"product_tag","embeddable":true,"href":"https:\/\/www.autonvaraosahaku.fi\/index.php?rest_route=%2Fwp%2Fv2%2Fproduct_tag&post=87321"}],"curies":[{"name":"wp","href":"https:\/\/api.w.org\/{rel}","templated":true}]}}