{"id":87328,"date":"2021-02-21T20:54:24","date_gmt":"2021-02-21T20:54:24","guid":{"rendered":"https:\/\/www.autonvaraosahaku.fi\/?product=fa1-791-958-pakosarjan-tiivisteet"},"modified":"2021-02-21T20:54:32","modified_gmt":"2021-02-21T20:54:32","slug":"fa1-791-958-pakosarjan-tiivisteet","status":"publish","type":"product","link":"https:\/\/www.autonvaraosahaku.fi\/?product=fa1-791-958-pakosarjan-tiivisteet","title":{"rendered":"FA1 791-958 Pakosarjan tiivisteet"},"content":{"rendered":"<p>Sis\u00e4l\u00e4pimitta [mm]: 57,2; Ulkol\u00e4pimitta [mm]: 73; Korkeus (mm): 13,5; Pakoputkisto: vor Katalysator; HONDA: CIVIC VIII Hatchback FN, FK,CR-V III RE,CIVIC VII Hatchback EU, EP, EV,CR-V II RD_,ACCORD VII CL,FR-V BE,ACCORD VII Tourer CM,STREAM RN,CIVIC VII Coupe EM2,CIVIC VIII Stufenheck FD, FA,CIVIC VII Stufenheck ES; 18229S5AJ01, 18229S5DA01, 18229S6D003, 18229TR0A01<\/p>\n","protected":false},"excerpt":{"rendered":"<p>FA1 Tiivisterengas, Pakoputki 791-958  HONDA,CIVIC VIII Hatchback FN, FK,CR-V III RE,CIVIC VII Hatchback EU, EP, EV,CR-V II RD_,ACCORD VII CL,FR-V BE<\/p>\n","protected":false},"featured_media":0,"template":"","meta":{"site-sidebar-layout":"default","site-content-layout":"default","ast-global-header-display":"","ast-main-header-display":"","ast-hfb-above-header-display":"","ast-hfb-below-header-display":"","ast-hfb-mobile-header-display":"","site-post-title":"","ast-breadcrumbs-content":"","ast-featured-img":"","footer-sml-layout":"","theme-transparent-header-meta":"","adv-header-id-meta":"","stick-header-meta":"","header-above-stick-meta":"","header-main-stick-meta":"","header-below-stick-meta":""},"pwb-brand":[39],"product_cat":[123],"product_tag":[],"class_list":{"0":"post-87328","1":"product","2":"type-product","3":"status-publish","5":"pwb-brand-fa1","6":"product_cat-pakosarjan-tiivisteet","7":"desktop-align-left","8":"tablet-align-left","9":"mobile-align-left","11":"first","12":"instock","13":"product-type-external"},"brands":[{"id":39,"name":"FA1","slug":"fa1"}],"_links":{"self":[{"href":"https:\/\/www.autonvaraosahaku.fi\/index.php?rest_route=\/wp\/v2\/product\/87328","targetHints":{"allow":["GET"]}}],"collection":[{"href":"https:\/\/www.autonvaraosahaku.fi\/index.php?rest_route=\/wp\/v2\/product"}],"about":[{"href":"https:\/\/www.autonvaraosahaku.fi\/index.php?rest_route=\/wp\/v2\/types\/product"}],"wp:attachment":[{"href":"https:\/\/www.autonvaraosahaku.fi\/index.php?rest_route=%2Fwp%2Fv2%2Fmedia&parent=87328"}],"wp:term":[{"taxonomy":"pwb-brand","embeddable":true,"href":"https:\/\/www.autonvaraosahaku.fi\/index.php?rest_route=%2Fwp%2Fv2%2Fpwb-brand&post=87328"},{"taxonomy":"product_cat","embeddable":true,"href":"https:\/\/www.autonvaraosahaku.fi\/index.php?rest_route=%2Fwp%2Fv2%2Fproduct_cat&post=87328"},{"taxonomy":"product_tag","embeddable":true,"href":"https:\/\/www.autonvaraosahaku.fi\/index.php?rest_route=%2Fwp%2Fv2%2Fproduct_tag&post=87328"}],"curies":[{"name":"wp","href":"https:\/\/api.w.org\/{rel}","templated":true}]}}