{"id":87329,"date":"2021-02-21T20:54:24","date_gmt":"2021-02-21T20:54:24","guid":{"rendered":"https:\/\/www.autonvaraosahaku.fi\/?product=fa1-771-949-pakosarjan-tiivisteet"},"modified":"2021-02-21T20:54:32","modified_gmt":"2021-02-21T20:54:32","slug":"fa1-771-949-pakosarjan-tiivisteet","status":"publish","type":"product","link":"https:\/\/www.autonvaraosahaku.fi\/?product=fa1-771-949-pakosarjan-tiivisteet","title":{"rendered":"FA1 771-949 Pakosarjan tiivisteet"},"content":{"rendered":"<p>Sis\u00e4l\u00e4pimitta [mm]: 50; Ulkol\u00e4pimitta [mm]: 61; Korkeus (mm): 5,2; Valmistusvuosi alkaen: 07\/1990; LEXUS: RX MHU3_, GSU3_, MCU3_,LX UZJ100; TOYOTA: RAV 4 III ACA3_, ACE_, ALA3_, GSA3_, ZSA3_,COROLLA Liftback _E11_,COROLLA Compact _E11_,PREVIA MCR3_, ACR3_, CLR3_,PICNIC _XM10,MR 2 II SW2_,COROLLA Compact _E10_,LAND CRUISER 100 UZJ100,COROLLA _E11_,CELICA Coupe AT18_, ST18_,COROLLA Wagon __E11_,COROLLA Liftback _E10_,LAND CRUISER VDJ20_, UZJ20_,COROLLA _E10_,COROLLA Wagon _E10_,CELICA Cabriolet AT18_, ST18_; 9091706055, 9091706065, 9091706084, 9091706089, 90917T6003<\/p>\n","protected":false},"excerpt":{"rendered":"<p>FA1 Tiivisterengas, Pakoputki 771-949  LEXUS,TOYOTA,RX MHU3_, GSU3_, MCU3_,LX UZJ100,RAV 4 III ACA3_, ACE_, ALA3_, GSA3_, ZSA3_,COROLLA Liftback _E11_<\/p>\n","protected":false},"featured_media":0,"template":"","meta":{"site-sidebar-layout":"default","site-content-layout":"default","ast-global-header-display":"","ast-main-header-display":"","ast-hfb-above-header-display":"","ast-hfb-below-header-display":"","ast-hfb-mobile-header-display":"","site-post-title":"","ast-breadcrumbs-content":"","ast-featured-img":"","footer-sml-layout":"","theme-transparent-header-meta":"","adv-header-id-meta":"","stick-header-meta":"","header-above-stick-meta":"","header-main-stick-meta":"","header-below-stick-meta":""},"pwb-brand":[39],"product_cat":[123],"product_tag":[],"class_list":{"0":"post-87329","1":"product","2":"type-product","3":"status-publish","5":"pwb-brand-fa1","6":"product_cat-pakosarjan-tiivisteet","7":"desktop-align-left","8":"tablet-align-left","9":"mobile-align-left","11":"first","12":"instock","13":"product-type-external"},"brands":[{"id":39,"name":"FA1","slug":"fa1"}],"_links":{"self":[{"href":"https:\/\/www.autonvaraosahaku.fi\/index.php?rest_route=\/wp\/v2\/product\/87329","targetHints":{"allow":["GET"]}}],"collection":[{"href":"https:\/\/www.autonvaraosahaku.fi\/index.php?rest_route=\/wp\/v2\/product"}],"about":[{"href":"https:\/\/www.autonvaraosahaku.fi\/index.php?rest_route=\/wp\/v2\/types\/product"}],"wp:attachment":[{"href":"https:\/\/www.autonvaraosahaku.fi\/index.php?rest_route=%2Fwp%2Fv2%2Fmedia&parent=87329"}],"wp:term":[{"taxonomy":"pwb-brand","embeddable":true,"href":"https:\/\/www.autonvaraosahaku.fi\/index.php?rest_route=%2Fwp%2Fv2%2Fpwb-brand&post=87329"},{"taxonomy":"product_cat","embeddable":true,"href":"https:\/\/www.autonvaraosahaku.fi\/index.php?rest_route=%2Fwp%2Fv2%2Fproduct_cat&post=87329"},{"taxonomy":"product_tag","embeddable":true,"href":"https:\/\/www.autonvaraosahaku.fi\/index.php?rest_route=%2Fwp%2Fv2%2Fproduct_tag&post=87329"}],"curies":[{"name":"wp","href":"https:\/\/api.w.org\/{rel}","templated":true}]}}