{"id":8734,"date":"2021-02-21T14:03:52","date_gmt":"2021-02-21T14:03:52","guid":{"rendered":"https:\/\/www.autonvaraosahaku.fi\/?product=maxgear-49-0725-vetonivelen-suojakumi"},"modified":"2021-02-21T14:03:53","modified_gmt":"2021-02-21T14:03:53","slug":"maxgear-49-0725-vetonivelen-suojakumi","status":"publish","type":"product","link":"https:\/\/www.autonvaraosahaku.fi\/?product=maxgear-49-0725-vetonivelen-suojakumi","title":{"rendered":"MAXGEAR 49-0725 Vetonivelen suojakumi"},"content":{"rendered":"<p>Asennuspuoli: Py\u00f6r\u00e4n puoli, radseitig; Sis\u00e4l\u00e4pimitta 1 [mm]: 22; Sis\u00e4l\u00e4pimitta 2 [mm]: 76; Korkeus (mm): 87; FIAT: PUNTO 188,STILO 192,DOBLO Cargo 223,STILO Multi Wagon 192,DOBLO 119,PUNTO Van 188AX; 46307555, 46307555S, 46307555S1, 46307555, 46307555S, 46307555S1<\/p>\n","protected":false},"excerpt":{"rendered":"<p>MAXGEAR Paljekumisarja, Vetoakseli 49-0725  FIAT,PUNTO 188,STILO 192,DOBLO Cargo 223,STILO Multi Wagon 192,DOBLO 119,PUNTO Van 188AX<\/p>\n","protected":false},"featured_media":0,"template":"","meta":{"site-sidebar-layout":"default","site-content-layout":"default","ast-global-header-display":"","ast-main-header-display":"","ast-hfb-above-header-display":"","ast-hfb-below-header-display":"","ast-hfb-mobile-header-display":"","site-post-title":"","ast-breadcrumbs-content":"","ast-featured-img":"","footer-sml-layout":"","theme-transparent-header-meta":"","adv-header-id-meta":"","stick-header-meta":"","header-above-stick-meta":"","header-main-stick-meta":"","header-below-stick-meta":""},"pwb-brand":[48],"product_cat":[42],"product_tag":[],"class_list":{"0":"post-8734","1":"product","2":"type-product","3":"status-publish","5":"pwb-brand-maxgear","6":"product_cat-vetonivelen-suojakumi","7":"desktop-align-left","8":"tablet-align-left","9":"mobile-align-left","11":"first","12":"instock","13":"product-type-external"},"brands":[{"id":48,"name":"MAXGEAR","slug":"maxgear"}],"_links":{"self":[{"href":"https:\/\/www.autonvaraosahaku.fi\/index.php?rest_route=\/wp\/v2\/product\/8734","targetHints":{"allow":["GET"]}}],"collection":[{"href":"https:\/\/www.autonvaraosahaku.fi\/index.php?rest_route=\/wp\/v2\/product"}],"about":[{"href":"https:\/\/www.autonvaraosahaku.fi\/index.php?rest_route=\/wp\/v2\/types\/product"}],"wp:attachment":[{"href":"https:\/\/www.autonvaraosahaku.fi\/index.php?rest_route=%2Fwp%2Fv2%2Fmedia&parent=8734"}],"wp:term":[{"taxonomy":"pwb-brand","embeddable":true,"href":"https:\/\/www.autonvaraosahaku.fi\/index.php?rest_route=%2Fwp%2Fv2%2Fpwb-brand&post=8734"},{"taxonomy":"product_cat","embeddable":true,"href":"https:\/\/www.autonvaraosahaku.fi\/index.php?rest_route=%2Fwp%2Fv2%2Fproduct_cat&post=8734"},{"taxonomy":"product_tag","embeddable":true,"href":"https:\/\/www.autonvaraosahaku.fi\/index.php?rest_route=%2Fwp%2Fv2%2Fproduct_tag&post=8734"}],"curies":[{"name":"wp","href":"https:\/\/api.w.org\/{rel}","templated":true}]}}