{"id":87351,"date":"2021-02-21T20:54:41","date_gmt":"2021-02-21T20:54:41","guid":{"rendered":"https:\/\/www.autonvaraosahaku.fi\/?product=abakus-550-1506r-we-vilkku"},"modified":"2021-02-21T20:54:41","modified_gmt":"2021-02-21T20:54:41","slug":"abakus-550-1506r-we-vilkku","status":"publish","type":"product","link":"https:\/\/www.autonvaraosahaku.fi\/?product=abakus-550-1506r-we-vilkku","title":{"rendered":"ABAKUS 550-1506R-WE Vilkku"},"content":{"rendered":"<p>Asennuspuoli: Eteen, oikea; V\u00e4ri: Valkoinen; Lis\u00e4tarvike\/lis\u00e4tieto: Lampun kannalla; Vilkun v\u00e4ri: Valkoinen; Lasin v\u00e4ri: Valkoinen; Vuosimallista: 1990; Rekister\u00f6ity tyyppi: E-hyv\u00e4ksytty; PEUGEOT: 205 II 20A\/C; 630317; Vilkkuvalo,Suuntavilkku<\/p>\n","protected":false},"excerpt":{"rendered":"<p>ABAKUS Vilkku 550-1506R-WE Vilkkuvalo,Suuntavilkku PEUGEOT,205 II 20A\/C<\/p>\n","protected":false},"featured_media":0,"template":"","meta":{"site-sidebar-layout":"default","site-content-layout":"default","ast-global-header-display":"","ast-main-header-display":"","ast-hfb-above-header-display":"","ast-hfb-below-header-display":"","ast-hfb-mobile-header-display":"","site-post-title":"","ast-breadcrumbs-content":"","ast-featured-img":"","footer-sml-layout":"","theme-transparent-header-meta":"","adv-header-id-meta":"","stick-header-meta":"","header-above-stick-meta":"","header-main-stick-meta":"","header-below-stick-meta":""},"pwb-brand":[148],"product_cat":[149],"product_tag":[],"class_list":{"0":"post-87351","1":"product","2":"type-product","3":"status-publish","5":"pwb-brand-abakus","6":"product_cat-vilkku","7":"desktop-align-left","8":"tablet-align-left","9":"mobile-align-left","11":"first","12":"instock","13":"product-type-external"},"brands":[{"id":148,"name":"ABAKUS","slug":"abakus"}],"_links":{"self":[{"href":"https:\/\/www.autonvaraosahaku.fi\/index.php?rest_route=\/wp\/v2\/product\/87351","targetHints":{"allow":["GET"]}}],"collection":[{"href":"https:\/\/www.autonvaraosahaku.fi\/index.php?rest_route=\/wp\/v2\/product"}],"about":[{"href":"https:\/\/www.autonvaraosahaku.fi\/index.php?rest_route=\/wp\/v2\/types\/product"}],"wp:attachment":[{"href":"https:\/\/www.autonvaraosahaku.fi\/index.php?rest_route=%2Fwp%2Fv2%2Fmedia&parent=87351"}],"wp:term":[{"taxonomy":"pwb-brand","embeddable":true,"href":"https:\/\/www.autonvaraosahaku.fi\/index.php?rest_route=%2Fwp%2Fv2%2Fpwb-brand&post=87351"},{"taxonomy":"product_cat","embeddable":true,"href":"https:\/\/www.autonvaraosahaku.fi\/index.php?rest_route=%2Fwp%2Fv2%2Fproduct_cat&post=87351"},{"taxonomy":"product_tag","embeddable":true,"href":"https:\/\/www.autonvaraosahaku.fi\/index.php?rest_route=%2Fwp%2Fv2%2Fproduct_tag&post=87351"}],"curies":[{"name":"wp","href":"https:\/\/api.w.org\/{rel}","templated":true}]}}