{"id":87355,"date":"2021-02-21T20:54:41","date_gmt":"2021-02-21T20:54:41","guid":{"rendered":"https:\/\/www.autonvaraosahaku.fi\/?product=meyle-700-620-0000-hammastangon-suojakumi"},"modified":"2021-02-21T20:54:43","modified_gmt":"2021-02-21T20:54:43","slug":"meyle-700-620-0000-hammastangon-suojakumi","status":"publish","type":"product","link":"https:\/\/www.autonvaraosahaku.fi\/?product=meyle-700-620-0000-hammastangon-suojakumi","title":{"rendered":"MEYLE 700 620 0000 Hammastangon suojakumi"},"content":{"rendered":"<p>Asennuspuoli: Etuakseli, oikea, Etuakseli, vasen; Korkeus (mm): 178; Sis\u00e4l\u00e4pimitta 1 [mm]: 10; Sis\u00e4l\u00e4pimitta 2 [mm]: 49; Materiaali: Kumi; Lis\u00e4tarvike\/lis\u00e4tieto: Tarvikkeilla; lis\u00e4tieto: ORIGINAL Quality; VW: SHARAN 7M8, 7M9, 7M6; FORD: GALAXY WGR; SEAT: ALHAMBRA 7V8, 7V9; 1121510, 7212357, 7398680, 95VW3K661AC, YM213K661AA, 95VW3K661AC, 7M0422831B, 7M3422831, 7M0422831B, 7M3422831; Paljekumi, Ohjaus<\/p>\n","protected":false},"excerpt":{"rendered":"<p>MEYLE Hammastangon Suojakumi 700 620 0000 Paljekumi, Ohjaus VW,FORD,SEAT,SHARAN 7M8, 7M9, 7M6,GALAXY WGR,ALHAMBRA 7V8, 7V9<\/p>\n","protected":false},"featured_media":0,"template":"","meta":{"site-sidebar-layout":"default","site-content-layout":"default","ast-global-header-display":"","ast-main-header-display":"","ast-hfb-above-header-display":"","ast-hfb-below-header-display":"","ast-hfb-mobile-header-display":"","site-post-title":"","ast-breadcrumbs-content":"","ast-featured-img":"","footer-sml-layout":"","theme-transparent-header-meta":"","adv-header-id-meta":"","stick-header-meta":"","header-above-stick-meta":"","header-main-stick-meta":"","header-below-stick-meta":""},"pwb-brand":[84],"product_cat":[81],"product_tag":[],"class_list":{"0":"post-87355","1":"product","2":"type-product","3":"status-publish","5":"pwb-brand-meyle","6":"product_cat-hammastangon-suojakumi","7":"desktop-align-left","8":"tablet-align-left","9":"mobile-align-left","11":"first","12":"instock","13":"product-type-external"},"brands":[{"id":84,"name":"MEYLE","slug":"meyle"}],"_links":{"self":[{"href":"https:\/\/www.autonvaraosahaku.fi\/index.php?rest_route=\/wp\/v2\/product\/87355","targetHints":{"allow":["GET"]}}],"collection":[{"href":"https:\/\/www.autonvaraosahaku.fi\/index.php?rest_route=\/wp\/v2\/product"}],"about":[{"href":"https:\/\/www.autonvaraosahaku.fi\/index.php?rest_route=\/wp\/v2\/types\/product"}],"wp:attachment":[{"href":"https:\/\/www.autonvaraosahaku.fi\/index.php?rest_route=%2Fwp%2Fv2%2Fmedia&parent=87355"}],"wp:term":[{"taxonomy":"pwb-brand","embeddable":true,"href":"https:\/\/www.autonvaraosahaku.fi\/index.php?rest_route=%2Fwp%2Fv2%2Fpwb-brand&post=87355"},{"taxonomy":"product_cat","embeddable":true,"href":"https:\/\/www.autonvaraosahaku.fi\/index.php?rest_route=%2Fwp%2Fv2%2Fproduct_cat&post=87355"},{"taxonomy":"product_tag","embeddable":true,"href":"https:\/\/www.autonvaraosahaku.fi\/index.php?rest_route=%2Fwp%2Fv2%2Fproduct_tag&post=87355"}],"curies":[{"name":"wp","href":"https:\/\/api.w.org\/{rel}","templated":true}]}}