{"id":87376,"date":"2021-02-21T20:54:48","date_gmt":"2021-02-21T20:54:48","guid":{"rendered":"https:\/\/www.autonvaraosahaku.fi\/?product=tedgum-00461535-kallistuksenvakaajan-puslat"},"modified":"2021-02-21T20:54:50","modified_gmt":"2021-02-21T20:54:50","slug":"tedgum-00461535-kallistuksenvakaajan-puslat","status":"publish","type":"product","link":"https:\/\/www.autonvaraosahaku.fi\/?product=tedgum-00461535-kallistuksenvakaajan-puslat","title":{"rendered":"TEDGUM 00461535 Kallistuksenvakaajan puslat"},"content":{"rendered":"<p>Lukum\u00e4\u00e4r\u00e4 akselille: 2; L\u00e4pimitta [mm]: 29; Asennuspuoli: Etuakseli, Sisempi; NISSAN: ALMERA I Hatchback N15,ALMERA I N15,100 NX B13,SERENA C23M,SUNNY III N14,PULSAR V Schr\u00e4gheck N14,SUNNY III Liftback N14,PRIMERA Traveller W10,SUNNY III Traveller Y10,VANETTE CARGO Kasten HC 23,VANETTE CARGO Bus HC 23,SUNNY Kasten Y10; 5461258Y10, 5461265E00<\/p>\n","protected":false},"excerpt":{"rendered":"<p>TEDGUM Laakerin Holkki, Vakaaja 00461535  NISSAN,ALMERA I Hatchback N15,ALMERA I N15,100 NX B13,SERENA C23M,SUNNY III N14,PULSAR V Schr\u00e4gheck N14<\/p>\n","protected":false},"featured_media":0,"template":"","meta":{"site-sidebar-layout":"default","site-content-layout":"default","ast-global-header-display":"","ast-main-header-display":"","ast-hfb-above-header-display":"","ast-hfb-below-header-display":"","ast-hfb-mobile-header-display":"","site-post-title":"","ast-breadcrumbs-content":"","ast-featured-img":"","footer-sml-layout":"","theme-transparent-header-meta":"","adv-header-id-meta":"","stick-header-meta":"","header-above-stick-meta":"","header-main-stick-meta":"","header-below-stick-meta":""},"pwb-brand":[155],"product_cat":[82],"product_tag":[],"class_list":{"0":"post-87376","1":"product","2":"type-product","3":"status-publish","5":"pwb-brand-tedgum","6":"product_cat-kallistuksenvakaajan-puslat","7":"desktop-align-left","8":"tablet-align-left","9":"mobile-align-left","11":"first","12":"instock","13":"product-type-external"},"brands":[{"id":155,"name":"TEDGUM","slug":"tedgum"}],"_links":{"self":[{"href":"https:\/\/www.autonvaraosahaku.fi\/index.php?rest_route=\/wp\/v2\/product\/87376","targetHints":{"allow":["GET"]}}],"collection":[{"href":"https:\/\/www.autonvaraosahaku.fi\/index.php?rest_route=\/wp\/v2\/product"}],"about":[{"href":"https:\/\/www.autonvaraosahaku.fi\/index.php?rest_route=\/wp\/v2\/types\/product"}],"wp:attachment":[{"href":"https:\/\/www.autonvaraosahaku.fi\/index.php?rest_route=%2Fwp%2Fv2%2Fmedia&parent=87376"}],"wp:term":[{"taxonomy":"pwb-brand","embeddable":true,"href":"https:\/\/www.autonvaraosahaku.fi\/index.php?rest_route=%2Fwp%2Fv2%2Fpwb-brand&post=87376"},{"taxonomy":"product_cat","embeddable":true,"href":"https:\/\/www.autonvaraosahaku.fi\/index.php?rest_route=%2Fwp%2Fv2%2Fproduct_cat&post=87376"},{"taxonomy":"product_tag","embeddable":true,"href":"https:\/\/www.autonvaraosahaku.fi\/index.php?rest_route=%2Fwp%2Fv2%2Fproduct_tag&post=87376"}],"curies":[{"name":"wp","href":"https:\/\/api.w.org\/{rel}","templated":true}]}}