{"id":87380,"date":"2021-02-21T20:54:48","date_gmt":"2021-02-21T20:54:48","guid":{"rendered":"https:\/\/www.autonvaraosahaku.fi\/?product=tedgum-00417969-taka-akselin-puslat"},"modified":"2021-02-21T20:54:52","modified_gmt":"2021-02-21T20:54:52","slug":"tedgum-00417969-taka-akselin-puslat","status":"publish","type":"product","link":"https:\/\/www.autonvaraosahaku.fi\/?product=tedgum-00417969-taka-akselin-puslat","title":{"rendered":"TEDGUM 00417969 Taka-akselin puslat"},"content":{"rendered":"<p>Lukum\u00e4\u00e4r\u00e4 akselille: 4; Materiaali: PU (polyuretaani); Asennuspuoli: Edess\u00e4, Taka-akseli, molemminpuolinen; Korvaava tuote\/korvaava tiedote 2: rasvakupilla; MERCEDES-BENZ: G-CLASS W463,G-CLASS W460,G-CLASS W461,G-CLASS Cabrio W463; 4603520465, A4603520465<\/p>\n","protected":false},"excerpt":{"rendered":"<p>TEDGUM Kiinnitys, Akseliston Kiinnitys 00417969  MERCEDES-BENZ,G-CLASS W463,G-CLASS W460,G-CLASS W461,G-CLASS Cabrio W463<\/p>\n","protected":false},"featured_media":0,"template":"","meta":{"site-sidebar-layout":"default","site-content-layout":"default","ast-global-header-display":"","ast-main-header-display":"","ast-hfb-above-header-display":"","ast-hfb-below-header-display":"","ast-hfb-mobile-header-display":"","site-post-title":"","ast-breadcrumbs-content":"","ast-featured-img":"","footer-sml-layout":"","theme-transparent-header-meta":"","adv-header-id-meta":"","stick-header-meta":"","header-above-stick-meta":"","header-main-stick-meta":"","header-below-stick-meta":""},"pwb-brand":[155],"product_cat":[156],"product_tag":[],"class_list":{"0":"post-87380","1":"product","2":"type-product","3":"status-publish","5":"pwb-brand-tedgum","6":"product_cat-taka-akselin-puslat","7":"desktop-align-left","8":"tablet-align-left","9":"mobile-align-left","11":"first","12":"instock","13":"product-type-external"},"brands":[{"id":155,"name":"TEDGUM","slug":"tedgum"}],"_links":{"self":[{"href":"https:\/\/www.autonvaraosahaku.fi\/index.php?rest_route=\/wp\/v2\/product\/87380","targetHints":{"allow":["GET"]}}],"collection":[{"href":"https:\/\/www.autonvaraosahaku.fi\/index.php?rest_route=\/wp\/v2\/product"}],"about":[{"href":"https:\/\/www.autonvaraosahaku.fi\/index.php?rest_route=\/wp\/v2\/types\/product"}],"wp:attachment":[{"href":"https:\/\/www.autonvaraosahaku.fi\/index.php?rest_route=%2Fwp%2Fv2%2Fmedia&parent=87380"}],"wp:term":[{"taxonomy":"pwb-brand","embeddable":true,"href":"https:\/\/www.autonvaraosahaku.fi\/index.php?rest_route=%2Fwp%2Fv2%2Fpwb-brand&post=87380"},{"taxonomy":"product_cat","embeddable":true,"href":"https:\/\/www.autonvaraosahaku.fi\/index.php?rest_route=%2Fwp%2Fv2%2Fproduct_cat&post=87380"},{"taxonomy":"product_tag","embeddable":true,"href":"https:\/\/www.autonvaraosahaku.fi\/index.php?rest_route=%2Fwp%2Fv2%2Fproduct_tag&post=87380"}],"curies":[{"name":"wp","href":"https:\/\/api.w.org\/{rel}","templated":true}]}}