{"id":87398,"date":"2021-02-21T20:54:55","date_gmt":"2021-02-21T20:54:55","guid":{"rendered":"https:\/\/www.autonvaraosahaku.fi\/?product=beru-zef1628-sytytysjohto"},"modified":"2021-02-21T20:54:58","modified_gmt":"2021-02-21T20:54:58","slug":"beru-zef1628-sytytysjohto","status":"publish","type":"product","link":"https:\/\/www.autonvaraosahaku.fi\/?product=beru-zef1628-sytytysjohto","title":{"rendered":"BERU ZEF1628 Sytytysjohto"},"content":{"rendered":"<p>L\u00e4pimitta [mm]: 8; DIN \/ ISO: D; Sytytystulppa: Liit\u00e4nt\u00e4 SAE; Sytytyspuola: Liit\u00e4nt\u00e4 sahahammas; Pituus 1 (mm): 452; Pituus 2 (mm): 392; johtojen lukum\u00e4\u00e4r\u00e4: 4; Pituus 3 [mm]: 267; Pituus 4 [mm]: 247; Valmistusp\u00e4iv\u00e4m\u00e4\u00e4r\u00e4st\u00e4: 26.03.2007; FORD: FOCUS II Kombi DA_,FIESTA VI,FOCUS II DA_,FOCUS III Turnier,FOCUS C-MAX,FUSION JU_,C-MAX DM2,FOCUS III,C-MAX II,GRAND C-MAX,FOCUS II Stufenheck DA_,FOCUS II Cabriolet,FIESTA VI Van; 1502365, 1502366, 1502367, 1502368, YS6F12283B1A, YS6F12284B1A, YS6F12286B1A, YS6F12287B1A; Sytytysjohtosarja,Sytytyskaapeli<\/p>\n","protected":false},"excerpt":{"rendered":"<p>BERU Sytytysjohto ZEF1628 Sytytysjohtosarja,Sytytyskaapeli FORD,FOCUS II Kombi DA_,FIESTA VI,FOCUS II DA_,FOCUS III Turnier,FOCUS C-MAX,FUSION JU_<\/p>\n","protected":false},"featured_media":0,"template":"","meta":{"site-sidebar-layout":"default","site-content-layout":"default","ast-global-header-display":"","ast-main-header-display":"","ast-hfb-above-header-display":"","ast-hfb-below-header-display":"","ast-hfb-mobile-header-display":"","site-post-title":"","ast-breadcrumbs-content":"","ast-featured-img":"","footer-sml-layout":"","theme-transparent-header-meta":"","adv-header-id-meta":"","stick-header-meta":"","header-above-stick-meta":"","header-main-stick-meta":"","header-below-stick-meta":""},"pwb-brand":[327],"product_cat":[198],"product_tag":[],"class_list":{"0":"post-87398","1":"product","2":"type-product","3":"status-publish","5":"pwb-brand-beru","6":"product_cat-sytytysjohto","7":"desktop-align-left","8":"tablet-align-left","9":"mobile-align-left","11":"first","12":"instock","13":"product-type-external"},"brands":[{"id":327,"name":"BERU","slug":"beru"}],"_links":{"self":[{"href":"https:\/\/www.autonvaraosahaku.fi\/index.php?rest_route=\/wp\/v2\/product\/87398","targetHints":{"allow":["GET"]}}],"collection":[{"href":"https:\/\/www.autonvaraosahaku.fi\/index.php?rest_route=\/wp\/v2\/product"}],"about":[{"href":"https:\/\/www.autonvaraosahaku.fi\/index.php?rest_route=\/wp\/v2\/types\/product"}],"wp:attachment":[{"href":"https:\/\/www.autonvaraosahaku.fi\/index.php?rest_route=%2Fwp%2Fv2%2Fmedia&parent=87398"}],"wp:term":[{"taxonomy":"pwb-brand","embeddable":true,"href":"https:\/\/www.autonvaraosahaku.fi\/index.php?rest_route=%2Fwp%2Fv2%2Fpwb-brand&post=87398"},{"taxonomy":"product_cat","embeddable":true,"href":"https:\/\/www.autonvaraosahaku.fi\/index.php?rest_route=%2Fwp%2Fv2%2Fproduct_cat&post=87398"},{"taxonomy":"product_tag","embeddable":true,"href":"https:\/\/www.autonvaraosahaku.fi\/index.php?rest_route=%2Fwp%2Fv2%2Fproduct_tag&post=87398"}],"curies":[{"name":"wp","href":"https:\/\/api.w.org\/{rel}","templated":true}]}}