{"id":87400,"date":"2021-02-21T20:54:55","date_gmt":"2021-02-21T20:54:55","guid":{"rendered":"https:\/\/www.autonvaraosahaku.fi\/?product=stabilus-1624mf-ohjausvaimennin"},"modified":"2021-02-21T20:54:59","modified_gmt":"2021-02-21T20:54:59","slug":"stabilus-1624mf-ohjausvaimennin","status":"publish","type":"product","link":"https:\/\/www.autonvaraosahaku.fi\/?product=stabilus-1624mf-ohjausvaimennin","title":{"rendered":"STABILUS 1624MF Ohjausvaimennin"},"content":{"rendered":"<p>Vetovoima [N]: 570; Ty\u00f6nt\u00f6voima [N]: 570; Pituus (mm): 394; Isku (mm): 136; lis\u00e4tieto: \/\/  STAB-O-SHOC\u00ae; Tarvittava kappalem\u00e4\u00e4r\u00e4: 1; SMART: CITY-COUPE 450,CABRIO 450,FORTWO Coupe 450,FORTWO Cabrio 450,CROSSBLADE 450; 0004873V002, 0004873V002; Ohjausiskunvaimennin<\/p>\n","protected":false},"excerpt":{"rendered":"<p>STABILUS Ohjausvaimennin 1624MF Ohjausiskunvaimennin SMART,CITY-COUPE 450,CABRIO 450,FORTWO Coupe 450,FORTWO Cabrio 450,CROSSBLADE 450<\/p>\n","protected":false},"featured_media":0,"template":"","meta":{"site-sidebar-layout":"default","site-content-layout":"default","ast-global-header-display":"","ast-main-header-display":"","ast-hfb-above-header-display":"","ast-hfb-below-header-display":"","ast-hfb-mobile-header-display":"","site-post-title":"","ast-breadcrumbs-content":"","ast-featured-img":"","footer-sml-layout":"","theme-transparent-header-meta":"","adv-header-id-meta":"","stick-header-meta":"","header-above-stick-meta":"","header-main-stick-meta":"","header-below-stick-meta":""},"pwb-brand":[218],"product_cat":[475],"product_tag":[],"class_list":{"0":"post-87400","1":"product","2":"type-product","3":"status-publish","5":"pwb-brand-stabilus","6":"product_cat-ohjausvaimennin","7":"desktop-align-left","8":"tablet-align-left","9":"mobile-align-left","11":"first","12":"instock","13":"product-type-external"},"brands":[{"id":218,"name":"STABILUS","slug":"stabilus"}],"_links":{"self":[{"href":"https:\/\/www.autonvaraosahaku.fi\/index.php?rest_route=\/wp\/v2\/product\/87400","targetHints":{"allow":["GET"]}}],"collection":[{"href":"https:\/\/www.autonvaraosahaku.fi\/index.php?rest_route=\/wp\/v2\/product"}],"about":[{"href":"https:\/\/www.autonvaraosahaku.fi\/index.php?rest_route=\/wp\/v2\/types\/product"}],"wp:attachment":[{"href":"https:\/\/www.autonvaraosahaku.fi\/index.php?rest_route=%2Fwp%2Fv2%2Fmedia&parent=87400"}],"wp:term":[{"taxonomy":"pwb-brand","embeddable":true,"href":"https:\/\/www.autonvaraosahaku.fi\/index.php?rest_route=%2Fwp%2Fv2%2Fpwb-brand&post=87400"},{"taxonomy":"product_cat","embeddable":true,"href":"https:\/\/www.autonvaraosahaku.fi\/index.php?rest_route=%2Fwp%2Fv2%2Fproduct_cat&post=87400"},{"taxonomy":"product_tag","embeddable":true,"href":"https:\/\/www.autonvaraosahaku.fi\/index.php?rest_route=%2Fwp%2Fv2%2Fproduct_tag&post=87400"}],"curies":[{"name":"wp","href":"https:\/\/api.w.org\/{rel}","templated":true}]}}