{"id":87413,"date":"2021-02-21T20:55:03","date_gmt":"2021-02-21T20:55:03","guid":{"rendered":"https:\/\/www.autonvaraosahaku.fi\/?product=herthbuss-jakoparts-j3311050-jarrulevyt"},"modified":"2021-02-21T20:55:04","modified_gmt":"2021-02-21T20:55:04","slug":"herthbuss-jakoparts-j3311050-jarrulevyt","status":"publish","type":"product","link":"https:\/\/www.autonvaraosahaku.fi\/?product=herthbuss-jakoparts-j3311050-jarrulevyt","title":{"rendered":"HERTH+BUSS JAKOPARTS J3311050 Jarrulevyt"},"content":{"rendered":"<p>Jarrulevytyyppi: Vakiomalli; Ulkol\u00e4pimitta [mm]: 292; Jarrulevyn paksuus (mm): 9; V\u00e4himm\u00e4ispaksuus (mm): 8; Reikien m\u00e4\u00e4r\u00e4: 5; Reik\u00e4lukum\u00e4\u00e4r\u00e4 1: 1; Reik\u00e4ympyr\u00e4-\u00d8 [mm]: 114,3; Sis\u00e4l\u00e4pimitta [mm]: 165; Korkeus (mm): 62; Napa-\u00d8 (mm): 68,04; Pinta: pinnoitettu; Asennuspuoli: Hinterachse; NISSAN: QASHQAI \/ QASHQAI +2 J10, JJ10,JUKE F15,NV200 EVALIA,NV200 Kasten,PULSAR Schr\u00e4gheck C13; 432067Y000, 432069W000, 432069Y000, 43206JA00A, 43206JA00B, 43206JD00A, 43206JD00B, 43206JG00A, 43206ZX00A; Jarrulevy<\/p>\n","protected":false},"excerpt":{"rendered":"<p>HERTH+BUSS JAKOPARTS Jarrulevyt J3311050 Jarrulevy NISSAN,QASHQAI \/ QASHQAI +2 J10, JJ10,JUKE F15,NV200 EVALIA,NV200 Kasten,PULSAR Schr\u00e4gheck C13<\/p>\n","protected":false},"featured_media":0,"template":"","meta":{"site-sidebar-layout":"default","site-content-layout":"default","ast-global-header-display":"","ast-main-header-display":"","ast-hfb-above-header-display":"","ast-hfb-below-header-display":"","ast-hfb-mobile-header-display":"","site-post-title":"","ast-breadcrumbs-content":"","ast-featured-img":"","footer-sml-layout":"","theme-transparent-header-meta":"","adv-header-id-meta":"","stick-header-meta":"","header-above-stick-meta":"","header-main-stick-meta":"","header-below-stick-meta":""},"pwb-brand":[416],"product_cat":[66],"product_tag":[],"class_list":{"0":"post-87413","1":"product","2":"type-product","3":"status-publish","5":"pwb-brand-herthbuss-jakoparts","6":"product_cat-jarrulevyt","7":"desktop-align-left","8":"tablet-align-left","9":"mobile-align-left","11":"first","12":"instock","13":"product-type-external"},"brands":[{"id":416,"name":"HERTH+BUSS JAKOPARTS","slug":"herthbuss-jakoparts"}],"_links":{"self":[{"href":"https:\/\/www.autonvaraosahaku.fi\/index.php?rest_route=\/wp\/v2\/product\/87413","targetHints":{"allow":["GET"]}}],"collection":[{"href":"https:\/\/www.autonvaraosahaku.fi\/index.php?rest_route=\/wp\/v2\/product"}],"about":[{"href":"https:\/\/www.autonvaraosahaku.fi\/index.php?rest_route=\/wp\/v2\/types\/product"}],"wp:attachment":[{"href":"https:\/\/www.autonvaraosahaku.fi\/index.php?rest_route=%2Fwp%2Fv2%2Fmedia&parent=87413"}],"wp:term":[{"taxonomy":"pwb-brand","embeddable":true,"href":"https:\/\/www.autonvaraosahaku.fi\/index.php?rest_route=%2Fwp%2Fv2%2Fpwb-brand&post=87413"},{"taxonomy":"product_cat","embeddable":true,"href":"https:\/\/www.autonvaraosahaku.fi\/index.php?rest_route=%2Fwp%2Fv2%2Fproduct_cat&post=87413"},{"taxonomy":"product_tag","embeddable":true,"href":"https:\/\/www.autonvaraosahaku.fi\/index.php?rest_route=%2Fwp%2Fv2%2Fproduct_tag&post=87413"}],"curies":[{"name":"wp","href":"https:\/\/api.w.org\/{rel}","templated":true}]}}