{"id":87427,"date":"2021-02-21T20:55:03","date_gmt":"2021-02-21T20:55:03","guid":{"rendered":"https:\/\/www.autonvaraosahaku.fi\/?product=monroe-v1171-iskunvaimennin"},"modified":"2021-02-21T20:55:09","modified_gmt":"2021-02-21T20:55:09","slug":"monroe-v1171-iskunvaimennin","status":"publish","type":"product","link":"https:\/\/www.autonvaraosahaku.fi\/?product=monroe-v1171-iskunvaimennin","title":{"rendered":"MONROE V1171 Iskunvaimennin"},"content":{"rendered":"<p>Iskunvaimennin tyyppi: \u00d6ljypaine; Iskunvaimennusj\u00e4rjestelm\u00e4: Kaksiputki; Iskunvaimennin asennustapa: Silmukka ylh\u00e4\u00e4ll\u00e4, Tappi alhaalla; Paino [kg]: 1,400; Reik\u00e4-\u00d8 [mm]: 25,4; suurin pituus [mm]: 383; v\u00e4h. pituus [mm]: 266; Pakkauspituus [cm]: 45; Pakkausleveys [cm]: 5,5; Pakkauskorkeus [mm]: 5,3; Tullitariffinumero: 87088035; Tappil\u00e4pimitta [mm]: 12,4; Asennuspuoli: Hinterachse; TOYOTA: HIACE IV Bus LH1_,HIACE IV Kasten LXH1_, RZH1_, LH1_,HIACE III Wagon LH1_, RZH1_; 48530678, 48530679, 4853126730, 4853126740, 4853180459, 4853180678, 4853180679, 4853180742, 485326730, 485326740, 48536730, 48536740, 485380678, 485380679; Iskarit,Iskunvaimennin<\/p>\n","protected":false},"excerpt":{"rendered":"<p>MONROE Iskunvaimentimet VAN-MAGNUM V1171 Iskarit,Iskunvaimennin TOYOTA,HIACE IV Bus LH1_,HIACE IV Kasten LXH1_, RZH1_, LH1_<\/p>\n","protected":false},"featured_media":0,"template":"","meta":{"site-sidebar-layout":"default","site-content-layout":"default","ast-global-header-display":"","ast-main-header-display":"","ast-hfb-above-header-display":"","ast-hfb-below-header-display":"","ast-hfb-mobile-header-display":"","site-post-title":"","ast-breadcrumbs-content":"","ast-featured-img":"","footer-sml-layout":"","theme-transparent-header-meta":"","adv-header-id-meta":"","stick-header-meta":"","header-above-stick-meta":"","header-main-stick-meta":"","header-below-stick-meta":""},"pwb-brand":[79],"product_cat":[80],"product_tag":[],"class_list":{"0":"post-87427","1":"product","2":"type-product","3":"status-publish","5":"pwb-brand-monroe","6":"product_cat-iskunvaimennin","7":"desktop-align-left","8":"tablet-align-left","9":"mobile-align-left","11":"first","12":"instock","13":"product-type-external"},"brands":[{"id":79,"name":"MONROE","slug":"monroe"}],"_links":{"self":[{"href":"https:\/\/www.autonvaraosahaku.fi\/index.php?rest_route=\/wp\/v2\/product\/87427","targetHints":{"allow":["GET"]}}],"collection":[{"href":"https:\/\/www.autonvaraosahaku.fi\/index.php?rest_route=\/wp\/v2\/product"}],"about":[{"href":"https:\/\/www.autonvaraosahaku.fi\/index.php?rest_route=\/wp\/v2\/types\/product"}],"wp:attachment":[{"href":"https:\/\/www.autonvaraosahaku.fi\/index.php?rest_route=%2Fwp%2Fv2%2Fmedia&parent=87427"}],"wp:term":[{"taxonomy":"pwb-brand","embeddable":true,"href":"https:\/\/www.autonvaraosahaku.fi\/index.php?rest_route=%2Fwp%2Fv2%2Fpwb-brand&post=87427"},{"taxonomy":"product_cat","embeddable":true,"href":"https:\/\/www.autonvaraosahaku.fi\/index.php?rest_route=%2Fwp%2Fv2%2Fproduct_cat&post=87427"},{"taxonomy":"product_tag","embeddable":true,"href":"https:\/\/www.autonvaraosahaku.fi\/index.php?rest_route=%2Fwp%2Fv2%2Fproduct_tag&post=87427"}],"curies":[{"name":"wp","href":"https:\/\/api.w.org\/{rel}","templated":true}]}}