{"id":87469,"date":"2021-02-21T20:55:20","date_gmt":"2021-02-21T20:55:20","guid":{"rendered":"https:\/\/www.autonvaraosahaku.fi\/?product=elring-076-220-kampiakselin-tiiviste"},"modified":"2021-02-21T20:55:27","modified_gmt":"2021-02-21T20:55:27","slug":"elring-076-220-kampiakselin-tiiviste","status":"publish","type":"product","link":"https:\/\/www.autonvaraosahaku.fi\/?product=elring-076-220-kampiakselin-tiiviste","title":{"rendered":"ELRING 076.220 Kampiakselin tiiviste"},"content":{"rendered":"<p>Sis\u00e4l\u00e4pimitta [mm]: 40; Ulkol\u00e4pimitta [mm]: 55; Korkeus (mm): 6,5; Akselitiivisteen malli: AS; Rihlamalli: Oikea kierre; Materiaali: FPM (fluori-kumi); Suojavaippa: Suojakumilla; Asennuspuoli: stirnseitig; LANCIA: PHEDRA 179,ZETA 220; FIAT: ULYSSE 179AX,ULYSSE 220,SCUDO Kasten 220L,SCUDO Combinato 220P; CITRO\u00cbN: XSARA PICASSO N68,C4 Picasso I UD_,C8 EA_, EB_,C4 I LC_,C5 II Break RE_,C5 I DC_,C5 I Break DE_,XSARA N1,C4 Coupe LA_,C5 II RC_,XSARA Break N2,XSARA Coupe N0,EVASION 22, U6,C4 Stufenheck L,JUMPY U6U,JUMPY Kasten BS_, BT_, BY_, BZ_,JUMPY Pritsche\/Fahrgestell BU_, BV_, BW_, BX_; PEUGEOT: 206 Schr\u00e4gheck 2A\/C,206 CC 2D,307 SW 3H,307 CC 3B,407 SW 6E_,307 3A\/C,206 SW 2E\/K,807 E,307 Break 3E,607 9D, 9U,407 6D_,406 Break 8E\/F,406 Coupe 8C,406 8B,806 221,407 Coupe 6C_,EXPERT Kasten 222,EXPERT 224; 032627, 9456202980, 032627; Akselitiiviste, Kampiakseli<\/p>\n","protected":false},"excerpt":{"rendered":"<p>ELRING Kampiakselin Tiiviste 076.220 Akselitiiviste, Kampiakseli LANCIA,FIAT,CITRO\u00cbN,PHEDRA 179,ZETA 220,ULYSSE 179AX,ULYSSE 220,SCUDO Kasten 220L<\/p>\n","protected":false},"featured_media":0,"template":"","meta":{"site-sidebar-layout":"default","site-content-layout":"default","ast-global-header-display":"","ast-main-header-display":"","ast-hfb-above-header-display":"","ast-hfb-below-header-display":"","ast-hfb-mobile-header-display":"","site-post-title":"","ast-breadcrumbs-content":"","ast-featured-img":"","footer-sml-layout":"","theme-transparent-header-meta":"","adv-header-id-meta":"","stick-header-meta":"","header-above-stick-meta":"","header-main-stick-meta":"","header-below-stick-meta":""},"pwb-brand":[26],"product_cat":[88],"product_tag":[],"class_list":{"0":"post-87469","1":"product","2":"type-product","3":"status-publish","5":"pwb-brand-elring","6":"product_cat-kampiakselin-tiiviste","7":"desktop-align-left","8":"tablet-align-left","9":"mobile-align-left","11":"first","12":"instock","13":"product-type-external"},"brands":[{"id":26,"name":"ELRING","slug":"elring"}],"_links":{"self":[{"href":"https:\/\/www.autonvaraosahaku.fi\/index.php?rest_route=\/wp\/v2\/product\/87469","targetHints":{"allow":["GET"]}}],"collection":[{"href":"https:\/\/www.autonvaraosahaku.fi\/index.php?rest_route=\/wp\/v2\/product"}],"about":[{"href":"https:\/\/www.autonvaraosahaku.fi\/index.php?rest_route=\/wp\/v2\/types\/product"}],"wp:attachment":[{"href":"https:\/\/www.autonvaraosahaku.fi\/index.php?rest_route=%2Fwp%2Fv2%2Fmedia&parent=87469"}],"wp:term":[{"taxonomy":"pwb-brand","embeddable":true,"href":"https:\/\/www.autonvaraosahaku.fi\/index.php?rest_route=%2Fwp%2Fv2%2Fpwb-brand&post=87469"},{"taxonomy":"product_cat","embeddable":true,"href":"https:\/\/www.autonvaraosahaku.fi\/index.php?rest_route=%2Fwp%2Fv2%2Fproduct_cat&post=87469"},{"taxonomy":"product_tag","embeddable":true,"href":"https:\/\/www.autonvaraosahaku.fi\/index.php?rest_route=%2Fwp%2Fv2%2Fproduct_tag&post=87469"}],"curies":[{"name":"wp","href":"https:\/\/api.w.org\/{rel}","templated":true}]}}