{"id":87482,"date":"2021-02-21T20:55:28","date_gmt":"2021-02-21T20:55:28","guid":{"rendered":"https:\/\/www.autonvaraosahaku.fi\/?product=hella-8fk-351-340-581-ilmastoinnin-kompressori"},"modified":"2021-02-21T20:55:33","modified_gmt":"2021-02-21T20:55:33","slug":"hella-8fk-351-340-581-ilmastoinnin-kompressori","status":"publish","type":"product","link":"https:\/\/www.autonvaraosahaku.fi\/?product=hella-8fk-351-340-581-ilmastoinnin-kompressori","title":{"rendered":"HELLA 8FK 351 340-581 Ilmastoinnin kompressori"},"content":{"rendered":"<p>Valmistaja rajaus: Sanden; Kompressorin tunnus: SD6C12; kiiloja: 6; Korvaava tuote\/korvaava tiedote 2: Tiivisterenkaalla; Kylm\u00e4aine: R 134a; Kompressori\u00f6ljy: PAG 46; Hihnapy\u00f6r\u00e4-\u00d8[mm]: 119; Hihnapy\u00f6r\u00e4t: Moniurahihnapy\u00f6r\u00e4ll\u00e4; Liittimet: PAD; Sylinterikannen tunnus (kompr.): E01L \/ CRJ; Nimellisj\u00e4nnite (V): 12; Organisaationumerosta: 1007388; PEUGEOT: 207 WA_, WC_,307 SW 3H,207 CC WD_,307 CC 3B,307 3A\/C,207 SW WK_,308 SW,308 4A_, 4C_,307 Break 3E,PARTNER Tepee,308 CC,PARTNER Kasten,207 Stufenheck,207 Van; CITRO\u00cbN: BERLINGO B9,C4 I LC_,C3 Picasso,C4 Coupe LA_,BERLINGO Kasten B9,C4 Stufenheck L,C4 Stufenheck N; 6453QJ, 6453QK, 6453WK, 6453WL, 6453ZZ, 648708, 9651910980, 9659875780, 9670318880, 9671216280, 9678038980, 9678656080, 6453QJ, 6453QK, 6453WK, 6453WL, 6453ZZ, 648708, 9651910980, 9659875780, 9670318880, 9671216280, 9678038980, 9678656080; AC Kompressori,Kompressori, Ilmastointilaite<\/p>\n","protected":false},"excerpt":{"rendered":"<p>HELLA Ilmastoinnin Kompressori 8FK 351 340-581 AC Kompressori,Kompressori, Ilmastointilaite PEUGEOT,CITRO\u00cbN,207 WA_, WC_,307 SW 3H,207 CC WD_<\/p>\n","protected":false},"featured_media":0,"template":"","meta":{"site-sidebar-layout":"default","site-content-layout":"default","ast-global-header-display":"","ast-main-header-display":"","ast-hfb-above-header-display":"","ast-hfb-below-header-display":"","ast-hfb-mobile-header-display":"","site-post-title":"","ast-breadcrumbs-content":"","ast-featured-img":"","footer-sml-layout":"","theme-transparent-header-meta":"","adv-header-id-meta":"","stick-header-meta":"","header-above-stick-meta":"","header-main-stick-meta":"","header-below-stick-meta":""},"pwb-brand":[24],"product_cat":[444],"product_tag":[],"class_list":{"0":"post-87482","1":"product","2":"type-product","3":"status-publish","5":"pwb-brand-hella","6":"product_cat-ilmastoinnin-kompressori","7":"desktop-align-left","8":"tablet-align-left","9":"mobile-align-left","11":"first","12":"instock","13":"product-type-external"},"brands":[{"id":24,"name":"HELLA","slug":"hella"}],"_links":{"self":[{"href":"https:\/\/www.autonvaraosahaku.fi\/index.php?rest_route=\/wp\/v2\/product\/87482","targetHints":{"allow":["GET"]}}],"collection":[{"href":"https:\/\/www.autonvaraosahaku.fi\/index.php?rest_route=\/wp\/v2\/product"}],"about":[{"href":"https:\/\/www.autonvaraosahaku.fi\/index.php?rest_route=\/wp\/v2\/types\/product"}],"wp:attachment":[{"href":"https:\/\/www.autonvaraosahaku.fi\/index.php?rest_route=%2Fwp%2Fv2%2Fmedia&parent=87482"}],"wp:term":[{"taxonomy":"pwb-brand","embeddable":true,"href":"https:\/\/www.autonvaraosahaku.fi\/index.php?rest_route=%2Fwp%2Fv2%2Fpwb-brand&post=87482"},{"taxonomy":"product_cat","embeddable":true,"href":"https:\/\/www.autonvaraosahaku.fi\/index.php?rest_route=%2Fwp%2Fv2%2Fproduct_cat&post=87482"},{"taxonomy":"product_tag","embeddable":true,"href":"https:\/\/www.autonvaraosahaku.fi\/index.php?rest_route=%2Fwp%2Fv2%2Fproduct_tag&post=87482"}],"curies":[{"name":"wp","href":"https:\/\/api.w.org\/{rel}","templated":true}]}}