{"id":87491,"date":"2021-02-21T20:55:36","date_gmt":"2021-02-21T20:55:36","guid":{"rendered":"https:\/\/www.autonvaraosahaku.fi\/?product=hella-6pv-010-946-011-anturit-sensorit"},"modified":"2021-02-21T20:55:37","modified_gmt":"2021-02-21T20:55:37","slug":"hella-6pv-010-946-011-anturit-sensorit","status":"publish","type":"product","link":"https:\/\/www.autonvaraosahaku.fi\/?product=hella-6pv-010-946-011-anturit-sensorit","title":{"rendered":"HELLA 6PV 010 946-011 Anturit (sensorit)"},"content":{"rendered":"<p>Korvaava tuote\/korvaava tiedote 2: Poljinkumi; Kiinnitysreikien lukum\u00e4\u00e4r\u00e4: 1; Liittimi\u00e4: 6; Vaihteistomalli: Automaattivaihteisto, f\u00fcr Getriebeautomatik 7 Gang; Vasen \/ oikea liikenne: Ohjaus vasemmalla; VW: GOLF V 1K1,PASSAT Variant 3C5,PASSAT 3C2,PASSAT Variant 365,GOLF VI Variant AJ5,GOLF V Variant 1K5,EOS 1F7, 1F8,SCIROCCO 137, 138,PASSAT CC 357,JETTA III 1K2,PASSAT 362,CC 358,JETTA IV 162, 163,PASSAT ALLTRACK 365,PASSAT A32,JETTA CITY Stufenheck; AUDI: A3 8P1,A3 Sportback 8PA,TT 8J3,TT Roadster 8J9,A3 Cabriolet 8P7,R8 42,R8 Spyder,R8 4S,R8 Spyder 4S9; SKODA: OCTAVIA Combi 1Z5,SUPERB Kombi 3T5,OCTAVIA 1Z3,SUPERB 3T4; SEAT: LEON 1P1; 1K1723503AA, 1K1723503AJ, 1K1723503AP, 1K1723503F, 1K1723503L, 1Q1723503, 1Q1723503A, 1K1723503AA, 1K1723503AJ, 1K1723503AP, 1K1723503F, 1K1723503L, 1Q1723503, 1Q1723503A, 1K1723503AA, 1K1723503AJ, 1K1723503AP, 1K1723503F, 1K1723503L, 1Q1723503, 1Q1723503A, 1K1723503AA, 1K1723503AJ, 1K1723503AP, 1K1723503F, 1K1723503L, 1Q1723503, 1Q1723503A<\/p>\n","protected":false},"excerpt":{"rendered":"<p>HELLA Tunnistin, Kaasupolkimen Asento 6PV 010 946-011  VW,AUDI,SKODA,GOLF V 1K1,PASSAT Variant 3C5,PASSAT 3C2,PASSAT Variant 365,GOLF VI Variant AJ5<\/p>\n","protected":false},"featured_media":0,"template":"","meta":{"site-sidebar-layout":"default","site-content-layout":"default","ast-global-header-display":"","ast-main-header-display":"","ast-hfb-above-header-display":"","ast-hfb-below-header-display":"","ast-hfb-mobile-header-display":"","site-post-title":"","ast-breadcrumbs-content":"","ast-featured-img":"","footer-sml-layout":"","theme-transparent-header-meta":"","adv-header-id-meta":"","stick-header-meta":"","header-above-stick-meta":"","header-main-stick-meta":"","header-below-stick-meta":""},"pwb-brand":[24],"product_cat":[98],"product_tag":[],"class_list":{"0":"post-87491","1":"product","2":"type-product","3":"status-publish","5":"pwb-brand-hella","6":"product_cat-anturit-sensorit","7":"desktop-align-left","8":"tablet-align-left","9":"mobile-align-left","11":"first","12":"instock","13":"product-type-external"},"brands":[{"id":24,"name":"HELLA","slug":"hella"}],"_links":{"self":[{"href":"https:\/\/www.autonvaraosahaku.fi\/index.php?rest_route=\/wp\/v2\/product\/87491","targetHints":{"allow":["GET"]}}],"collection":[{"href":"https:\/\/www.autonvaraosahaku.fi\/index.php?rest_route=\/wp\/v2\/product"}],"about":[{"href":"https:\/\/www.autonvaraosahaku.fi\/index.php?rest_route=\/wp\/v2\/types\/product"}],"wp:attachment":[{"href":"https:\/\/www.autonvaraosahaku.fi\/index.php?rest_route=%2Fwp%2Fv2%2Fmedia&parent=87491"}],"wp:term":[{"taxonomy":"pwb-brand","embeddable":true,"href":"https:\/\/www.autonvaraosahaku.fi\/index.php?rest_route=%2Fwp%2Fv2%2Fpwb-brand&post=87491"},{"taxonomy":"product_cat","embeddable":true,"href":"https:\/\/www.autonvaraosahaku.fi\/index.php?rest_route=%2Fwp%2Fv2%2Fproduct_cat&post=87491"},{"taxonomy":"product_tag","embeddable":true,"href":"https:\/\/www.autonvaraosahaku.fi\/index.php?rest_route=%2Fwp%2Fv2%2Fproduct_tag&post=87491"}],"curies":[{"name":"wp","href":"https:\/\/api.w.org\/{rel}","templated":true}]}}