{"id":87497,"date":"2021-02-21T20:55:36","date_gmt":"2021-02-21T20:55:36","guid":{"rendered":"https:\/\/www.autonvaraosahaku.fi\/?product=hella-6nu-010-171-091-egr-venttiili"},"modified":"2021-02-21T20:55:39","modified_gmt":"2021-02-21T20:55:39","slug":"hella-6nu-010-171-091-egr-venttiili","status":"publish","type":"product","link":"https:\/\/www.autonvaraosahaku.fi\/?product=hella-6nu-010-171-091-egr-venttiili","title":{"rendered":"HELLA 6NU 010 171-091 Egr venttiili"},"content":{"rendered":"<p>Korvaava tuote\/korvaava tiedote 2: Kuorella; Lis\u00e4tarvike\/lis\u00e4tieto: Tiivisteill\u00e4; Nimellisj\u00e4nnite (V): 12; K\u00e4ytt\u00f6: S\u00e4hk\u00f6inen; Valmistusvuosi alkaen: 10\/2005; MAZDA: 3 BK,3 Stufenheck BK; VOLVO: V50 MW,V70 III BW,C30,S40 II MS,S80 II AS; MINI: MINI R56,MINI CLUBMAN R55; FORD: FIESTA V JH_, JD_,FOCUS II Kombi DA_,FIESTA VI,FOCUS II DA_,FOCUS C-MAX,FUSION JU_,C-MAX DM2,FOCUS II Stufenheck DA_,FIESTA V Van,FIESTA VI Van; 1338675, 1439414, 1479057, 1526689, 1682737, 5S6Q9D475AA, 5S6Q9D475AB, 5S6Q9D475AC, 5S6Q9D475AD, 5S6Q9D475AE, Y60320300, Y60520300, Y60520300A, Y60520300B, Y60520300C, 11717804950, 30777471, 31259249, 36000977, 36001412; Venttiili, Pakokaasun Kierr\u00e4tys<\/p>\n","protected":false},"excerpt":{"rendered":"<p>HELLA EGR Venttiili 6NU 010 171-091 Venttiili, Pakokaasun Kierr\u00e4tys MAZDA,VOLVO,MINI,3 BK,3 Stufenheck BK,V50 MW,V70 III BW,C30,S40 II MS,S80 II AS<\/p>\n","protected":false},"featured_media":0,"template":"","meta":{"site-sidebar-layout":"default","site-content-layout":"default","ast-global-header-display":"","ast-main-header-display":"","ast-hfb-above-header-display":"","ast-hfb-below-header-display":"","ast-hfb-mobile-header-display":"","site-post-title":"","ast-breadcrumbs-content":"","ast-featured-img":"","footer-sml-layout":"","theme-transparent-header-meta":"","adv-header-id-meta":"","stick-header-meta":"","header-above-stick-meta":"","header-main-stick-meta":"","header-below-stick-meta":""},"pwb-brand":[24],"product_cat":[35],"product_tag":[],"class_list":{"0":"post-87497","1":"product","2":"type-product","3":"status-publish","5":"pwb-brand-hella","6":"product_cat-egr-venttiili","7":"desktop-align-left","8":"tablet-align-left","9":"mobile-align-left","11":"first","12":"instock","13":"product-type-external"},"brands":[{"id":24,"name":"HELLA","slug":"hella"}],"_links":{"self":[{"href":"https:\/\/www.autonvaraosahaku.fi\/index.php?rest_route=\/wp\/v2\/product\/87497","targetHints":{"allow":["GET"]}}],"collection":[{"href":"https:\/\/www.autonvaraosahaku.fi\/index.php?rest_route=\/wp\/v2\/product"}],"about":[{"href":"https:\/\/www.autonvaraosahaku.fi\/index.php?rest_route=\/wp\/v2\/types\/product"}],"wp:attachment":[{"href":"https:\/\/www.autonvaraosahaku.fi\/index.php?rest_route=%2Fwp%2Fv2%2Fmedia&parent=87497"}],"wp:term":[{"taxonomy":"pwb-brand","embeddable":true,"href":"https:\/\/www.autonvaraosahaku.fi\/index.php?rest_route=%2Fwp%2Fv2%2Fpwb-brand&post=87497"},{"taxonomy":"product_cat","embeddable":true,"href":"https:\/\/www.autonvaraosahaku.fi\/index.php?rest_route=%2Fwp%2Fv2%2Fproduct_cat&post=87497"},{"taxonomy":"product_tag","embeddable":true,"href":"https:\/\/www.autonvaraosahaku.fi\/index.php?rest_route=%2Fwp%2Fv2%2Fproduct_tag&post=87497"}],"curies":[{"name":"wp","href":"https:\/\/api.w.org\/{rel}","templated":true}]}}