{"id":87498,"date":"2021-02-21T20:55:36","date_gmt":"2021-02-21T20:55:36","guid":{"rendered":"https:\/\/www.autonvaraosahaku.fi\/?product=hella-6pt-009-107-671-oljyn-lampotila-anturi"},"modified":"2021-02-21T20:55:39","modified_gmt":"2021-02-21T20:55:39","slug":"hella-6pt-009-107-671-oljyn-lampotila-anturi","status":"publish","type":"product","link":"https:\/\/www.autonvaraosahaku.fi\/?product=hella-6pt-009-107-671-oljyn-lampotila-anturi","title":{"rendered":"HELLA 6PT 009 107-671 \u00d6ljyn l\u00e4mp\u00f6tila anturi"},"content":{"rendered":"<p>Lis\u00e4tarvike\/lis\u00e4tieto: Tiivisteill\u00e4; Nimellisj\u00e4nnite (V): 12; Liittimi\u00e4: 1; Kopan v\u00e4ri: Punainen; Kierremitta: M14x1,5; Avainv\u00e4li: 19; Tunnistinmalli: NTC-anturi; Valmistusvuosi alkaen: 04\/1993; LANCIA: LYBRA SW 839BX,DELTA I 831AB0,LYBRA 839AX,THEMA 834,DELTA II 836,DEDRA 835,Y10 156,DEDRA SW 835,THEMA SW 834; FIAT: COUPE FA\/175,UNO 146A\/E,TIPO 160,CROMA 154; ALFA ROMEO: 155 167; 530438, 60504210, 60751206, 60805482, 60808202, 7588856, 7589337, 82357865, 7588856, 7589337, 82357865, 7588856, 7589337, 82357865, 7588856, 7589337, 82357865; Tunnistin, \u00d6ljyl\u00e4mp\u00f6tila<\/p>\n","protected":false},"excerpt":{"rendered":"<p>HELLA \u00d6ljyn L\u00e4mp\u00f6tila Anturi 6PT 009 107-671 Tunnistin, \u00d6ljyl\u00e4mp\u00f6tila LANCIA,FIAT,ALFA ROMEO,LYBRA SW 839BX,DELTA I 831AB0,LYBRA 839AX,THEMA 834<\/p>\n","protected":false},"featured_media":0,"template":"","meta":{"site-sidebar-layout":"default","site-content-layout":"default","ast-global-header-display":"","ast-main-header-display":"","ast-hfb-above-header-display":"","ast-hfb-below-header-display":"","ast-hfb-mobile-header-display":"","site-post-title":"","ast-breadcrumbs-content":"","ast-featured-img":"","footer-sml-layout":"","theme-transparent-header-meta":"","adv-header-id-meta":"","stick-header-meta":"","header-above-stick-meta":"","header-main-stick-meta":"","header-below-stick-meta":""},"pwb-brand":[24],"product_cat":[275],"product_tag":[],"class_list":{"0":"post-87498","1":"product","2":"type-product","3":"status-publish","5":"pwb-brand-hella","6":"product_cat-oljyn-lampotila-anturi","7":"desktop-align-left","8":"tablet-align-left","9":"mobile-align-left","11":"first","12":"instock","13":"product-type-external"},"brands":[{"id":24,"name":"HELLA","slug":"hella"}],"_links":{"self":[{"href":"https:\/\/www.autonvaraosahaku.fi\/index.php?rest_route=\/wp\/v2\/product\/87498","targetHints":{"allow":["GET"]}}],"collection":[{"href":"https:\/\/www.autonvaraosahaku.fi\/index.php?rest_route=\/wp\/v2\/product"}],"about":[{"href":"https:\/\/www.autonvaraosahaku.fi\/index.php?rest_route=\/wp\/v2\/types\/product"}],"wp:attachment":[{"href":"https:\/\/www.autonvaraosahaku.fi\/index.php?rest_route=%2Fwp%2Fv2%2Fmedia&parent=87498"}],"wp:term":[{"taxonomy":"pwb-brand","embeddable":true,"href":"https:\/\/www.autonvaraosahaku.fi\/index.php?rest_route=%2Fwp%2Fv2%2Fpwb-brand&post=87498"},{"taxonomy":"product_cat","embeddable":true,"href":"https:\/\/www.autonvaraosahaku.fi\/index.php?rest_route=%2Fwp%2Fv2%2Fproduct_cat&post=87498"},{"taxonomy":"product_tag","embeddable":true,"href":"https:\/\/www.autonvaraosahaku.fi\/index.php?rest_route=%2Fwp%2Fv2%2Fproduct_tag&post=87498"}],"curies":[{"name":"wp","href":"https:\/\/api.w.org\/{rel}","templated":true}]}}