{"id":87499,"date":"2021-02-21T20:55:36","date_gmt":"2021-02-21T20:55:36","guid":{"rendered":"https:\/\/www.autonvaraosahaku.fi\/?product=hella-6nm-007-878-541-ajovalon-saatomoottori"},"modified":"2021-02-21T20:55:40","modified_gmt":"2021-02-21T20:55:40","slug":"hella-6nm-007-878-541-ajovalon-saatomoottori","status":"publish","type":"product","link":"https:\/\/www.autonvaraosahaku.fi\/?product=hella-6nm-007-878-541-ajovalon-saatomoottori","title":{"rendered":"HELLA 6NM 007 878-541 Ajovalon s\u00e4\u00e4t\u00f6moottori"},"content":{"rendered":"<p>K\u00e4ytt\u00f6: S\u00e4hk\u00f6inen; Nimellisj\u00e4nnite (V): 12; Valmistusvuosi alkaen: 08\/2000; VW: UP,LOAD UP; AUDI: A3 8L1; SKODA: CITIGO; SEAT: Mii KF1_; 8L0941295A, 8L0941295B, 8L0941295A, 8L0941295B, 8L0941295A, 8L0941295B, 8L0941295A, 8L0941295B; Valojen Korkeudens\u00e4\u00e4t\u00f6,S\u00e4\u00e4t\u00f6elementti, Ajovalojen Korkeudens\u00e4\u00e4t\u00f6<\/p>\n","protected":false},"excerpt":{"rendered":"<p>HELLA Ajovalon S\u00e4\u00e4t\u00f6moottori 6NM 007 878-541 Valojen Korkeudens\u00e4\u00e4t\u00f6,S\u00e4\u00e4t\u00f6elementti, Ajovalojen Korkeudens\u00e4\u00e4t\u00f6 VW,AUDI,SKODA,UP,LOAD UP,A3 8L1,CITIGO<\/p>\n","protected":false},"featured_media":0,"template":"","meta":{"site-sidebar-layout":"default","site-content-layout":"default","ast-global-header-display":"","ast-main-header-display":"","ast-hfb-above-header-display":"","ast-hfb-below-header-display":"","ast-hfb-mobile-header-display":"","site-post-title":"","ast-breadcrumbs-content":"","ast-featured-img":"","footer-sml-layout":"","theme-transparent-header-meta":"","adv-header-id-meta":"","stick-header-meta":"","header-above-stick-meta":"","header-main-stick-meta":"","header-below-stick-meta":""},"pwb-brand":[24],"product_cat":[299],"product_tag":[],"class_list":{"0":"post-87499","1":"product","2":"type-product","3":"status-publish","5":"pwb-brand-hella","6":"product_cat-ajovalon-saatomoottori","7":"desktop-align-left","8":"tablet-align-left","9":"mobile-align-left","11":"first","12":"instock","13":"product-type-external"},"brands":[{"id":24,"name":"HELLA","slug":"hella"}],"_links":{"self":[{"href":"https:\/\/www.autonvaraosahaku.fi\/index.php?rest_route=\/wp\/v2\/product\/87499","targetHints":{"allow":["GET"]}}],"collection":[{"href":"https:\/\/www.autonvaraosahaku.fi\/index.php?rest_route=\/wp\/v2\/product"}],"about":[{"href":"https:\/\/www.autonvaraosahaku.fi\/index.php?rest_route=\/wp\/v2\/types\/product"}],"wp:attachment":[{"href":"https:\/\/www.autonvaraosahaku.fi\/index.php?rest_route=%2Fwp%2Fv2%2Fmedia&parent=87499"}],"wp:term":[{"taxonomy":"pwb-brand","embeddable":true,"href":"https:\/\/www.autonvaraosahaku.fi\/index.php?rest_route=%2Fwp%2Fv2%2Fpwb-brand&post=87499"},{"taxonomy":"product_cat","embeddable":true,"href":"https:\/\/www.autonvaraosahaku.fi\/index.php?rest_route=%2Fwp%2Fv2%2Fproduct_cat&post=87499"},{"taxonomy":"product_tag","embeddable":true,"href":"https:\/\/www.autonvaraosahaku.fi\/index.php?rest_route=%2Fwp%2Fv2%2Fproduct_tag&post=87499"}],"curies":[{"name":"wp","href":"https:\/\/api.w.org\/{rel}","templated":true}]}}