{"id":87503,"date":"2021-02-21T20:55:36","date_gmt":"2021-02-21T20:55:36","guid":{"rendered":"https:\/\/www.autonvaraosahaku.fi\/?product=hella-2va-965-303-071-takavalot"},"modified":"2021-02-21T20:55:41","modified_gmt":"2021-02-21T20:55:41","slug":"hella-2va-965-303-071-takavalot","status":"publish","type":"product","link":"https:\/\/www.autonvaraosahaku.fi\/?product=hella-2va-965-303-071-takavalot","title":{"rendered":"HELLA 2VA 965 303-071 Takavalot"},"content":{"rendered":"<p>Asennuspuoli: Vasen; Korvaava tuote\/korvaava tiedote 2: polttimoilla; Lis\u00e4tarvike\/lis\u00e4tieto: Lampun kannalla; Lyhdyn muoto: Hehkulankatekniikka; Tarkistuskilpi: E1 1872, ECE; Nimellisj\u00e4nnite (V): 12; Lyhtytoimintojen m\u00e4\u00e4r\u00e4: 5; Lamppumalli: P21\/4W, P21W, PY21W, R5W; Valotoiminto: vilkkuvalolla, jarruvalolla, Sumutakavalolla, heijastimella, Takavalolla; Lasin v\u00e4ri: Lasinkirkas, Punainen; Vasen \/ oikea liikenne: Ohjaus vasemmalla; Vasen \/ oikea liikenne: Oikeanpuoleiselle liikenteelle; parilliset tuotenumerot: 2VP 965 303-081; Valmistusvuosi alkaen: 04\/2005; VW: POLO 9N_; 6Q6945095AB, 6Q6945095M; Takavalo<\/p>\n","protected":false},"excerpt":{"rendered":"<p>HELLA Takavalot 2VA 965 303-071 Takavalo VW,POLO 9N_<\/p>\n","protected":false},"featured_media":0,"template":"","meta":{"site-sidebar-layout":"default","site-content-layout":"default","ast-global-header-display":"","ast-main-header-display":"","ast-hfb-above-header-display":"","ast-hfb-below-header-display":"","ast-hfb-mobile-header-display":"","site-post-title":"","ast-breadcrumbs-content":"","ast-featured-img":"","footer-sml-layout":"","theme-transparent-header-meta":"","adv-header-id-meta":"","stick-header-meta":"","header-above-stick-meta":"","header-main-stick-meta":"","header-below-stick-meta":""},"pwb-brand":[24],"product_cat":[159],"product_tag":[],"class_list":{"0":"post-87503","1":"product","2":"type-product","3":"status-publish","5":"pwb-brand-hella","6":"product_cat-takavalot","7":"desktop-align-left","8":"tablet-align-left","9":"mobile-align-left","11":"first","12":"instock","13":"product-type-external"},"brands":[{"id":24,"name":"HELLA","slug":"hella"}],"_links":{"self":[{"href":"https:\/\/www.autonvaraosahaku.fi\/index.php?rest_route=\/wp\/v2\/product\/87503","targetHints":{"allow":["GET"]}}],"collection":[{"href":"https:\/\/www.autonvaraosahaku.fi\/index.php?rest_route=\/wp\/v2\/product"}],"about":[{"href":"https:\/\/www.autonvaraosahaku.fi\/index.php?rest_route=\/wp\/v2\/types\/product"}],"wp:attachment":[{"href":"https:\/\/www.autonvaraosahaku.fi\/index.php?rest_route=%2Fwp%2Fv2%2Fmedia&parent=87503"}],"wp:term":[{"taxonomy":"pwb-brand","embeddable":true,"href":"https:\/\/www.autonvaraosahaku.fi\/index.php?rest_route=%2Fwp%2Fv2%2Fpwb-brand&post=87503"},{"taxonomy":"product_cat","embeddable":true,"href":"https:\/\/www.autonvaraosahaku.fi\/index.php?rest_route=%2Fwp%2Fv2%2Fproduct_cat&post=87503"},{"taxonomy":"product_tag","embeddable":true,"href":"https:\/\/www.autonvaraosahaku.fi\/index.php?rest_route=%2Fwp%2Fv2%2Fproduct_tag&post=87503"}],"curies":[{"name":"wp","href":"https:\/\/api.w.org\/{rel}","templated":true}]}}