{"id":87504,"date":"2021-02-21T20:55:36","date_gmt":"2021-02-21T20:55:36","guid":{"rendered":"https:\/\/www.autonvaraosahaku.fi\/?product=hella-2st-003-018-061-takavalot"},"modified":"2021-02-21T20:55:41","modified_gmt":"2021-02-21T20:55:41","slug":"hella-2st-003-018-061-takavalot","status":"publish","type":"product","link":"https:\/\/www.autonvaraosahaku.fi\/?product=hella-2st-003-018-061-takavalot","title":{"rendered":"HELLA 2ST 003 018-061 Takavalot"},"content":{"rendered":"<p>Asennusmalli: Pinta-asennus; Asennuspuoli: Vasen, Oikea; Korvaava tuote\/korvaava tiedote 2: ilman polttimoita; Tarkistuskilpi: K 23260\/1; Lyhtytoimintojen m\u00e4\u00e4r\u00e4: 3; Kiinnitysmalli: vaakasuoraan asennukseen; V\u00e4ri: Musta; Lamppumalli: K (10W), K (18W); Valotoiminto: jarruvalolla, kilpivalolla, Takavalolla; 3500909010, 5000909010, A3500909010, A5000909010, X861041060350<\/p>\n","protected":false},"excerpt":{"rendered":"<p>HELLA Takavalo 2ST 003 018-061<\/p>\n","protected":false},"featured_media":0,"template":"","meta":{"site-sidebar-layout":"default","site-content-layout":"default","ast-global-header-display":"","ast-main-header-display":"","ast-hfb-above-header-display":"","ast-hfb-below-header-display":"","ast-hfb-mobile-header-display":"","site-post-title":"","ast-breadcrumbs-content":"","ast-featured-img":"","footer-sml-layout":"","theme-transparent-header-meta":"","adv-header-id-meta":"","stick-header-meta":"","header-above-stick-meta":"","header-main-stick-meta":"","header-below-stick-meta":""},"pwb-brand":[24],"product_cat":[159],"product_tag":[],"class_list":{"0":"post-87504","1":"product","2":"type-product","3":"status-publish","5":"pwb-brand-hella","6":"product_cat-takavalot","7":"desktop-align-left","8":"tablet-align-left","9":"mobile-align-left","11":"first","12":"instock","13":"product-type-external"},"brands":[{"id":24,"name":"HELLA","slug":"hella"}],"_links":{"self":[{"href":"https:\/\/www.autonvaraosahaku.fi\/index.php?rest_route=\/wp\/v2\/product\/87504","targetHints":{"allow":["GET"]}}],"collection":[{"href":"https:\/\/www.autonvaraosahaku.fi\/index.php?rest_route=\/wp\/v2\/product"}],"about":[{"href":"https:\/\/www.autonvaraosahaku.fi\/index.php?rest_route=\/wp\/v2\/types\/product"}],"wp:attachment":[{"href":"https:\/\/www.autonvaraosahaku.fi\/index.php?rest_route=%2Fwp%2Fv2%2Fmedia&parent=87504"}],"wp:term":[{"taxonomy":"pwb-brand","embeddable":true,"href":"https:\/\/www.autonvaraosahaku.fi\/index.php?rest_route=%2Fwp%2Fv2%2Fpwb-brand&post=87504"},{"taxonomy":"product_cat","embeddable":true,"href":"https:\/\/www.autonvaraosahaku.fi\/index.php?rest_route=%2Fwp%2Fv2%2Fproduct_cat&post=87504"},{"taxonomy":"product_tag","embeddable":true,"href":"https:\/\/www.autonvaraosahaku.fi\/index.php?rest_route=%2Fwp%2Fv2%2Fproduct_tag&post=87504"}],"curies":[{"name":"wp","href":"https:\/\/api.w.org\/{rel}","templated":true}]}}