{"id":87535,"date":"2021-02-21T20:55:51","date_gmt":"2021-02-21T20:55:51","guid":{"rendered":"https:\/\/www.autonvaraosahaku.fi\/?product=ate-24-0110-0203-1-jarrulevyt"},"modified":"2021-02-21T20:55:53","modified_gmt":"2021-02-21T20:55:53","slug":"ate-24-0110-0203-1-jarrulevyt","status":"publish","type":"product","link":"https:\/\/www.autonvaraosahaku.fi\/?product=ate-24-0110-0203-1-jarrulevyt","title":{"rendered":"ATE 24.0110-0203.1 Jarrulevyt"},"content":{"rendered":"<p>Ulkol\u00e4pimitta [mm]: 226,0; Jarrulevyn paksuus (mm): 10,0; V\u00e4himm\u00e4ispaksuus (mm): 8,0; Jarrulevytyyppi: Vakiomalli; Pinta: pinnoitettu; Reikien m\u00e4\u00e4r\u00e4: 5; Korvaava tuote\/korvaava tiedote 2: ilman ABS-sensorirengasta; Reik\u00e4ympyr\u00e4-\u00d8 [mm]: 100,0; Korkeus (mm): 71,2; keskitt\u00e4misl\u00e4pimitta [mm]: 39,8; L\u00e4pimitta sis\u00e4\u00e4notto [mm]: 50,2; Sis\u00e4l\u00e4pimitta [mm]: 121,4; Kierremitta: M14x1,5; MAPP-koodi saatavilla: ; Valmistusvuoteen: 10\/1993; VW: GOLF III 1H1,PASSAT Variant 3A5, 35I,PASSAT 3A2, 35I,CORRADO 53I,VENTO 1H2; SEAT: TOLEDO I 1L; 357615601B; Jarrulevy<\/p>\n","protected":false},"excerpt":{"rendered":"<p>ATE Jarrulevyt 24.0110-0203.1 Jarrulevy VW,SEAT,GOLF III 1H1,PASSAT Variant 3A5, 35I,PASSAT 3A2, 35I,CORRADO 53I,VENTO 1H2,TOLEDO I 1L<\/p>\n","protected":false},"featured_media":0,"template":"","meta":{"site-sidebar-layout":"default","site-content-layout":"default","ast-global-header-display":"","ast-main-header-display":"","ast-hfb-above-header-display":"","ast-hfb-below-header-display":"","ast-hfb-mobile-header-display":"","site-post-title":"","ast-breadcrumbs-content":"","ast-featured-img":"","footer-sml-layout":"","theme-transparent-header-meta":"","adv-header-id-meta":"","stick-header-meta":"","header-above-stick-meta":"","header-main-stick-meta":"","header-below-stick-meta":""},"pwb-brand":[108],"product_cat":[66],"product_tag":[],"class_list":{"0":"post-87535","1":"product","2":"type-product","3":"status-publish","5":"pwb-brand-ate","6":"product_cat-jarrulevyt","7":"desktop-align-left","8":"tablet-align-left","9":"mobile-align-left","11":"first","12":"instock","13":"product-type-external"},"brands":[{"id":108,"name":"ATE","slug":"ate"}],"_links":{"self":[{"href":"https:\/\/www.autonvaraosahaku.fi\/index.php?rest_route=\/wp\/v2\/product\/87535","targetHints":{"allow":["GET"]}}],"collection":[{"href":"https:\/\/www.autonvaraosahaku.fi\/index.php?rest_route=\/wp\/v2\/product"}],"about":[{"href":"https:\/\/www.autonvaraosahaku.fi\/index.php?rest_route=\/wp\/v2\/types\/product"}],"wp:attachment":[{"href":"https:\/\/www.autonvaraosahaku.fi\/index.php?rest_route=%2Fwp%2Fv2%2Fmedia&parent=87535"}],"wp:term":[{"taxonomy":"pwb-brand","embeddable":true,"href":"https:\/\/www.autonvaraosahaku.fi\/index.php?rest_route=%2Fwp%2Fv2%2Fpwb-brand&post=87535"},{"taxonomy":"product_cat","embeddable":true,"href":"https:\/\/www.autonvaraosahaku.fi\/index.php?rest_route=%2Fwp%2Fv2%2Fproduct_cat&post=87535"},{"taxonomy":"product_tag","embeddable":true,"href":"https:\/\/www.autonvaraosahaku.fi\/index.php?rest_route=%2Fwp%2Fv2%2Fproduct_tag&post=87535"}],"curies":[{"name":"wp","href":"https:\/\/api.w.org\/{rel}","templated":true}]}}