{"id":87544,"date":"2021-02-21T20:55:51","date_gmt":"2021-02-21T20:55:51","guid":{"rendered":"https:\/\/www.autonvaraosahaku.fi\/?product=kyb-665035-iskunvaimennin"},"modified":"2021-02-21T20:55:57","modified_gmt":"2021-02-21T20:55:57","slug":"kyb-665035-iskunvaimennin","status":"publish","type":"product","link":"https:\/\/www.autonvaraosahaku.fi\/?product=kyb-665035-iskunvaimennin","title":{"rendered":"KYB 665035 Iskunvaimennin"},"content":{"rendered":"<p>Asennuspuoli: Etuakseli; Iskunvaimennin tyyppi: \u00d6ljypaine; Iskunvaimennin malli: Joustintukisarja; Tuotelinja: Premium; Alustarakenne: f\u00fcr Fahrzeuge ohne elektr. D\u00e4mpferregulierung; OPEL: REKORD E 17_-19_, 11_, 14_, 16_,COMMODORE C 14_, 19_,REKORD E Caravan 61_, 66_, 67_; VAUXHALL: CARLTON Mk II Estate; 22008150, 22008151, 22008153, 344102, 344105, 344117, 344118, 344119, 344120, 344121, 344122, 344123, 344124, 344133, 344134, 344163, 344202, 344204, 344212, 344214, 344240, 344253, 344270, 344300, 344313, 61500100272, 61500100277, 72081340, 72081342, 72119021, 90017637, 90017641, 9003105, 9003106, 9003273, 9003274, 90063567, 90063569, 90078218, 90079218, 90079219, 90094543, 90113098, 90113099, 90113100, 90113101, 90113102, 90113103, 90113104, 90113105, 90188068, 90188069, 90189696, 90189697, 90295441, 90372078, 90374457, 90399476, 90443127, 90496890, 90511715, 90511717, 90511730, 90512290, 90541748, 90542132, 9118392, 9118393, 9118394, 9192289, 9192290, 9192406, 9192413, 93293007, SA344101, 90541748, 90542132, 9118393, 9118394, 9192406, 9192413; Iskarit,Iskunvaimennin<\/p>\n","protected":false},"excerpt":{"rendered":"<p>KYB Iskunvaimentimet 665035 Iskarit,Iskunvaimennin OPEL,VAUXHALL,REKORD E 17_-19_, 11_, 14_, 16_,COMMODORE C 14_, 19_,REKORD E Caravan 61_, 66_, 67_<\/p>\n","protected":false},"featured_media":0,"template":"","meta":{"site-sidebar-layout":"default","site-content-layout":"default","ast-global-header-display":"","ast-main-header-display":"","ast-hfb-above-header-display":"","ast-hfb-below-header-display":"","ast-hfb-mobile-header-display":"","site-post-title":"","ast-breadcrumbs-content":"","ast-featured-img":"","footer-sml-layout":"","theme-transparent-header-meta":"","adv-header-id-meta":"","stick-header-meta":"","header-above-stick-meta":"","header-main-stick-meta":"","header-below-stick-meta":""},"pwb-brand":[226],"product_cat":[80],"product_tag":[],"class_list":{"0":"post-87544","1":"product","2":"type-product","3":"status-publish","5":"pwb-brand-kyb","6":"product_cat-iskunvaimennin","7":"desktop-align-left","8":"tablet-align-left","9":"mobile-align-left","11":"first","12":"instock","13":"product-type-external"},"brands":[{"id":226,"name":"KYB","slug":"kyb"}],"_links":{"self":[{"href":"https:\/\/www.autonvaraosahaku.fi\/index.php?rest_route=\/wp\/v2\/product\/87544","targetHints":{"allow":["GET"]}}],"collection":[{"href":"https:\/\/www.autonvaraosahaku.fi\/index.php?rest_route=\/wp\/v2\/product"}],"about":[{"href":"https:\/\/www.autonvaraosahaku.fi\/index.php?rest_route=\/wp\/v2\/types\/product"}],"wp:attachment":[{"href":"https:\/\/www.autonvaraosahaku.fi\/index.php?rest_route=%2Fwp%2Fv2%2Fmedia&parent=87544"}],"wp:term":[{"taxonomy":"pwb-brand","embeddable":true,"href":"https:\/\/www.autonvaraosahaku.fi\/index.php?rest_route=%2Fwp%2Fv2%2Fpwb-brand&post=87544"},{"taxonomy":"product_cat","embeddable":true,"href":"https:\/\/www.autonvaraosahaku.fi\/index.php?rest_route=%2Fwp%2Fv2%2Fproduct_cat&post=87544"},{"taxonomy":"product_tag","embeddable":true,"href":"https:\/\/www.autonvaraosahaku.fi\/index.php?rest_route=%2Fwp%2Fv2%2Fproduct_tag&post=87544"}],"curies":[{"name":"wp","href":"https:\/\/api.w.org\/{rel}","templated":true}]}}