{"id":87552,"date":"2021-02-21T20:55:59","date_gmt":"2021-02-21T20:55:59","guid":{"rendered":"https:\/\/www.autonvaraosahaku.fi\/?product=ate-13-0460-7240-2-jarrupalat"},"modified":"2021-02-21T20:56:00","modified_gmt":"2021-02-21T20:56:00","slug":"ate-13-0460-7240-2-jarrupalat","status":"publish","type":"product","link":"https:\/\/www.autonvaraosahaku.fi\/?product=ate-13-0460-7240-2-jarrupalat","title":{"rendered":"ATE 13.0460-7240.2 Jarrupalat"},"content":{"rendered":"<p>Leveys 1 (mm): 155,0; Korkeus 1 (mm): 73,3; Paksuus 1 [mm]: 18,1; Leveys 2 (mm): 156,2; Korkeus 2 (mm): 74,8; Paksuus 2 [mm]: 17,6; Kulumisenilmaisimen liitos: Sis. kulumisenilmaisimen; Kulumisvaroittimia [pro Achse]: 1; Varoittimen pituus [mm]: 195; Jarruj\u00e4rjestelm\u00e4: ATE; Tarkistuskilpi: E1 90R-01770\/688; MAPP-koodi saatavilla: ; M\u00e4\u00e4r\u00e4yksikk\u00f6: Akselisarja; PR-numerolle: 2E4; VW: TRANSPORTER V Bus 7HB, 7HJ, 7EB, 7EJ, 7EF,MULTIVAN V 7HM, 7HN, 7HF, 7EF, 7EM, 7EN,TRANSPORTER V Kasten 7HA, 7HH, 7EA, 7EH,TRANSPORTER V Pritsche\/Fahrgestell 7JD, 7JE, 7JL, 7JY, 7JZ,,MULTIVAN VI SGF, SGM, SGN,TRANSPORTER VI Bus SGB, SGG, SGJ,TRANSPORTER VI Kasten SGA, SGH,TRANSPORTER VI Pritsche\/Fahrgestell SFD, SFE, SFL, SFZ; Jarrupalasarja,Jarrupala, Levyjarru<\/p>\n","protected":false},"excerpt":{"rendered":"<p>ATE Jarrupalat 13.0460-7240.2 Jarrupalasarja,Jarrupala, Levyjarru VW,TRANSPORTER V Bus 7HB, 7HJ, 7EB, 7EJ, 7EF,MULTIVAN V 7HM, 7HN, 7HF, 7EF, 7EM, 7EN<\/p>\n","protected":false},"featured_media":0,"template":"","meta":{"site-sidebar-layout":"default","site-content-layout":"default","ast-global-header-display":"","ast-main-header-display":"","ast-hfb-above-header-display":"","ast-hfb-below-header-display":"","ast-hfb-mobile-header-display":"","site-post-title":"","ast-breadcrumbs-content":"","ast-featured-img":"","footer-sml-layout":"","theme-transparent-header-meta":"","adv-header-id-meta":"","stick-header-meta":"","header-above-stick-meta":"","header-main-stick-meta":"","header-below-stick-meta":""},"pwb-brand":[108],"product_cat":[100],"product_tag":[],"class_list":{"0":"post-87552","1":"product","2":"type-product","3":"status-publish","5":"pwb-brand-ate","6":"product_cat-jarrupalat","7":"desktop-align-left","8":"tablet-align-left","9":"mobile-align-left","11":"first","12":"instock","13":"product-type-external"},"brands":[{"id":108,"name":"ATE","slug":"ate"}],"_links":{"self":[{"href":"https:\/\/www.autonvaraosahaku.fi\/index.php?rest_route=\/wp\/v2\/product\/87552","targetHints":{"allow":["GET"]}}],"collection":[{"href":"https:\/\/www.autonvaraosahaku.fi\/index.php?rest_route=\/wp\/v2\/product"}],"about":[{"href":"https:\/\/www.autonvaraosahaku.fi\/index.php?rest_route=\/wp\/v2\/types\/product"}],"wp:attachment":[{"href":"https:\/\/www.autonvaraosahaku.fi\/index.php?rest_route=%2Fwp%2Fv2%2Fmedia&parent=87552"}],"wp:term":[{"taxonomy":"pwb-brand","embeddable":true,"href":"https:\/\/www.autonvaraosahaku.fi\/index.php?rest_route=%2Fwp%2Fv2%2Fpwb-brand&post=87552"},{"taxonomy":"product_cat","embeddable":true,"href":"https:\/\/www.autonvaraosahaku.fi\/index.php?rest_route=%2Fwp%2Fv2%2Fproduct_cat&post=87552"},{"taxonomy":"product_tag","embeddable":true,"href":"https:\/\/www.autonvaraosahaku.fi\/index.php?rest_route=%2Fwp%2Fv2%2Fproduct_tag&post=87552"}],"curies":[{"name":"wp","href":"https:\/\/api.w.org\/{rel}","templated":true}]}}