{"id":87571,"date":"2021-02-21T20:56:07","date_gmt":"2021-02-21T20:56:07","guid":{"rendered":"https:\/\/www.autonvaraosahaku.fi\/?product=kyb-rx5558-jouset"},"modified":"2021-02-21T20:56:08","modified_gmt":"2021-02-21T20:56:08","slug":"kyb-rx5558-jouset","status":"publish","type":"product","link":"https:\/\/www.autonvaraosahaku.fi\/?product=kyb-rx5558-jouset","title":{"rendered":"KYB RX5558 Jouset"},"content":{"rendered":"<p>Asennuspuoli: Taka-akseli; Jousimalli: Kierrejousi kiinte\u00e4ll\u00e4 lankal\u00e4pimitalla; Tunnusluku: E; Paino [kg]: 6,56; Paksuus 1 [mm]: 20; Ulkol\u00e4pimitta [mm]: 167; Pituus (mm): 245; Tuotelinja: K-Flex; Alustarakenne: f\u00fcr Fahrzeuge mit Standard Fahrwerk; VW: TRANSPORTER V Bus 7HB, 7HJ, 7EB, 7EJ, 7EF,MULTIVAN V 7HM, 7HN, 7HF, 7EF, 7EM, 7EN,TRANSPORTER V Kasten 7HA, 7HH, 7EA, 7EH,TRANSPORTER V Pritsche\/Fahrgestell 7JD, 7JE, 7JL, 7JY, 7JZ,,MULTIVAN VI SGF, SGM, SGN,TRANSPORTER VI Bus SGB, SGG, SGJ,TRANSPORTER VI Kasten SGA, SGH,TRANSPORTER VI Pritsche\/Fahrgestell SFD, SFE, SFL, SFZ; 7H0511115E, 7H0511115F, 7J0511115B; Kierrejousi<\/p>\n","protected":false},"excerpt":{"rendered":"<p>KYB Jousi RX5558 Kierrejousi VW,TRANSPORTER V Bus 7HB, 7HJ, 7EB, 7EJ, 7EF,MULTIVAN V 7HM, 7HN, 7HF, 7EF, 7EM, 7EN<\/p>\n","protected":false},"featured_media":0,"template":"","meta":{"site-sidebar-layout":"default","site-content-layout":"default","ast-global-header-display":"","ast-main-header-display":"","ast-hfb-above-header-display":"","ast-hfb-below-header-display":"","ast-hfb-mobile-header-display":"","site-post-title":"","ast-breadcrumbs-content":"","ast-featured-img":"","footer-sml-layout":"","theme-transparent-header-meta":"","adv-header-id-meta":"","stick-header-meta":"","header-above-stick-meta":"","header-main-stick-meta":"","header-below-stick-meta":""},"pwb-brand":[226],"product_cat":[171],"product_tag":[],"class_list":{"0":"post-87571","1":"product","2":"type-product","3":"status-publish","5":"pwb-brand-kyb","6":"product_cat-jouset","7":"desktop-align-left","8":"tablet-align-left","9":"mobile-align-left","11":"first","12":"instock","13":"product-type-external"},"brands":[{"id":226,"name":"KYB","slug":"kyb"}],"_links":{"self":[{"href":"https:\/\/www.autonvaraosahaku.fi\/index.php?rest_route=\/wp\/v2\/product\/87571","targetHints":{"allow":["GET"]}}],"collection":[{"href":"https:\/\/www.autonvaraosahaku.fi\/index.php?rest_route=\/wp\/v2\/product"}],"about":[{"href":"https:\/\/www.autonvaraosahaku.fi\/index.php?rest_route=\/wp\/v2\/types\/product"}],"wp:attachment":[{"href":"https:\/\/www.autonvaraosahaku.fi\/index.php?rest_route=%2Fwp%2Fv2%2Fmedia&parent=87571"}],"wp:term":[{"taxonomy":"pwb-brand","embeddable":true,"href":"https:\/\/www.autonvaraosahaku.fi\/index.php?rest_route=%2Fwp%2Fv2%2Fpwb-brand&post=87571"},{"taxonomy":"product_cat","embeddable":true,"href":"https:\/\/www.autonvaraosahaku.fi\/index.php?rest_route=%2Fwp%2Fv2%2Fproduct_cat&post=87571"},{"taxonomy":"product_tag","embeddable":true,"href":"https:\/\/www.autonvaraosahaku.fi\/index.php?rest_route=%2Fwp%2Fv2%2Fproduct_tag&post=87571"}],"curies":[{"name":"wp","href":"https:\/\/api.w.org\/{rel}","templated":true}]}}