{"id":87616,"date":"2021-02-21T20:56:24","date_gmt":"2021-02-21T20:56:24","guid":{"rendered":"https:\/\/www.autonvaraosahaku.fi\/?product=reinz-81-34798-00-kampiakselin-tiiviste"},"modified":"2021-02-21T20:56:27","modified_gmt":"2021-02-21T20:56:27","slug":"reinz-81-34798-00-kampiakselin-tiiviste","status":"publish","type":"product","link":"https:\/\/www.autonvaraosahaku.fi\/?product=reinz-81-34798-00-kampiakselin-tiiviste","title":{"rendered":"REINZ 81-34798-00 Kampiakselin tiiviste"},"content":{"rendered":"<p>Materiaali: ACM (polyakryyli-kautsu); Sis\u00e4l\u00e4pimitta [mm]: 90; Ulkol\u00e4pimitta [mm]: 111; Leveys (mm): 9,5; Akselitiivisteen malli: A SL; Rihlamalli: Vasen kierre; Asennuspuoli: getriebeseitig; JEEP: CHEROKEE KJ,WRANGLER II TJ,RENEGADE Gel\u00e4ndewagen geschlossen BU; MINI: MINI R50, R53,MINI Cabriolet R52; CHRYSLER: PT CRUISER PT_,VOYAGER IV RG, RS,VOYAGER III GS,SEBRING Cabriolet JR,PT CRUISER Cabriolet,SEBRING JR,VOYAGER II ES,STRATUS JA,NEON PL,SEBRING Coupe JR,CIRRUS; FIAT: 500X,TIPO Schr\u00e4gheck 356_,TIPO Kombi 356_,TIPO Stufenheck 356_; MITSUBISHI: ECLIPSE Cabriolet D5_A; 11111492244, 4621939AB, 55223567, 11111492244; Akselitiiviste, Kampiakseli<\/p>\n","protected":false},"excerpt":{"rendered":"<p>REINZ Kampiakselin Tiiviste 81-34798-00 Akselitiiviste, Kampiakseli JEEP,MINI,CHRYSLER,CHEROKEE KJ,WRANGLER II TJ,RENEGADE Gel\u00e4ndewagen geschlossen BU<\/p>\n","protected":false},"featured_media":0,"template":"","meta":{"site-sidebar-layout":"default","site-content-layout":"default","ast-global-header-display":"","ast-main-header-display":"","ast-hfb-above-header-display":"","ast-hfb-below-header-display":"","ast-hfb-mobile-header-display":"","site-post-title":"","ast-breadcrumbs-content":"","ast-featured-img":"","footer-sml-layout":"","theme-transparent-header-meta":"","adv-header-id-meta":"","stick-header-meta":"","header-above-stick-meta":"","header-main-stick-meta":"","header-below-stick-meta":""},"pwb-brand":[138],"product_cat":[88],"product_tag":[],"class_list":{"0":"post-87616","1":"product","2":"type-product","3":"status-publish","5":"pwb-brand-reinz","6":"product_cat-kampiakselin-tiiviste","7":"desktop-align-left","8":"tablet-align-left","9":"mobile-align-left","11":"first","12":"instock","13":"product-type-external"},"brands":[{"id":138,"name":"REINZ","slug":"reinz"}],"_links":{"self":[{"href":"https:\/\/www.autonvaraosahaku.fi\/index.php?rest_route=\/wp\/v2\/product\/87616","targetHints":{"allow":["GET"]}}],"collection":[{"href":"https:\/\/www.autonvaraosahaku.fi\/index.php?rest_route=\/wp\/v2\/product"}],"about":[{"href":"https:\/\/www.autonvaraosahaku.fi\/index.php?rest_route=\/wp\/v2\/types\/product"}],"wp:attachment":[{"href":"https:\/\/www.autonvaraosahaku.fi\/index.php?rest_route=%2Fwp%2Fv2%2Fmedia&parent=87616"}],"wp:term":[{"taxonomy":"pwb-brand","embeddable":true,"href":"https:\/\/www.autonvaraosahaku.fi\/index.php?rest_route=%2Fwp%2Fv2%2Fpwb-brand&post=87616"},{"taxonomy":"product_cat","embeddable":true,"href":"https:\/\/www.autonvaraosahaku.fi\/index.php?rest_route=%2Fwp%2Fv2%2Fproduct_cat&post=87616"},{"taxonomy":"product_tag","embeddable":true,"href":"https:\/\/www.autonvaraosahaku.fi\/index.php?rest_route=%2Fwp%2Fv2%2Fproduct_tag&post=87616"}],"curies":[{"name":"wp","href":"https:\/\/api.w.org\/{rel}","templated":true}]}}