{"id":87617,"date":"2021-02-21T20:56:24","date_gmt":"2021-02-21T20:56:24","guid":{"rendered":"https:\/\/www.autonvaraosahaku.fi\/?product=elring-034-560-kampiakselin-tiiviste"},"modified":"2021-02-21T20:56:27","modified_gmt":"2021-02-21T20:56:27","slug":"elring-034-560-kampiakselin-tiiviste","status":"publish","type":"product","link":"https:\/\/www.autonvaraosahaku.fi\/?product=elring-034-560-kampiakselin-tiiviste","title":{"rendered":"ELRING 034.560 Kampiakselin tiiviste"},"content":{"rendered":"<p>Sis\u00e4l\u00e4pimitta [mm]: 85; Ulkol\u00e4pimitta [mm]: 103; Korkeus (mm): 8; Akselitiivisteen malli: AS; Rihlamalli: Vasen kierre; Materiaali: FPM (fluori-kumi); Suojavaippa: Suojakumilla; Asennuspuoli: getriebeseitig; JEEP: COMPASS MK49,PATRIOT MK74,RENEGADE Gel\u00e4ndewagen geschlossen BU,CHEROKEE KL,COMPASS; KIA: SORENTO I JC,SPORTAGE SL,SORENTO II XM,CARENS III UN,MAGENTIS GD,MAGENTIS MG,OPTIMA,SPORTAGE QL,CERATO II Stufenheck TD,SORENTO III,SOUL II PS,OPTIMA Sportswagon,CERATO YD Stufenheck,CERATO KOUP TD,CADENZA; HYUNDAI: ix35 LM, EL, ELH,TUCSON JM,SANTA F\u00c9 I SM,SANTA F\u00c9 II CM,H-1 Travel TQ,TRAJET FO,SONATA V NF,SANTA F\u00c9 III DM,SONATA IV EF,GENESIS Coupe,H-1 Kasten,H-1 Cargo TQ,H-1 \/ STAREX,GRANDEUR TG,LANTRA II Wagon J-2,GRAND SANTA F\u00c9,LANTRA II J-2,SANTAMO,TUCSON,HIGHWAY VAN,SONATA VI YF,i30 PDE,GRANDEUR HG,i30 FASTBACK PDE; VOLVO: V40 Kombi VW,S40 I VS; CHRYSLER: SEBRING JS,SEBRING Cabriolet JS; LANCIA: FLAVIA Cabriolet JS; FIAT: FREEMONT JF_,500X,FULLBACK Pick-up 502_, 503_; CITRO\u00cbN: C-CROSSER EP_,C4 AIRCROSS,C-CROSSER ENTERPRISE; PEUGEOT: 4007 GP_,4008; MITSUBISHI: SPACE STAR DG_A,ASX GA_W_,OUTLANDER XL II CW_W,CARISMA DA_,OUTLANDER III GG_W, GF_W, ZJ,GRANDIS NA_W,COLT V CJ_, CP_,OUTLANDER I CU_W,LANCER Kombi CS_W,LANCER SPORTBACK CX_A,PAJERO PININ H6_W, H7_W,LANCER Stufenheck CY\/Z_A,CARISMA Stufenheck DA_,GALANT VI Station Wagon EA_,GALANT VI EA_,SPACE WAGON N9_W, N8_W,L 200 K7_T, K6_T,PAJERO II V3_W, V2_W, V4_W,L 200 KB_T, KA_T,LANCER Stufenheck CS_A, CT0,L 300 Bus P0_W, P1_W, P2_W,PAJERO SPORT K90,COLT IV CA_A,ECLIPSE II D3_A,ECLIPSE I D2_A,SPACE RUNNER N6_W,SPACE RUNNER N1_W, N2_W,L 400 \/ SPACE GEAR Bus PD_W, PC_W, PA_V, PB_V,LANCER VI CJ-CP_,LANCER V Station Wagon CB_W, CD_W,GALANT IV E3_A,LANCER V CB\/D_A,L 200 Pritsche\/Fahrgestell KA_T, KB_T,SPACE WAGON N3_W, N4_W,GALANT IV Stufenheck E3_A,LANCER IV C6_A, C7_A,L 300 Kasten P0_W, P1_W,L 200 K3_T, K2_T, K1_T, K0_T,GALANT V Stufenheck E5_A, E7_A, E8_A,GALANT V E5_A, E7_A, E8_A,L 200 Pritsche\/Fahrgestell K6_T, K7_T,ECLIPSE III D5_A,ECLIPSE Cabriolet D5_A,L 400 Kasten PD_W, PC,Canter (FE3, FE4) 5.Generation,Canter (FE5, FE6) 6.Generation; SMD359158, 012751, K05047167AA, 2144325000, 214432G000, MD150161, MD174940, MD359158, 012751, 30574034, 30875591; Akselitiiviste, Kampiakseli<\/p>\n","protected":false},"excerpt":{"rendered":"<p>ELRING Kampiakselin Tiiviste 034.560 Akselitiiviste, Kampiakseli JEEP,KIA,HYUNDAI,COMPASS MK49,PATRIOT MK74,RENEGADE Gel\u00e4ndewagen geschlossen BU<\/p>\n","protected":false},"featured_media":0,"template":"","meta":{"site-sidebar-layout":"default","site-content-layout":"default","ast-global-header-display":"","ast-main-header-display":"","ast-hfb-above-header-display":"","ast-hfb-below-header-display":"","ast-hfb-mobile-header-display":"","site-post-title":"","ast-breadcrumbs-content":"","ast-featured-img":"","footer-sml-layout":"","theme-transparent-header-meta":"","adv-header-id-meta":"","stick-header-meta":"","header-above-stick-meta":"","header-main-stick-meta":"","header-below-stick-meta":""},"pwb-brand":[26],"product_cat":[88],"product_tag":[],"class_list":{"0":"post-87617","1":"product","2":"type-product","3":"status-publish","5":"pwb-brand-elring","6":"product_cat-kampiakselin-tiiviste","7":"desktop-align-left","8":"tablet-align-left","9":"mobile-align-left","11":"first","12":"instock","13":"product-type-external"},"brands":[{"id":26,"name":"ELRING","slug":"elring"}],"_links":{"self":[{"href":"https:\/\/www.autonvaraosahaku.fi\/index.php?rest_route=\/wp\/v2\/product\/87617","targetHints":{"allow":["GET"]}}],"collection":[{"href":"https:\/\/www.autonvaraosahaku.fi\/index.php?rest_route=\/wp\/v2\/product"}],"about":[{"href":"https:\/\/www.autonvaraosahaku.fi\/index.php?rest_route=\/wp\/v2\/types\/product"}],"wp:attachment":[{"href":"https:\/\/www.autonvaraosahaku.fi\/index.php?rest_route=%2Fwp%2Fv2%2Fmedia&parent=87617"}],"wp:term":[{"taxonomy":"pwb-brand","embeddable":true,"href":"https:\/\/www.autonvaraosahaku.fi\/index.php?rest_route=%2Fwp%2Fv2%2Fpwb-brand&post=87617"},{"taxonomy":"product_cat","embeddable":true,"href":"https:\/\/www.autonvaraosahaku.fi\/index.php?rest_route=%2Fwp%2Fv2%2Fproduct_cat&post=87617"},{"taxonomy":"product_tag","embeddable":true,"href":"https:\/\/www.autonvaraosahaku.fi\/index.php?rest_route=%2Fwp%2Fv2%2Fproduct_tag&post=87617"}],"curies":[{"name":"wp","href":"https:\/\/api.w.org\/{rel}","templated":true}]}}