{"id":87622,"date":"2021-02-21T20:56:24","date_gmt":"2021-02-21T20:56:24","guid":{"rendered":"https:\/\/www.autonvaraosahaku.fi\/?product=elring-508-470-kampiakselin-tiiviste"},"modified":"2021-02-21T20:56:29","modified_gmt":"2021-02-21T20:56:29","slug":"elring-508-470-kampiakselin-tiiviste","status":"publish","type":"product","link":"https:\/\/www.autonvaraosahaku.fi\/?product=elring-508-470-kampiakselin-tiiviste","title":{"rendered":"ELRING 508.470 Kampiakselin tiiviste"},"content":{"rendered":"<p>Sis\u00e4l\u00e4pimitta [mm]: 50; Ulkol\u00e4pimitta [mm]: 68; Korkeus (mm): 8; Akselitiivisteen malli: ASW; Rihlamalli: Oikea kierre; Materiaali: FPM (fluori-kumi)\/APM (polyakryyli-kumi); Suojavaippa: Suojakumilla; Asennuspuoli: stirnseitig; CHEVROLET: BLAZER S10,COLORADO,COLORADO Crew Cab Pickup,N; JEEP: CHEROKEE XJ,CJ5 &#8211; CJ8,COMANCHE MJ; KIA: CARNIVAL II GQ,CARNIVAL \/ GRAND CARNIVAL III VQ,CARNIVAL I UP,K2900,BONGO Pritsche\/Fahrgestell; HYUNDAI: TERRACAN HP; VOLVO: V40 Kombi VW,S40 I VS,480 E,440 K 445,460 L 464,340-360 343, 345,340-360 Stufenheck 344; OPEL: FRONTERA A Sport 5_SUD2,FRONTERA A 5_MWL4,CAMPO TF_,MONTEREY A UBS_,MONTEREY B; TOYOTA: LAND CRUISER KDJ12_, GRJ12_,HILUX III Pick-up TGN1_, GGN2_, GGN1_, KUN2_, KUN1_,LAND CRUISER 90 _J9_,LAND CRUISER PZJ7_, KZJ7_, HZJ7_, BJ7_, LJ7_, RJ7_,LAND CRUISER 80 _J8_,LAND CRUISER 150 KDJ15_, GRJ15_,HILUX VI Pick-up _N1_,HILUX III Pritsche\/Fahrgestell KUN1_, TGN3_, TGN2_, TGN1_,,HILUX V Pick-up LN_, KZN1_, VZN1_,4 RUNNER RN10_, VZN13_, VZN10_, RN13_,4 RUNNER KZN18_, VZN18_, RZN18_,HIACE III Wagon LH1_, RZH1_,LAND CRUISER Hardtop _J7_,HIACE IV Kasten TRH2_, KDH2_,HILUX II Pritsche\/Fahrgestell LN6_, LN5_, YN6_, YN5_, VZN1_,HIACE III Kasten YH7_, LH6_, LH7_, LH5_, YH5_, YH6_,HIACE \/ COMMUTER IV TRH2_, KDH2_,DYNA Pritsche\/Fahrgestell KD_, LY_, TRY2_, KDY2_, XZU4_, XZ,FORTUNER Gel\u00e4ndewagen geschlossen TGN6_, KUN6_, GGN6_, TGN5,HILUX Gel\u00e4ndewagen geschlossen RZN1_, LN1_,HILUX Gel\u00e4ndewagen geschlossen ZN13_, LN9_, RN1_, YN8_, LN8,HILUX Pick-up GUN1_; CITRO\u00cbN: CX II,CX I MA,CX II Break,CX I Break MA; PEUGEOT: 505 551A,505 Break 551D; RENAULT: ESPACE III JE0_,MEGANE Scenic JA0\/1_,MEGANE I BA0\/1_,MEGANE I Cabriolet EA0\/1_,LAGUNA I B56_, 556_,CLIO I B\/C57_, 5\/357_,LAGUNA I Grandtour K56_,MEGANE I Classic LA0\/1_,MEGANE I Coach DA0\/1_,ESPACE II J\/S63_,19 II B\/C53_,19 II Cabriolet D53_, 853_,SUPER 5 B\/C40_,RAPID Kasten F40_, G40_,19 I B\/C53_,TRAFIC Kasten TXX,9 L42_,TRAFIC Bus TXW,SAFRANE I B54_,19 II Chamade L53_,ESPACE I J11_,11 B\/C37_,21 Stufenheck L48_,25 B29_,19 I Chamade L53_,MASTER I Kasten T__,TRAFIC Kasten T1, T3, T4,CLIO I Kasten S57_,19 I Cabriolet D53_,TRAFIC Bus T5, T6, T7,18 134_,11 Kasten S37_,SPORT SPIDER EF0_,21 Kombi K48_,18 Variable 135_,30 127_,FUEGO 136_,21 B48_,MASTER I Bus T__,20 127_,19 II Kasten S53_,TRAFIC Pritsche\/Fahrgestell P6,19 I Kasten S53_,MASTER I Pritsche\/Fahrgestell P__,TRAFIC Pritsche\/Fahrgestell PXX,21 Kasten S48_,18 Kasten,EXPRESS Pick-up,SUPER 5 Kasten S40_,RAPID; T1349595, 012711, T1349595, 5096250830, T1349595, M862838, 012711, 7700087195, 7700719274, 7700866877, 7701349595; Akselitiiviste, Kampiakseli<\/p>\n","protected":false},"excerpt":{"rendered":"<p>ELRING Kampiakselin Tiiviste 508.470 Akselitiiviste, Kampiakseli CHEVROLET,JEEP,KIA,BLAZER S10,COLORADO,COLORADO Crew Cab Pickup,N,CHEROKEE XJ<\/p>\n","protected":false},"featured_media":0,"template":"","meta":{"site-sidebar-layout":"default","site-content-layout":"default","ast-global-header-display":"","ast-main-header-display":"","ast-hfb-above-header-display":"","ast-hfb-below-header-display":"","ast-hfb-mobile-header-display":"","site-post-title":"","ast-breadcrumbs-content":"","ast-featured-img":"","footer-sml-layout":"","theme-transparent-header-meta":"","adv-header-id-meta":"","stick-header-meta":"","header-above-stick-meta":"","header-main-stick-meta":"","header-below-stick-meta":""},"pwb-brand":[26],"product_cat":[88],"product_tag":[],"class_list":{"0":"post-87622","1":"product","2":"type-product","3":"status-publish","5":"pwb-brand-elring","6":"product_cat-kampiakselin-tiiviste","7":"desktop-align-left","8":"tablet-align-left","9":"mobile-align-left","11":"first","12":"instock","13":"product-type-external"},"brands":[{"id":26,"name":"ELRING","slug":"elring"}],"_links":{"self":[{"href":"https:\/\/www.autonvaraosahaku.fi\/index.php?rest_route=\/wp\/v2\/product\/87622","targetHints":{"allow":["GET"]}}],"collection":[{"href":"https:\/\/www.autonvaraosahaku.fi\/index.php?rest_route=\/wp\/v2\/product"}],"about":[{"href":"https:\/\/www.autonvaraosahaku.fi\/index.php?rest_route=\/wp\/v2\/types\/product"}],"wp:attachment":[{"href":"https:\/\/www.autonvaraosahaku.fi\/index.php?rest_route=%2Fwp%2Fv2%2Fmedia&parent=87622"}],"wp:term":[{"taxonomy":"pwb-brand","embeddable":true,"href":"https:\/\/www.autonvaraosahaku.fi\/index.php?rest_route=%2Fwp%2Fv2%2Fpwb-brand&post=87622"},{"taxonomy":"product_cat","embeddable":true,"href":"https:\/\/www.autonvaraosahaku.fi\/index.php?rest_route=%2Fwp%2Fv2%2Fproduct_cat&post=87622"},{"taxonomy":"product_tag","embeddable":true,"href":"https:\/\/www.autonvaraosahaku.fi\/index.php?rest_route=%2Fwp%2Fv2%2Fproduct_tag&post=87622"}],"curies":[{"name":"wp","href":"https:\/\/api.w.org\/{rel}","templated":true}]}}