{"id":8763,"date":"2021-02-21T14:03:58","date_gmt":"2021-02-21T14:03:58","guid":{"rendered":"https:\/\/www.autonvaraosahaku.fi\/?product=valeo-578580-pyyhkijansulat"},"modified":"2021-02-21T14:03:59","modified_gmt":"2021-02-21T14:03:59","slug":"valeo-578580-pyyhkijansulat","status":"publish","type":"product","link":"https:\/\/www.autonvaraosahaku.fi\/?product=valeo-578580-pyyhkijansulat","title":{"rendered":"VALEO 578580 Pyyhkij\u00e4nsulat"},"content":{"rendered":"<p>Vasen \/ oikea liikenne: Ohjaus vasemmalla; M\u00e4\u00e4r\u00e4: 1; Pituus (mm): 650; Pituus (tuumaa): 26; Paino [kg]: 0,21; Tuotelinja: HYDROCONNECT; Pyyhkij\u00e4nsulkatyyppi: Rungottomat; Valmistusvuosi alkaen: 12\/2010; MAZDA: 5 CR19,CX-7 ER,5 CW; JEEP: CHEROKEE KL; NISSAN: ALMERA TINO V10,TIIDA Schr\u00e4gheck,LEAF,TIIDA Stufenheck SC11X,QASHQAI J11, J11_,NV400 Kasten,X-TRAIL T32,NV400 Bus,NV400 Pritsche\/Fahrgestell,LEAF ZE1; KIA: CARNIVAL \/ GRAND CARNIVAL III VQ,CARENS IV,SORENTO III; LEXUS: RX GYL1_, GGL15, AGL10,GS GRL1_, GWL1_,RX _L2_; HONDA: CR-V III RE,ACCORD VII CL,CR-V IV RE,ACCORD VII Tourer CM,CIVIC IX FK,CIVIC VIII Stufenheck FD, FA,CIVIC IX Tourer FK,HR-V RU,CIVIC X Schr\u00e4gheck FC_, FK,JAZZ IV GK,CIVIC X Stufenheck FC_; LAND ROVER: DISCOVERY SPORT LC; HYUNDAI: SANTA F\u00c9 III DM,GRAND SANTA F\u00c9,TUCSON; INFINITI: Q50; SUZUKI: SX4 S-Cross; 1611345680, 6423L0, 6426ZE, 1729847, 1611345680, 1611348080, 6423F4, 6423L0, 6423L4, 6426V5; Tuulilasinpyyhkimet,Pyyhkij\u00e4t,Pyyhkij\u00e4nsulka<\/p>\n","protected":false},"excerpt":{"rendered":"<p>VALEO Pyyhkij\u00e4nsulat 578580 Tuulilasinpyyhkimet,Pyyhkij\u00e4t MAZDA,JEEP,NISSAN,5 CR19,CX-7 ER,5 CW,CHEROKEE KL,ALMERA TINO V10,TIIDA Schr\u00e4gheck,LEAF<\/p>\n","protected":false},"featured_media":0,"template":"","meta":{"site-sidebar-layout":"default","site-content-layout":"default","ast-global-header-display":"","ast-main-header-display":"","ast-hfb-above-header-display":"","ast-hfb-below-header-display":"","ast-hfb-mobile-header-display":"","site-post-title":"","ast-breadcrumbs-content":"","ast-featured-img":"","footer-sml-layout":"","theme-transparent-header-meta":"","adv-header-id-meta":"","stick-header-meta":"","header-above-stick-meta":"","header-main-stick-meta":"","header-below-stick-meta":""},"pwb-brand":[28],"product_cat":[33],"product_tag":[],"class_list":{"0":"post-8763","1":"product","2":"type-product","3":"status-publish","5":"pwb-brand-valeo","6":"product_cat-pyyhkijansulat","7":"desktop-align-left","8":"tablet-align-left","9":"mobile-align-left","11":"first","12":"instock","13":"product-type-external"},"brands":[{"id":28,"name":"VALEO","slug":"valeo"}],"_links":{"self":[{"href":"https:\/\/www.autonvaraosahaku.fi\/index.php?rest_route=\/wp\/v2\/product\/8763","targetHints":{"allow":["GET"]}}],"collection":[{"href":"https:\/\/www.autonvaraosahaku.fi\/index.php?rest_route=\/wp\/v2\/product"}],"about":[{"href":"https:\/\/www.autonvaraosahaku.fi\/index.php?rest_route=\/wp\/v2\/types\/product"}],"wp:attachment":[{"href":"https:\/\/www.autonvaraosahaku.fi\/index.php?rest_route=%2Fwp%2Fv2%2Fmedia&parent=8763"}],"wp:term":[{"taxonomy":"pwb-brand","embeddable":true,"href":"https:\/\/www.autonvaraosahaku.fi\/index.php?rest_route=%2Fwp%2Fv2%2Fpwb-brand&post=8763"},{"taxonomy":"product_cat","embeddable":true,"href":"https:\/\/www.autonvaraosahaku.fi\/index.php?rest_route=%2Fwp%2Fv2%2Fproduct_cat&post=8763"},{"taxonomy":"product_tag","embeddable":true,"href":"https:\/\/www.autonvaraosahaku.fi\/index.php?rest_route=%2Fwp%2Fv2%2Fproduct_tag&post=8763"}],"curies":[{"name":"wp","href":"https:\/\/api.w.org\/{rel}","templated":true}]}}