{"id":87635,"date":"2021-02-21T20:56:32","date_gmt":"2021-02-21T20:56:32","guid":{"rendered":"https:\/\/www.autonvaraosahaku.fi\/?product=abe-c3p002abe-jarrulevyt"},"modified":"2021-02-21T20:56:34","modified_gmt":"2021-02-21T20:56:34","slug":"abe-c3p002abe-jarrulevyt","status":"publish","type":"product","link":"https:\/\/www.autonvaraosahaku.fi\/?product=abe-c3p002abe-jarrulevyt","title":{"rendered":"ABE C3P002ABE Jarrulevyt"},"content":{"rendered":"<p>L\u00e4pimitta [mm]: 247; Jarrulevyn paksuus (mm): 10,0; V\u00e4himm\u00e4ispaksuus (mm): 9; Jarrulevytyyppi: Vakiomalli; Reikien m\u00e4\u00e4r\u00e4: 4; Reik\u00e4ympyr\u00e4-\u00d8 [mm]: 108; Korkeus (mm): 34,2; keskitt\u00e4misl\u00e4pimitta [mm]: 66; Sis\u00e4l\u00e4pimitta [mm]: 133; Reik\u00e4-\u00d8 [mm]: 13; Korvaava tuote\/korvaava tiedote 2: Ruuveilla; Asennuspuoli: Etuakseli; Ulkol\u00e4pimitta [mm]: 247; Valmistusvuoteen: 12\/1989; CITRO\u00cbN: SAXO S0, S1,AX ZA-_,ZX N2,ZX Break N2,C15 VD-_,C15 Kombi,SAXO Hatchback van S3_; PEUGEOT: 206 Schr\u00e4gheck 2A\/C,206 SW 2E\/K,106 II 1,306 Schr\u00e4gheck 7A, 7C, N3, N5,106 I 1A, 1C,205 II 20A\/C,306 7B, N3, N5,205 I Cabriolet 741B, 20D,309 II 3C, 3A,205 I 741A\/C,405 I 15B,405 II 4B,309 I 10C, 10A,405 II Break 4E,405 I Break 15E,205 Kasten; FERRARI: 512 M; 91508338, 95661748, 96070525, 08298514, 424689, 4246A5; Jarrulevy<\/p>\n","protected":false},"excerpt":{"rendered":"<p>ABE Jarrulevyt C3P002ABE Jarrulevy CITRO\u00cbN,PEUGEOT,FERRARI,SAXO S0, S1,AX ZA-_,ZX N2,ZX Break N2,C15 VD-_,C15 Kombi,SAXO Hatchback van S3_<\/p>\n","protected":false},"featured_media":0,"template":"","meta":{"site-sidebar-layout":"default","site-content-layout":"default","ast-global-header-display":"","ast-main-header-display":"","ast-hfb-above-header-display":"","ast-hfb-below-header-display":"","ast-hfb-mobile-header-display":"","site-post-title":"","ast-breadcrumbs-content":"","ast-featured-img":"","footer-sml-layout":"","theme-transparent-header-meta":"","adv-header-id-meta":"","stick-header-meta":"","header-above-stick-meta":"","header-main-stick-meta":"","header-below-stick-meta":""},"pwb-brand":[432],"product_cat":[66],"product_tag":[],"class_list":{"0":"post-87635","1":"product","2":"type-product","3":"status-publish","5":"pwb-brand-abe","6":"product_cat-jarrulevyt","7":"desktop-align-left","8":"tablet-align-left","9":"mobile-align-left","11":"first","12":"instock","13":"product-type-external"},"brands":[{"id":432,"name":"ABE","slug":"abe"}],"_links":{"self":[{"href":"https:\/\/www.autonvaraosahaku.fi\/index.php?rest_route=\/wp\/v2\/product\/87635","targetHints":{"allow":["GET"]}}],"collection":[{"href":"https:\/\/www.autonvaraosahaku.fi\/index.php?rest_route=\/wp\/v2\/product"}],"about":[{"href":"https:\/\/www.autonvaraosahaku.fi\/index.php?rest_route=\/wp\/v2\/types\/product"}],"wp:attachment":[{"href":"https:\/\/www.autonvaraosahaku.fi\/index.php?rest_route=%2Fwp%2Fv2%2Fmedia&parent=87635"}],"wp:term":[{"taxonomy":"pwb-brand","embeddable":true,"href":"https:\/\/www.autonvaraosahaku.fi\/index.php?rest_route=%2Fwp%2Fv2%2Fpwb-brand&post=87635"},{"taxonomy":"product_cat","embeddable":true,"href":"https:\/\/www.autonvaraosahaku.fi\/index.php?rest_route=%2Fwp%2Fv2%2Fproduct_cat&post=87635"},{"taxonomy":"product_tag","embeddable":true,"href":"https:\/\/www.autonvaraosahaku.fi\/index.php?rest_route=%2Fwp%2Fv2%2Fproduct_tag&post=87635"}],"curies":[{"name":"wp","href":"https:\/\/api.w.org\/{rel}","templated":true}]}}