{"id":87645,"date":"2021-02-21T20:56:32","date_gmt":"2021-02-21T20:56:32","guid":{"rendered":"https:\/\/www.autonvaraosahaku.fi\/?product=mapco-4330-jarrusatula"},"modified":"2021-02-21T20:56:38","modified_gmt":"2021-02-21T20:56:38","slug":"mapco-4330-jarrusatula","status":"publish","type":"product","link":"https:\/\/www.autonvaraosahaku.fi\/?product=mapco-4330-jarrusatula","title":{"rendered":"MAPCO 4330 Jarrusatula"},"content":{"rendered":"<p>Asennuspuoli: Taka-akseli, vasen; L\u00e4pimitta [mm]: 33; Jarrusatulatyyppi: Jarrusatula; Jarruj\u00e4rjestelm\u00e4: ATE; parilliset tuotenumerot: 4331, 4331; Jarru- \/ ajo-ominaisuus: f\u00fcr ABS; CITRO\u00cbN: XSARA N1; PEUGEOT: 406 Break 8E\/F,406 Coupe 8C,406 8B; 4400G9, 4400H8, 4400G9, 4400H8<\/p>\n","protected":false},"excerpt":{"rendered":"<p>MAPCO Jarrusatula 4330  CITRO\u00cbN,PEUGEOT,XSARA N1,406 Break 8E\/F,406 Coupe 8C,406 8B<\/p>\n","protected":false},"featured_media":0,"template":"","meta":{"site-sidebar-layout":"default","site-content-layout":"default","ast-global-header-display":"","ast-main-header-display":"","ast-hfb-above-header-display":"","ast-hfb-below-header-display":"","ast-hfb-mobile-header-display":"","site-post-title":"","ast-breadcrumbs-content":"","ast-featured-img":"","footer-sml-layout":"","theme-transparent-header-meta":"","adv-header-id-meta":"","stick-header-meta":"","header-above-stick-meta":"","header-main-stick-meta":"","header-below-stick-meta":""},"pwb-brand":[36],"product_cat":[177],"product_tag":[],"class_list":{"0":"post-87645","1":"product","2":"type-product","3":"status-publish","5":"pwb-brand-mapco","6":"product_cat-jarrusatula","7":"desktop-align-left","8":"tablet-align-left","9":"mobile-align-left","11":"first","12":"instock","13":"product-type-external"},"brands":[{"id":36,"name":"MAPCO","slug":"mapco"}],"_links":{"self":[{"href":"https:\/\/www.autonvaraosahaku.fi\/index.php?rest_route=\/wp\/v2\/product\/87645","targetHints":{"allow":["GET"]}}],"collection":[{"href":"https:\/\/www.autonvaraosahaku.fi\/index.php?rest_route=\/wp\/v2\/product"}],"about":[{"href":"https:\/\/www.autonvaraosahaku.fi\/index.php?rest_route=\/wp\/v2\/types\/product"}],"wp:attachment":[{"href":"https:\/\/www.autonvaraosahaku.fi\/index.php?rest_route=%2Fwp%2Fv2%2Fmedia&parent=87645"}],"wp:term":[{"taxonomy":"pwb-brand","embeddable":true,"href":"https:\/\/www.autonvaraosahaku.fi\/index.php?rest_route=%2Fwp%2Fv2%2Fpwb-brand&post=87645"},{"taxonomy":"product_cat","embeddable":true,"href":"https:\/\/www.autonvaraosahaku.fi\/index.php?rest_route=%2Fwp%2Fv2%2Fproduct_cat&post=87645"},{"taxonomy":"product_tag","embeddable":true,"href":"https:\/\/www.autonvaraosahaku.fi\/index.php?rest_route=%2Fwp%2Fv2%2Fproduct_tag&post=87645"}],"curies":[{"name":"wp","href":"https:\/\/api.w.org\/{rel}","templated":true}]}}