{"id":87658,"date":"2021-02-21T20:56:40","date_gmt":"2021-02-21T20:56:40","guid":{"rendered":"https:\/\/www.autonvaraosahaku.fi\/?product=beru-zef558-sytytysjohto"},"modified":"2021-02-21T20:56:43","modified_gmt":"2021-02-21T20:56:43","slug":"beru-zef558-sytytysjohto","status":"publish","type":"product","link":"https:\/\/www.autonvaraosahaku.fi\/?product=beru-zef558-sytytysjohto","title":{"rendered":"BERU ZEF558 Sytytysjohto"},"content":{"rendered":"<p>DIN \/ ISO: D; Sytytystulppa: Liit\u00e4nt\u00e4 SAE; Sytytyspuola: Liit\u00e4nt\u00e4 DIN; Virranjakaja: Liit\u00e4nt\u00e4 SAE; Pituus 1 (mm): 347; Pituus 2 (mm): 427; johtojen lukum\u00e4\u00e4r\u00e4: 7; Pituus 3 [mm]: 587; Pituus 4 [mm]: 627; Pituus 5 [mm]: 757; Pituus 6 [mm]: 867; Pituus 7 [mm]: 963; Valmistusvuoteen: 11\/1992; MERCEDES-BENZ: 190 W201,Stufenheck W124,SL R129,SL R107,S-CLASS W126,KOMBI Kombi S124,E-CLASS W124,G-CLASS W463,COUPE C124,E-CLASS Kombi S124,G-CLASS Cabrio W463; Sytytysjohtosarja,Sytytyskaapeli<\/p>\n","protected":false},"excerpt":{"rendered":"<p>BERU Sytytysjohto ZEF558 Sytytysjohtosarja,Sytytyskaapeli MERCEDES-BENZ,190 W201,Stufenheck W124,SL R129,SL R107,S-CLASS W126,KOMBI Kombi S124<\/p>\n","protected":false},"featured_media":0,"template":"","meta":{"site-sidebar-layout":"default","site-content-layout":"default","ast-global-header-display":"","ast-main-header-display":"","ast-hfb-above-header-display":"","ast-hfb-below-header-display":"","ast-hfb-mobile-header-display":"","site-post-title":"","ast-breadcrumbs-content":"","ast-featured-img":"","footer-sml-layout":"","theme-transparent-header-meta":"","adv-header-id-meta":"","stick-header-meta":"","header-above-stick-meta":"","header-main-stick-meta":"","header-below-stick-meta":""},"pwb-brand":[327],"product_cat":[198],"product_tag":[],"class_list":{"0":"post-87658","1":"product","2":"type-product","3":"status-publish","5":"pwb-brand-beru","6":"product_cat-sytytysjohto","7":"desktop-align-left","8":"tablet-align-left","9":"mobile-align-left","11":"first","12":"instock","13":"product-type-external"},"brands":[{"id":327,"name":"BERU","slug":"beru"}],"_links":{"self":[{"href":"https:\/\/www.autonvaraosahaku.fi\/index.php?rest_route=\/wp\/v2\/product\/87658","targetHints":{"allow":["GET"]}}],"collection":[{"href":"https:\/\/www.autonvaraosahaku.fi\/index.php?rest_route=\/wp\/v2\/product"}],"about":[{"href":"https:\/\/www.autonvaraosahaku.fi\/index.php?rest_route=\/wp\/v2\/types\/product"}],"wp:attachment":[{"href":"https:\/\/www.autonvaraosahaku.fi\/index.php?rest_route=%2Fwp%2Fv2%2Fmedia&parent=87658"}],"wp:term":[{"taxonomy":"pwb-brand","embeddable":true,"href":"https:\/\/www.autonvaraosahaku.fi\/index.php?rest_route=%2Fwp%2Fv2%2Fpwb-brand&post=87658"},{"taxonomy":"product_cat","embeddable":true,"href":"https:\/\/www.autonvaraosahaku.fi\/index.php?rest_route=%2Fwp%2Fv2%2Fproduct_cat&post=87658"},{"taxonomy":"product_tag","embeddable":true,"href":"https:\/\/www.autonvaraosahaku.fi\/index.php?rest_route=%2Fwp%2Fv2%2Fproduct_tag&post=87658"}],"curies":[{"name":"wp","href":"https:\/\/api.w.org\/{rel}","templated":true}]}}