{"id":87667,"date":"2021-02-21T20:56:40","date_gmt":"2021-02-21T20:56:40","guid":{"rendered":"https:\/\/www.autonvaraosahaku.fi\/?product=elring-917-559-pakosarjan-tiivisteet"},"modified":"2021-02-21T20:56:46","modified_gmt":"2021-02-21T20:56:46","slug":"elring-917-559-pakosarjan-tiivisteet","status":"publish","type":"product","link":"https:\/\/www.autonvaraosahaku.fi\/?product=elring-917-559-pakosarjan-tiivisteet","title":{"rendered":"ELRING 917.559 Pakosarjan tiivisteet"},"content":{"rendered":"<p>Asennuspuoli: Sylinterikansi; Tarvittava kappalem\u00e4\u00e4r\u00e4: 1; MERCEDES-BENZ: 190 W201,Stufenheck W124,KOMBI Kombi S124,G-CLASS W463,COUPE C124,G-CLASS W460,G-CLASS W461,G-CLASS Cabrio W463; PUCH: G-MODELL W 461,G-MODELL W 463; 1021421580; Tiiviste, Pakosarja<\/p>\n","protected":false},"excerpt":{"rendered":"<p>ELRING Pakosarjan Tiivisteet 917.559 Tiiviste, Pakosarja MERCEDES-BENZ,PUCH,190 W201,Stufenheck W124,KOMBI Kombi S124,G-CLASS W463,COUPE C124<\/p>\n","protected":false},"featured_media":0,"template":"","meta":{"site-sidebar-layout":"default","site-content-layout":"default","ast-global-header-display":"","ast-main-header-display":"","ast-hfb-above-header-display":"","ast-hfb-below-header-display":"","ast-hfb-mobile-header-display":"","site-post-title":"","ast-breadcrumbs-content":"","ast-featured-img":"","footer-sml-layout":"","theme-transparent-header-meta":"","adv-header-id-meta":"","stick-header-meta":"","header-above-stick-meta":"","header-main-stick-meta":"","header-below-stick-meta":""},"pwb-brand":[26],"product_cat":[123],"product_tag":[],"class_list":{"0":"post-87667","1":"product","2":"type-product","3":"status-publish","5":"pwb-brand-elring","6":"product_cat-pakosarjan-tiivisteet","7":"desktop-align-left","8":"tablet-align-left","9":"mobile-align-left","11":"first","12":"instock","13":"product-type-external"},"brands":[{"id":26,"name":"ELRING","slug":"elring"}],"_links":{"self":[{"href":"https:\/\/www.autonvaraosahaku.fi\/index.php?rest_route=\/wp\/v2\/product\/87667","targetHints":{"allow":["GET"]}}],"collection":[{"href":"https:\/\/www.autonvaraosahaku.fi\/index.php?rest_route=\/wp\/v2\/product"}],"about":[{"href":"https:\/\/www.autonvaraosahaku.fi\/index.php?rest_route=\/wp\/v2\/types\/product"}],"wp:attachment":[{"href":"https:\/\/www.autonvaraosahaku.fi\/index.php?rest_route=%2Fwp%2Fv2%2Fmedia&parent=87667"}],"wp:term":[{"taxonomy":"pwb-brand","embeddable":true,"href":"https:\/\/www.autonvaraosahaku.fi\/index.php?rest_route=%2Fwp%2Fv2%2Fpwb-brand&post=87667"},{"taxonomy":"product_cat","embeddable":true,"href":"https:\/\/www.autonvaraosahaku.fi\/index.php?rest_route=%2Fwp%2Fv2%2Fproduct_cat&post=87667"},{"taxonomy":"product_tag","embeddable":true,"href":"https:\/\/www.autonvaraosahaku.fi\/index.php?rest_route=%2Fwp%2Fv2%2Fproduct_tag&post=87667"}],"curies":[{"name":"wp","href":"https:\/\/api.w.org\/{rel}","templated":true}]}}