{"id":87713,"date":"2021-02-21T20:57:04","date_gmt":"2021-02-21T20:57:04","guid":{"rendered":"https:\/\/www.autonvaraosahaku.fi\/?product=pierburg-7-21088-62-0-polttoainepumppu"},"modified":"2021-02-21T20:57:05","modified_gmt":"2021-02-21T20:57:05","slug":"pierburg-7-21088-62-0-polttoainepumppu","status":"publish","type":"product","link":"https:\/\/www.autonvaraosahaku.fi\/?product=pierburg-7-21088-62-0-polttoainepumppu","title":{"rendered":"PIERBURG 7.21088.62.0 Polttoainepumppu"},"content":{"rendered":"<p>K\u00e4ytt\u00f6: S\u00e4hk\u00f6inen; Kokonaispituus [mm]: 101; L\u00e4pimitta 1 [mm]: 8; Paine (bar): 0,24; Paine (psi): 3,48; J\u00e4nnite (V): 12; Teknisten tietojen numero: SI 0058; TECDOC-moottorinumero: 5159; VW: GOLF II 19E, 1G1,GOLF I Cabriolet 155,POLO 86C, 80,POLO Coupe 86C, 80,CORRADO 53I,SCIROCCO 53B,GOLF I 17,JETTA II 19E, 1G2, 165,POLO Kasten 86CF; SEAT: TOLEDO I 1L; MERCEDES-BENZ: C-CLASS W203,C-CLASS T-Model S203,C-CLASS Coupe CL203,SL R230; 0014703194, A0014703194, 191906092A, 191906092C, 191906092G, 191906092M, 357906092C, 533906092N, 533906092P<\/p>\n","protected":false},"excerpt":{"rendered":"<p>PIERBURG Polttoainepumppu 7.21088.62.0  VW,SEAT,MERCEDES-BENZ,GOLF II 19E, 1G1,GOLF I Cabriolet 155,POLO 86C, 80,POLO Coupe 86C, 80,CORRADO 53I<\/p>\n","protected":false},"featured_media":0,"template":"","meta":{"site-sidebar-layout":"default","site-content-layout":"default","ast-global-header-display":"","ast-main-header-display":"","ast-hfb-above-header-display":"","ast-hfb-below-header-display":"","ast-hfb-mobile-header-display":"","site-post-title":"","ast-breadcrumbs-content":"","ast-featured-img":"","footer-sml-layout":"","theme-transparent-header-meta":"","adv-header-id-meta":"","stick-header-meta":"","header-above-stick-meta":"","header-main-stick-meta":"","header-below-stick-meta":""},"pwb-brand":[380],"product_cat":[73],"product_tag":[],"class_list":{"0":"post-87713","1":"product","2":"type-product","3":"status-publish","5":"pwb-brand-pierburg","6":"product_cat-polttoainepumppu","7":"desktop-align-left","8":"tablet-align-left","9":"mobile-align-left","11":"first","12":"instock","13":"product-type-external"},"brands":[{"id":380,"name":"PIERBURG","slug":"pierburg"}],"_links":{"self":[{"href":"https:\/\/www.autonvaraosahaku.fi\/index.php?rest_route=\/wp\/v2\/product\/87713","targetHints":{"allow":["GET"]}}],"collection":[{"href":"https:\/\/www.autonvaraosahaku.fi\/index.php?rest_route=\/wp\/v2\/product"}],"about":[{"href":"https:\/\/www.autonvaraosahaku.fi\/index.php?rest_route=\/wp\/v2\/types\/product"}],"wp:attachment":[{"href":"https:\/\/www.autonvaraosahaku.fi\/index.php?rest_route=%2Fwp%2Fv2%2Fmedia&parent=87713"}],"wp:term":[{"taxonomy":"pwb-brand","embeddable":true,"href":"https:\/\/www.autonvaraosahaku.fi\/index.php?rest_route=%2Fwp%2Fv2%2Fpwb-brand&post=87713"},{"taxonomy":"product_cat","embeddable":true,"href":"https:\/\/www.autonvaraosahaku.fi\/index.php?rest_route=%2Fwp%2Fv2%2Fproduct_cat&post=87713"},{"taxonomy":"product_tag","embeddable":true,"href":"https:\/\/www.autonvaraosahaku.fi\/index.php?rest_route=%2Fwp%2Fv2%2Fproduct_tag&post=87713"}],"curies":[{"name":"wp","href":"https:\/\/api.w.org\/{rel}","templated":true}]}}