{"id":87717,"date":"2021-02-21T20:57:04","date_gmt":"2021-02-21T20:57:04","guid":{"rendered":"https:\/\/www.autonvaraosahaku.fi\/?product=pierburg-7-01421-01-0-turboahdin"},"modified":"2021-02-21T20:57:06","modified_gmt":"2021-02-21T20:57:06","slug":"pierburg-7-01421-01-0-turboahdin","status":"publish","type":"product","link":"https:\/\/www.autonvaraosahaku.fi\/?product=pierburg-7-01421-01-0-turboahdin","title":{"rendered":"PIERBURG 7.01421.01.0 Turboahdin"},"content":{"rendered":"<p>Venttiilimalli: Magneettiventtiili; K\u00e4ytt\u00f6: S\u00e4hk\u00f6-pneumaattinen; J\u00e4nnite (V): 12; Teknisten tietojen numero: SI 0096; TECDOC-moottorinumero: 18046; OPEL: INSIGNIA Caravan,VECTRA C Caravan,SIGNUM,VECTRA C,VECTRA C GTS,INSIGNIA,INSIGNIA Stufenheck,COMBO Kasten\/Kombi,COMBO Tour,INSIGNIA A Country Tourer G09; VAUXHALL: INSIGNIA Mk I A,VECTRA Mk II C CC,INSIGNIA Mk I A Estate,VECTRA Mk II C Estate,VECTRA Mk II C,INSIGNIA Mk I A Sedan,SIGNUM,INSIGNIA Mk I A Country Tourer G09,COMBO TOUR Mk II C F25,COMBO Mk II C Kasten\/Kombi F25; 55354529, 55563532, 5851609, 851081, 55354529, 55563532, 5851609, 851081; Paineenmuuntaja, Turboahdin<\/p>\n","protected":false},"excerpt":{"rendered":"<p>PIERBURG Painemuunnin 7.01421.01.0 Paineenmuuntaja, Turboahdin OPEL,VAUXHALL,INSIGNIA Caravan,VECTRA C Caravan,SIGNUM,VECTRA C,VECTRA C GTS,INSIGNIA<\/p>\n","protected":false},"featured_media":0,"template":"","meta":{"site-sidebar-layout":"default","site-content-layout":"default","ast-global-header-display":"","ast-main-header-display":"","ast-hfb-above-header-display":"","ast-hfb-below-header-display":"","ast-hfb-mobile-header-display":"","site-post-title":"","ast-breadcrumbs-content":"","ast-featured-img":"","footer-sml-layout":"","theme-transparent-header-meta":"","adv-header-id-meta":"","stick-header-meta":"","header-above-stick-meta":"","header-main-stick-meta":"","header-below-stick-meta":""},"pwb-brand":[380],"product_cat":[250],"product_tag":[],"class_list":{"0":"post-87717","1":"product","2":"type-product","3":"status-publish","5":"pwb-brand-pierburg","6":"product_cat-turboahdin","7":"desktop-align-left","8":"tablet-align-left","9":"mobile-align-left","11":"first","12":"instock","13":"product-type-external"},"brands":[{"id":380,"name":"PIERBURG","slug":"pierburg"}],"_links":{"self":[{"href":"https:\/\/www.autonvaraosahaku.fi\/index.php?rest_route=\/wp\/v2\/product\/87717","targetHints":{"allow":["GET"]}}],"collection":[{"href":"https:\/\/www.autonvaraosahaku.fi\/index.php?rest_route=\/wp\/v2\/product"}],"about":[{"href":"https:\/\/www.autonvaraosahaku.fi\/index.php?rest_route=\/wp\/v2\/types\/product"}],"wp:attachment":[{"href":"https:\/\/www.autonvaraosahaku.fi\/index.php?rest_route=%2Fwp%2Fv2%2Fmedia&parent=87717"}],"wp:term":[{"taxonomy":"pwb-brand","embeddable":true,"href":"https:\/\/www.autonvaraosahaku.fi\/index.php?rest_route=%2Fwp%2Fv2%2Fpwb-brand&post=87717"},{"taxonomy":"product_cat","embeddable":true,"href":"https:\/\/www.autonvaraosahaku.fi\/index.php?rest_route=%2Fwp%2Fv2%2Fproduct_cat&post=87717"},{"taxonomy":"product_tag","embeddable":true,"href":"https:\/\/www.autonvaraosahaku.fi\/index.php?rest_route=%2Fwp%2Fv2%2Fproduct_tag&post=87717"}],"curies":[{"name":"wp","href":"https:\/\/api.w.org\/{rel}","templated":true}]}}