{"id":87767,"date":"2021-02-21T20:57:20","date_gmt":"2021-02-21T20:57:20","guid":{"rendered":"https:\/\/www.autonvaraosahaku.fi\/?product=brembo-s-79-515-jarrukengat"},"modified":"2021-02-21T20:57:26","modified_gmt":"2021-02-21T20:57:26","slug":"brembo-s-79-515-jarrukengat","status":"publish","type":"product","link":"https:\/\/www.autonvaraosahaku.fi\/?product=brembo-s-79-515-jarrukengat","title":{"rendered":"BREMBO S 79 515 Jarrukeng\u00e4t"},"content":{"rendered":"<p>L\u00e4pimitta [mm]: 200; Leveys (mm): 32; Jarruj\u00e4rjestelm\u00e4: Sumitomo; Asennuspuoli: Hinterachse; DAIHATSU: CHARADE III G100, G101, G102,APPLAUSE II A101,APPLAUSE I A101, A111; SUZUKI: SWIFT II Schr\u00e4gheck EA, MA,LIANA Schr\u00e4gheck,LIANA ER,BALENO Kombi EG,BALENO EG,BALENO Schr\u00e4gheck EG,ALTO HA12, HA23,SWIFT Cabriolet SF413,SWIFT II Stufenheck AH, AJ; SUBARU: JUSTY II JMA, MS; TATA (TELCO): INDICA 40_V2; 18030042, 91171399, 0449587707, 0449587707000, 0449587708, 0449587708000, 0449587713, 0449587713000, 284242300108, 449587707, 5220060840, 5221070C00, 5221070C10, 5320069G12, 277942300121, 278000000000, 278E11, 284242300108, 5320060841, 5320060840, 5320060841, 5320060841000, 5320060841A00, 5320060841DOM, 5320060841PPS, 5320069G00, 5320069G00000, 5320069G10, 5320069G11, 5320069G11000, 5320086800PPS, 5321070C00, 5321070C00000, 5321070C10, 5321070C10000; Jarrukenk\u00e4sarja<\/p>\n","protected":false},"excerpt":{"rendered":"<p>BREMBO Jarrukeng\u00e4t S 79 515 Jarrukenk\u00e4sarja DAIHATSU,SUZUKI,SUBARU,CHARADE III G100, G101, G102,APPLAUSE II A101,APPLAUSE I A101, A111<\/p>\n","protected":false},"featured_media":0,"template":"","meta":{"site-sidebar-layout":"default","site-content-layout":"default","ast-global-header-display":"","ast-main-header-display":"","ast-hfb-above-header-display":"","ast-hfb-below-header-display":"","ast-hfb-mobile-header-display":"","site-post-title":"","ast-breadcrumbs-content":"","ast-featured-img":"","footer-sml-layout":"","theme-transparent-header-meta":"","adv-header-id-meta":"","stick-header-meta":"","header-above-stick-meta":"","header-main-stick-meta":"","header-below-stick-meta":""},"pwb-brand":[146],"product_cat":[176],"product_tag":[],"class_list":{"0":"post-87767","1":"product","2":"type-product","3":"status-publish","5":"pwb-brand-brembo","6":"product_cat-jarrukengat","7":"desktop-align-left","8":"tablet-align-left","9":"mobile-align-left","11":"first","12":"instock","13":"product-type-external"},"brands":[{"id":146,"name":"BREMBO","slug":"brembo"}],"_links":{"self":[{"href":"https:\/\/www.autonvaraosahaku.fi\/index.php?rest_route=\/wp\/v2\/product\/87767","targetHints":{"allow":["GET"]}}],"collection":[{"href":"https:\/\/www.autonvaraosahaku.fi\/index.php?rest_route=\/wp\/v2\/product"}],"about":[{"href":"https:\/\/www.autonvaraosahaku.fi\/index.php?rest_route=\/wp\/v2\/types\/product"}],"wp:attachment":[{"href":"https:\/\/www.autonvaraosahaku.fi\/index.php?rest_route=%2Fwp%2Fv2%2Fmedia&parent=87767"}],"wp:term":[{"taxonomy":"pwb-brand","embeddable":true,"href":"https:\/\/www.autonvaraosahaku.fi\/index.php?rest_route=%2Fwp%2Fv2%2Fpwb-brand&post=87767"},{"taxonomy":"product_cat","embeddable":true,"href":"https:\/\/www.autonvaraosahaku.fi\/index.php?rest_route=%2Fwp%2Fv2%2Fproduct_cat&post=87767"},{"taxonomy":"product_tag","embeddable":true,"href":"https:\/\/www.autonvaraosahaku.fi\/index.php?rest_route=%2Fwp%2Fv2%2Fproduct_tag&post=87767"}],"curies":[{"name":"wp","href":"https:\/\/api.w.org\/{rel}","templated":true}]}}