{"id":8777,"date":"2021-02-21T14:03:58","date_gmt":"2021-02-21T14:03:58","guid":{"rendered":"https:\/\/www.autonvaraosahaku.fi\/?product=master-sport-21030-set-ms-alatukivarsi"},"modified":"2021-02-21T14:04:00","modified_gmt":"2021-02-21T14:04:00","slug":"master-sport-21030-set-ms-alatukivarsi","status":"publish","type":"product","link":"https:\/\/www.autonvaraosahaku.fi\/?product=master-sport-21030-set-ms-alatukivarsi","title":{"rendered":"MASTER-SPORT 21030-SET-MS Alatukivarsi"},"content":{"rendered":"<p>Asennuspuoli: Etuakseli, Yl\u00e4puolella, Vasen, Takana; Ohjausmalli: Poikittaistukivarsi; Korvaava tuote\/korvaava tiedote 2: Kumilaakerilla; Lukum\u00e4\u00e4r\u00e4 akselille: 1; parilliset tuotenumerot: 21029-SET-MS; Nettopaino [kg]: 0,63; Bruttopaino [kg]: 0,68; Alustanumeroon: 8H-5-014 475; VW: POLO 9N_,PASSAT Variant 3B6,PASSAT Variant 3B5,PASSAT 3B2,PASSAT 3B3; AUDI: A4 8D2, B5,A4 Avant 8E5, B6,A6 Avant 4B5, C5,A4 Avant 8D5, B5,A4 8E2, B6,A6 4B2, C5,A4 Cabriolet 8H7, B6, 8HE, B7,A8 4D2, 4D8,ALLROAD 4BH, C5; SKODA: SUPERB 3U4; 4D0407509B, 4D0407509D, 4D0407509F, 4D0407509G, 4D0407509H, 4D0407509J, 4D0407509K, 8D0407509C, 8D0407509E, 8E0407509A, 8E0407509A, 4D0407509B, 4D0407509D, 4D0407509F, 4D0407509G, 4D0407509H, 4D0407509J, 4D0407509K, 8D0407509C, 8D0407509E, 8E0407509A; Tukivarsi,Tukivarsi, Py\u00f6r\u00e4ntuenta<\/p>\n","protected":false},"excerpt":{"rendered":"<p>MASTER-SPORT Alatukivarsi 21030-SET-MS Tukivarsi,Tukivarsi, Py\u00f6r\u00e4ntuenta VW,AUDI,SKODA,POLO 9N_,PASSAT Variant 3B6,PASSAT Variant 3B5,PASSAT 3B2<\/p>\n","protected":false},"featured_media":0,"template":"","meta":{"site-sidebar-layout":"default","site-content-layout":"default","ast-global-header-display":"","ast-main-header-display":"","ast-hfb-above-header-display":"","ast-hfb-below-header-display":"","ast-hfb-mobile-header-display":"","site-post-title":"","ast-breadcrumbs-content":"","ast-featured-img":"","footer-sml-layout":"","theme-transparent-header-meta":"","adv-header-id-meta":"","stick-header-meta":"","header-above-stick-meta":"","header-main-stick-meta":"","header-below-stick-meta":""},"pwb-brand":[61],"product_cat":[62],"product_tag":[],"class_list":{"0":"post-8777","1":"product","2":"type-product","3":"status-publish","5":"pwb-brand-master-sport","6":"product_cat-alatukivarsi","7":"desktop-align-left","8":"tablet-align-left","9":"mobile-align-left","11":"first","12":"instock","13":"product-type-external"},"brands":[{"id":61,"name":"MASTER-SPORT","slug":"master-sport"}],"_links":{"self":[{"href":"https:\/\/www.autonvaraosahaku.fi\/index.php?rest_route=\/wp\/v2\/product\/8777","targetHints":{"allow":["GET"]}}],"collection":[{"href":"https:\/\/www.autonvaraosahaku.fi\/index.php?rest_route=\/wp\/v2\/product"}],"about":[{"href":"https:\/\/www.autonvaraosahaku.fi\/index.php?rest_route=\/wp\/v2\/types\/product"}],"wp:attachment":[{"href":"https:\/\/www.autonvaraosahaku.fi\/index.php?rest_route=%2Fwp%2Fv2%2Fmedia&parent=8777"}],"wp:term":[{"taxonomy":"pwb-brand","embeddable":true,"href":"https:\/\/www.autonvaraosahaku.fi\/index.php?rest_route=%2Fwp%2Fv2%2Fpwb-brand&post=8777"},{"taxonomy":"product_cat","embeddable":true,"href":"https:\/\/www.autonvaraosahaku.fi\/index.php?rest_route=%2Fwp%2Fv2%2Fproduct_cat&post=8777"},{"taxonomy":"product_tag","embeddable":true,"href":"https:\/\/www.autonvaraosahaku.fi\/index.php?rest_route=%2Fwp%2Fv2%2Fproduct_tag&post=8777"}],"curies":[{"name":"wp","href":"https:\/\/api.w.org\/{rel}","templated":true}]}}