{"id":87772,"date":"2021-02-21T20:57:28","date_gmt":"2021-02-21T20:57:28","guid":{"rendered":"https:\/\/www.autonvaraosahaku.fi\/?product=vemo-v20-72-0460-abs-anturi"},"modified":"2021-02-21T20:57:29","modified_gmt":"2021-02-21T20:57:29","slug":"vemo-v20-72-0460-abs-anturi","status":"publish","type":"product","link":"https:\/\/www.autonvaraosahaku.fi\/?product=vemo-v20-72-0460-abs-anturi","title":{"rendered":"VEMO V20-72-0460 ABS anturi"},"content":{"rendered":"<p>Asennuspuoli: Edess\u00e4, etuakseli molemminpuoleinen, Vorderachse; Jarru-\/ajodynamiikka: Autoihin, joissa ABS; Nimellisj\u00e4nnite (V): 12; Liittimi\u00e4: 3; Korvaava tuote\/korvaava tiedote 2: Kaapelilla; Pituus (mm): 750; Tarvittava kappalem\u00e4\u00e4r\u00e4: 2; Vastus [Ohm]: 1120; V\u00e4ri: Harmaa; Kaapelinmitta (mm): 660; Tunnistinmalli: Induktiivi anturi, passiivi sensori; Napojen m\u00e4\u00e4r\u00e4: 3; Paino [kg]: 0,081; Pakkausleveys [cm]: 4,9, 3,5; Pakkauskorkeus [mm]: 1,7, 9,2; Pakkaussyvyys [cm]: 9, 70,5; Tuotelinja: Original Quality; BMW: 3 Compact E36,3 E36,3 Coupe E36,Z3 E36,3 Cabriolet E36,3 Touring E36,Z3 Coupe E36; 1163027, 1163188, 1165519, 1181231, 34521163027, 34521163188, 34521165519, 34521181231; ABS Tunnistin,Tunnistin, Kiertonopeus<\/p>\n","protected":false},"excerpt":{"rendered":"<p>VEMO ABS Anturi V20-72-0460 ABS Tunnistin,Tunnistin, Kiertonopeus BMW,3 Compact E36,3 E36,3 Coupe E36,Z3 E36,3 Cabriolet E36,3 Touring E36<\/p>\n","protected":false},"featured_media":0,"template":"","meta":{"site-sidebar-layout":"default","site-content-layout":"default","ast-global-header-display":"","ast-main-header-display":"","ast-hfb-above-header-display":"","ast-hfb-below-header-display":"","ast-hfb-mobile-header-display":"","site-post-title":"","ast-breadcrumbs-content":"","ast-featured-img":"","footer-sml-layout":"","theme-transparent-header-meta":"","adv-header-id-meta":"","stick-header-meta":"","header-above-stick-meta":"","header-main-stick-meta":"","header-below-stick-meta":""},"pwb-brand":[168],"product_cat":[118],"product_tag":[],"class_list":{"0":"post-87772","1":"product","2":"type-product","3":"status-publish","5":"pwb-brand-vemo","6":"product_cat-abs-anturi","7":"desktop-align-left","8":"tablet-align-left","9":"mobile-align-left","11":"first","12":"instock","13":"product-type-external"},"brands":[{"id":168,"name":"VEMO","slug":"vemo"}],"_links":{"self":[{"href":"https:\/\/www.autonvaraosahaku.fi\/index.php?rest_route=\/wp\/v2\/product\/87772","targetHints":{"allow":["GET"]}}],"collection":[{"href":"https:\/\/www.autonvaraosahaku.fi\/index.php?rest_route=\/wp\/v2\/product"}],"about":[{"href":"https:\/\/www.autonvaraosahaku.fi\/index.php?rest_route=\/wp\/v2\/types\/product"}],"wp:attachment":[{"href":"https:\/\/www.autonvaraosahaku.fi\/index.php?rest_route=%2Fwp%2Fv2%2Fmedia&parent=87772"}],"wp:term":[{"taxonomy":"pwb-brand","embeddable":true,"href":"https:\/\/www.autonvaraosahaku.fi\/index.php?rest_route=%2Fwp%2Fv2%2Fpwb-brand&post=87772"},{"taxonomy":"product_cat","embeddable":true,"href":"https:\/\/www.autonvaraosahaku.fi\/index.php?rest_route=%2Fwp%2Fv2%2Fproduct_cat&post=87772"},{"taxonomy":"product_tag","embeddable":true,"href":"https:\/\/www.autonvaraosahaku.fi\/index.php?rest_route=%2Fwp%2Fv2%2Fproduct_tag&post=87772"}],"curies":[{"name":"wp","href":"https:\/\/api.w.org\/{rel}","templated":true}]}}